{"id":67542,"date":"2025-06-24T10:33:46","date_gmt":"2025-06-24T10:33:46","guid":{"rendered":"https:\/\/tehnomag.md\/?post_type=product&#038;p=67542"},"modified":"2025-07-19T08:18:07","modified_gmt":"2025-07-19T08:18:07","slug":"plita-de-masa-zanetti-o-200-wh","status":"publish","type":"product","link":"https:\/\/tehnomag.md\/ru\/catalog\/electrocasnice\/electrocasnice-mari\/aragaze\/aragaz-de-masa\/plite-de-masa-pe-gaz\/plita-de-masa-zanetti-o-200-wh\/","title":{"rendered":"Plita de masa ZANETTI O &#8211; 200 WH"},"content":{"rendered":"<p>U\u0219or de utilizat, nu numai acas\u0103, dar, de asemenea, \u00een natur\u0103, la \u021bar\u0103. Dimensiunile permite transportul \u00een portbagajul unei ma\u0219ini.<\/p>","protected":false},"excerpt":{"rendered":"<p>U\u0219or de utilizat, nu numai acas\u0103, dar, de asemenea, \u00een natur\u0103, la \u021bar\u0103. Dimensiunile permite transportul \u00een portbagajul unei ma\u0219ini.<\/p>","protected":false},"featured_media":67578,"template":"","meta":{"_acf_changed":false},"product_brand":[],"product_cat":[8781],"product_tag":[],"class_list":{"0":"post-67542","1":"product","2":"type-product","3":"status-publish","4":"has-post-thumbnail","6":"product_cat-plite-de-masa-pe-gaz","8":"first","9":"instock","10":"shipping-taxable","11":"purchasable","12":"product-type-simple"},"acf":[],"_links":{"self":[{"href":"https:\/\/tehnomag.md\/ru\/wp-json\/wp\/v2\/product\/67542","targetHints":{"allow":["GET"]}}],"collection":[{"href":"https:\/\/tehnomag.md\/ru\/wp-json\/wp\/v2\/product"}],"about":[{"href":"https:\/\/tehnomag.md\/ru\/wp-json\/wp\/v2\/types\/product"}],"wp:featuredmedia":[{"embeddable":true,"href":"https:\/\/tehnomag.md\/ru\/wp-json\/wp\/v2\/media\/67578"}],"wp:attachment":[{"href":"https:\/\/tehnomag.md\/ru\/wp-json\/wp\/v2\/media?parent=67542"}],"wp:term":[{"taxonomy":"product_brand","embeddable":true,"href":"https:\/\/tehnomag.md\/ru\/wp-json\/wp\/v2\/product_brand?post=67542"},{"taxonomy":"product_cat","embeddable":true,"href":"https:\/\/tehnomag.md\/ru\/wp-json\/wp\/v2\/product_cat?post=67542"},{"taxonomy":"product_tag","embeddable":true,"href":"https:\/\/tehnomag.md\/ru\/wp-json\/wp\/v2\/product_tag?post=67542"}],"curies":[{"name":"wp","href":"https:\/\/api.w.org\/{rel}","templated":true}]}}