{"id":67525,"date":"2025-06-24T10:33:23","date_gmt":"2025-06-24T10:33:23","guid":{"rendered":"https:\/\/tehnomag.md\/?post_type=product&#038;p=67525"},"modified":"2025-07-19T08:18:06","modified_gmt":"2025-07-19T08:18:06","slug":"plita-electrica-de-masa-milano-hp-1125w","status":"publish","type":"product","link":"https:\/\/tehnomag.md\/ru\/catalog\/electrocasnice\/electrocasnice-mari\/aragaze\/aragaz-de-masa\/plite-electrice-de-masa\/plita-electrica-de-masa-milano-hp-1125w\/","title":{"rendered":"Plit\u0103 electric\u0103 de mas\u0103  MILANO HP-1125W"},"content":{"rendered":"<p>Tip aragaz  electric<br \/>\n\u00centrerupatori   rotative<br \/>\nNum\u0103r arz\u0103toare 2<br \/>\nPutere arz\u0103toare 1  1.5 kW<br \/>\nPutere arz\u0103toare 2  1 kW<br \/>\nMaterial arz\u0103toare  font\u0103<br \/>\nDimensiuni arz\u0103tor  185, 155 mm<br \/>\nDimensiuni  91x510x298 mm<br \/>\nGaran\u021bie    12 luni<br \/>\nProduc\u0103tor  Milano<\/p>","protected":false},"excerpt":{"rendered":"<p>Tip aragaz  electric<br \/>\n\u00centrerupatori   rotative<br \/>\nNum\u0103r arz\u0103toare 2<br \/>\nPutere arz\u0103toare 1  1.5 kW<br \/>\nPutere arz\u0103toare 2  1 kW<br \/>\nMaterial arz\u0103toare  font\u0103<br \/>\nDimensiuni arz\u0103tor  185, 155 mm<br \/>\nDimensiuni  91x510x298 mm<br \/>\nGaran\u021bie    12 luni<br \/>\nProduc\u0103tor  Milano<\/p>","protected":false},"featured_media":67574,"template":"","meta":{"_acf_changed":false},"product_brand":[],"product_cat":[8780],"product_tag":[],"class_list":{"0":"post-67525","1":"product","2":"type-product","3":"status-publish","4":"has-post-thumbnail","6":"product_cat-plite-electrice-de-masa","8":"first","9":"instock","10":"shipping-taxable","11":"purchasable","12":"product-type-simple"},"acf":[],"_links":{"self":[{"href":"https:\/\/tehnomag.md\/ru\/wp-json\/wp\/v2\/product\/67525","targetHints":{"allow":["GET"]}}],"collection":[{"href":"https:\/\/tehnomag.md\/ru\/wp-json\/wp\/v2\/product"}],"about":[{"href":"https:\/\/tehnomag.md\/ru\/wp-json\/wp\/v2\/types\/product"}],"wp:featuredmedia":[{"embeddable":true,"href":"https:\/\/tehnomag.md\/ru\/wp-json\/wp\/v2\/media\/67574"}],"wp:attachment":[{"href":"https:\/\/tehnomag.md\/ru\/wp-json\/wp\/v2\/media?parent=67525"}],"wp:term":[{"taxonomy":"product_brand","embeddable":true,"href":"https:\/\/tehnomag.md\/ru\/wp-json\/wp\/v2\/product_brand?post=67525"},{"taxonomy":"product_cat","embeddable":true,"href":"https:\/\/tehnomag.md\/ru\/wp-json\/wp\/v2\/product_cat?post=67525"},{"taxonomy":"product_tag","embeddable":true,"href":"https:\/\/tehnomag.md\/ru\/wp-json\/wp\/v2\/product_tag?post=67525"}],"curies":[{"name":"wp","href":"https:\/\/api.w.org\/{rel}","templated":true}]}}