{"id":67510,"date":"2025-06-24T10:33:01","date_gmt":"2025-06-24T10:33:01","guid":{"rendered":"https:\/\/tehnomag.md\/?post_type=product&#038;p=67510"},"modified":"2025-07-19T08:18:05","modified_gmt":"2025-07-19T08:18:05","slug":"plita-electrica-de-masa-vitek-vt-3703","status":"publish","type":"product","link":"https:\/\/tehnomag.md\/ru\/catalog\/electrocasnice\/electrocasnice-mari\/aragaze\/aragaz-de-masa\/plite-electrice-de-masa\/plita-electrica-de-masa-vitek-vt-3703\/","title":{"rendered":"Plit\u0103 electric\u0103 de mas\u0103  VITEK VT-3703"},"content":{"rendered":"<p>Tip aragaz  electric<br \/>\n\u00centrerupatori   rotative<br \/>\nNum\u0103r arz\u0103toare 1<br \/>\nPutere arz\u0103toare 1  1.5 kW<br \/>\nDimensiuni arz\u0103tor  \u00d8185 mm<br \/>\nDimensiuni  88x292x257 mm<br \/>\nCuloare negru<br \/>\nGaran\u021bie    24 luni<br \/>\nProduc\u0103tor  Vitek<\/p>","protected":false},"excerpt":{"rendered":"<p>Tip aragaz  electric<br \/>\n\u00centrerupatori   rotative<br \/>\nNum\u0103r arz\u0103toare 1<br \/>\nPutere arz\u0103toare 1  1.5 kW<br \/>\nDimensiuni arz\u0103tor  \u00d8185 mm<br \/>\nDimensiuni  88x292x257 mm<br \/>\nCuloare negru<br \/>\nGaran\u021bie    24 luni<br \/>\nProduc\u0103tor  Vitek<\/p>","protected":false},"featured_media":67565,"template":"","meta":{"_acf_changed":false},"product_brand":[],"product_cat":[8780],"product_tag":[],"class_list":{"0":"post-67510","1":"product","2":"type-product","3":"status-publish","4":"has-post-thumbnail","6":"product_cat-plite-electrice-de-masa","8":"first","9":"instock","10":"shipping-taxable","11":"purchasable","12":"product-type-simple"},"acf":[],"_links":{"self":[{"href":"https:\/\/tehnomag.md\/ru\/wp-json\/wp\/v2\/product\/67510","targetHints":{"allow":["GET"]}}],"collection":[{"href":"https:\/\/tehnomag.md\/ru\/wp-json\/wp\/v2\/product"}],"about":[{"href":"https:\/\/tehnomag.md\/ru\/wp-json\/wp\/v2\/types\/product"}],"wp:featuredmedia":[{"embeddable":true,"href":"https:\/\/tehnomag.md\/ru\/wp-json\/wp\/v2\/media\/67565"}],"wp:attachment":[{"href":"https:\/\/tehnomag.md\/ru\/wp-json\/wp\/v2\/media?parent=67510"}],"wp:term":[{"taxonomy":"product_brand","embeddable":true,"href":"https:\/\/tehnomag.md\/ru\/wp-json\/wp\/v2\/product_brand?post=67510"},{"taxonomy":"product_cat","embeddable":true,"href":"https:\/\/tehnomag.md\/ru\/wp-json\/wp\/v2\/product_cat?post=67510"},{"taxonomy":"product_tag","embeddable":true,"href":"https:\/\/tehnomag.md\/ru\/wp-json\/wp\/v2\/product_tag?post=67510"}],"curies":[{"name":"wp","href":"https:\/\/api.w.org\/{rel}","templated":true}]}}