{"id":67015,"date":"2025-06-24T10:17:43","date_gmt":"2025-06-24T10:17:43","guid":{"rendered":"https:\/\/tehnomag.md\/?post_type=product&#038;p=67015"},"modified":"2025-07-19T08:17:37","modified_gmt":"2025-07-19T08:17:37","slug":"hota-kaiser-a-6419-n","status":"publish","type":"product","link":"https:\/\/tehnomag.md\/ru\/catalog\/electrocasnice\/tehnica-incorporabila\/hote\/hote-decorative\/hota-kaiser-a-6419-n\/","title":{"rendered":"Hota KAISER A 6419 N"},"content":{"rendered":"<p>Hota KAISER A 6419 N. Latime 60 cm. Moduri &#8222;hot\u0103&#8221;, &#8222;reciclare&#8221;. Viteze 3. Filtru de carbon activ. Tub telescopic. Capacitatea maxim\u0103 780 metri cubi \/ or\u0103. Performan\u0163\u0103 &#8211; din otel inoxidabil, geam fumuriu. Luminoasa, econom\u0103 \u015fi de lung\u0103 durat\u0103 iluminarea cu halogen. Managment electronic Soft Touch. Indica\u0163ie LED pentru exploatare (str\u0103lucire albastru \u00een jurul butoanelor). Filtre din aluminiu, sunt potrivite pentru spalarea in masina de spalat vase<\/p>","protected":false},"excerpt":{"rendered":"<p>Hota KAISER A 6419 N. Latime 60 cm. Moduri &#8222;hot\u0103&#8221;, &#8222;reciclare&#8221;. Viteze 3. Filtru de carbon activ. Tub telescopic. Capacitatea maxim\u0103 780 metri cubi \/ or\u0103. Performan\u0163\u0103 &#8211; din otel inoxidabil, geam fumuriu. Luminoasa, econom\u0103 \u015fi de lung\u0103 durat\u0103 iluminarea cu halogen. Managment electronic Soft Touch. Indica\u0163ie LED pentru exploatare (str\u0103lucire albastru \u00een jurul butoanelor). Filtre din aluminiu, sunt potrivite pentru spalarea in masina de spalat vase<\/p>","protected":false},"featured_media":67069,"template":"","meta":{"_acf_changed":false},"product_brand":[],"product_cat":[8758],"product_tag":[],"class_list":{"0":"post-67015","1":"product","2":"type-product","3":"status-publish","4":"has-post-thumbnail","6":"product_cat-hote-decorative","8":"first","9":"instock","10":"shipping-taxable","11":"purchasable","12":"product-type-simple"},"acf":[],"_links":{"self":[{"href":"https:\/\/tehnomag.md\/ru\/wp-json\/wp\/v2\/product\/67015","targetHints":{"allow":["GET"]}}],"collection":[{"href":"https:\/\/tehnomag.md\/ru\/wp-json\/wp\/v2\/product"}],"about":[{"href":"https:\/\/tehnomag.md\/ru\/wp-json\/wp\/v2\/types\/product"}],"wp:featuredmedia":[{"embeddable":true,"href":"https:\/\/tehnomag.md\/ru\/wp-json\/wp\/v2\/media\/67069"}],"wp:attachment":[{"href":"https:\/\/tehnomag.md\/ru\/wp-json\/wp\/v2\/media?parent=67015"}],"wp:term":[{"taxonomy":"product_brand","embeddable":true,"href":"https:\/\/tehnomag.md\/ru\/wp-json\/wp\/v2\/product_brand?post=67015"},{"taxonomy":"product_cat","embeddable":true,"href":"https:\/\/tehnomag.md\/ru\/wp-json\/wp\/v2\/product_cat?post=67015"},{"taxonomy":"product_tag","embeddable":true,"href":"https:\/\/tehnomag.md\/ru\/wp-json\/wp\/v2\/product_tag?post=67015"}],"curies":[{"name":"wp","href":"https:\/\/api.w.org\/{rel}","templated":true}]}}