{"id":66762,"date":"2025-06-24T10:16:11","date_gmt":"2025-06-24T10:16:11","guid":{"rendered":"https:\/\/tehnomag.md\/?post_type=product&#038;p=66762"},"modified":"2025-07-19T08:17:23","modified_gmt":"2025-07-19T08:17:23","slug":"ceainic-electric-bosch-twk3a014","status":"publish","type":"product","link":"https:\/\/tehnomag.md\/ru\/catalog\/electrocasnice\/electrocasnice-mici\/tehnica-de-bucatarie\/fierbator-electric-de-apa\/ceainic-electric-bosch-twk3a014\/","title":{"rendered":"Ceainic electric BOSCH TWK3A014"},"content":{"rendered":"<p>Model TWK3A014<br \/>\nMaterial Plastic<br \/>\nPutere, W 2400<br \/>\nVolumul, l. 1,7 l<br \/>\nInforma\u021bii suplimentare<br \/>\nRotirea ceainicului pe suport la 360 de grade<br \/>\nComutator iluminat<br \/>\nOprire automat\u0103 dup\u0103 fierbere<br \/>\nSistem de blocare sigur al capacului: dispozitivul func\u021bioneaz\u0103 numai c\u00e2nd capacul este \u00eenchis<br \/>\nDispozitivul se opre\u0219te automat dac\u0103 deschide\u021bi capacul<br \/>\nTip element de \u00eenc\u0103lzire spiral\u0103 \u00eenchis\u0103<br \/>\nGarantie, luni 12<\/p>","protected":false},"excerpt":{"rendered":"<p>Model TWK3A014<br \/>\nMaterial Plastic<br \/>\nPutere, W 2400<br \/>\nVolumul, l. 1,7 l<br \/>\nInforma\u021bii suplimentare<br \/>\nRotirea ceainicului pe suport la 360 de grade<br \/>\nComutator iluminat<br \/>\nOprire automat\u0103 dup\u0103 fierbere<br \/>\nSistem de blocare sigur al capacului: dispozitivul func\u021bioneaz\u0103 numai c\u00e2nd capacul este \u00eenchis<br \/>\nDispozitivul se opre\u0219te automat dac\u0103 deschide\u021bi capacul<br \/>\nTip element de \u00eenc\u0103lzire spiral\u0103 \u00eenchis\u0103<br \/>\nGarantie, luni 12<\/p>","protected":false},"featured_media":66793,"template":"","meta":{"_acf_changed":false},"product_brand":[],"product_cat":[8742],"product_tag":[],"class_list":{"0":"post-66762","1":"product","2":"type-product","3":"status-publish","4":"has-post-thumbnail","6":"product_cat-fierbator-electric-de-apa","8":"first","9":"instock","10":"shipping-taxable","11":"purchasable","12":"product-type-simple"},"acf":[],"_links":{"self":[{"href":"https:\/\/tehnomag.md\/ru\/wp-json\/wp\/v2\/product\/66762","targetHints":{"allow":["GET"]}}],"collection":[{"href":"https:\/\/tehnomag.md\/ru\/wp-json\/wp\/v2\/product"}],"about":[{"href":"https:\/\/tehnomag.md\/ru\/wp-json\/wp\/v2\/types\/product"}],"wp:featuredmedia":[{"embeddable":true,"href":"https:\/\/tehnomag.md\/ru\/wp-json\/wp\/v2\/media\/66793"}],"wp:attachment":[{"href":"https:\/\/tehnomag.md\/ru\/wp-json\/wp\/v2\/media?parent=66762"}],"wp:term":[{"taxonomy":"product_brand","embeddable":true,"href":"https:\/\/tehnomag.md\/ru\/wp-json\/wp\/v2\/product_brand?post=66762"},{"taxonomy":"product_cat","embeddable":true,"href":"https:\/\/tehnomag.md\/ru\/wp-json\/wp\/v2\/product_cat?post=66762"},{"taxonomy":"product_tag","embeddable":true,"href":"https:\/\/tehnomag.md\/ru\/wp-json\/wp\/v2\/product_tag?post=66762"}],"curies":[{"name":"wp","href":"https:\/\/api.w.org\/{rel}","templated":true}]}}