{"id":66752,"date":"2025-06-24T10:16:10","date_gmt":"2025-06-24T10:16:10","guid":{"rendered":"https:\/\/tehnomag.md\/?post_type=product&#038;p=66752"},"modified":"2025-07-19T08:17:22","modified_gmt":"2025-07-19T08:17:22","slug":"ceainic-electric-laveta-cadou-midea-mk-hj1701dwh","status":"publish","type":"product","link":"https:\/\/tehnomag.md\/ru\/catalog\/electrocasnice\/electrocasnice-mici\/tehnica-de-bucatarie\/fierbator-electric-de-apa\/ceainic-electric-laveta-cadou-midea-mk-hj1701dwh\/","title":{"rendered":"Ceainic electric + laveta CADOU MIDEA MK-HJ1701DWH"},"content":{"rendered":"<p>MK-17G02A2<br \/>\nGarantie pentru consumator, luni. 24<br \/>\nSpecifica\u021bii<br \/>\nTip ceainic<br \/>\nVolum, l 1,7 l<br \/>\nPutere 2200 W<br \/>\nTip element de \u00eenc\u0103lzire Ascuns (disc)<br \/>\nAcoperire element de \u00eenc\u0103lzire O\u021bel inoxidabil<br \/>\nMaterial carcas\u0103 Plastic<br \/>\nLungime cablu 0,75 m<br \/>\nCuloare Transparent\/Negru<br \/>\nParticularit\u0103\u021bi<br \/>\nFiltru Da<br \/>\nRotire 360\u00b0 Da<br \/>\nIndica\u021bie de pornire Da<br \/>\nCompartiment pentru cablul de alimentare Da<br \/>\nIluminarea apei \u00een timpul func\u021bion\u0103rii Da<br \/>\nBlocare pornire f\u0103r\u0103 ap\u0103 Da<\/p>","protected":false},"excerpt":{"rendered":"<p>MK-17G02A2<br \/>\nGarantie pentru consumator, luni. 24<br \/>\nSpecifica\u021bii<br \/>\nTip ceainic<br \/>\nVolum, l 1,7 l<br \/>\nPutere 2200 W<br \/>\nTip element de \u00eenc\u0103lzire Ascuns (disc)<br \/>\nAcoperire element de \u00eenc\u0103lzire O\u021bel inoxidabil<br \/>\nMaterial carcas\u0103 Plastic<br \/>\nLungime cablu 0,75 m<br \/>\nCuloare Transparent\/Negru<br \/>\nParticularit\u0103\u021bi<br \/>\nFiltru Da<br \/>\nRotire 360\u00b0 Da<br \/>\nIndica\u021bie de pornire Da<br \/>\nCompartiment pentru cablul de alimentare Da<br \/>\nIluminarea apei \u00een timpul func\u021bion\u0103rii Da<br \/>\nBlocare pornire f\u0103r\u0103 ap\u0103 Da<\/p>","protected":false},"featured_media":66782,"template":"","meta":{"_acf_changed":false},"product_brand":[],"product_cat":[8742],"product_tag":[],"class_list":{"0":"post-66752","1":"product","2":"type-product","3":"status-publish","4":"has-post-thumbnail","6":"product_cat-fierbator-electric-de-apa","8":"first","9":"instock","10":"shipping-taxable","11":"purchasable","12":"product-type-simple"},"acf":[],"_links":{"self":[{"href":"https:\/\/tehnomag.md\/ru\/wp-json\/wp\/v2\/product\/66752","targetHints":{"allow":["GET"]}}],"collection":[{"href":"https:\/\/tehnomag.md\/ru\/wp-json\/wp\/v2\/product"}],"about":[{"href":"https:\/\/tehnomag.md\/ru\/wp-json\/wp\/v2\/types\/product"}],"wp:featuredmedia":[{"embeddable":true,"href":"https:\/\/tehnomag.md\/ru\/wp-json\/wp\/v2\/media\/66782"}],"wp:attachment":[{"href":"https:\/\/tehnomag.md\/ru\/wp-json\/wp\/v2\/media?parent=66752"}],"wp:term":[{"taxonomy":"product_brand","embeddable":true,"href":"https:\/\/tehnomag.md\/ru\/wp-json\/wp\/v2\/product_brand?post=66752"},{"taxonomy":"product_cat","embeddable":true,"href":"https:\/\/tehnomag.md\/ru\/wp-json\/wp\/v2\/product_cat?post=66752"},{"taxonomy":"product_tag","embeddable":true,"href":"https:\/\/tehnomag.md\/ru\/wp-json\/wp\/v2\/product_tag?post=66752"}],"curies":[{"name":"wp","href":"https:\/\/api.w.org\/{rel}","templated":true}]}}