{"id":66712,"date":"2025-06-24T10:15:52","date_gmt":"2025-06-24T10:15:52","guid":{"rendered":"https:\/\/tehnomag.md\/?post_type=product&#038;p=66712"},"modified":"2025-07-19T08:17:21","modified_gmt":"2025-07-19T08:17:21","slug":"ceainic-electric-vitek-vt-7039","status":"publish","type":"product","link":"https:\/\/tehnomag.md\/ru\/catalog\/electrocasnice\/electrocasnice-mici\/tehnica-de-bucatarie\/fierbator-electric-de-apa\/ceainic-electric-vitek-vt-7039\/","title":{"rendered":"Ceainic electric VITEK  VT-7039"},"content":{"rendered":"<p>Volum   1.7 l<br \/>\nPutere  2200 W<br \/>\nElement de incalzire    ascuns<br \/>\nBaz\u0103 rotativ\u0103 la 360\u00b0   da<br \/>\nIndicator nivel apa da<br \/>\nIndicator functionare   da<br \/>\nOprire automat\u0103 da<br \/>\nProtec\u0163ie fierbere uscat\u0103   da<br \/>\nLoca\u015f pentru cablu  da<br \/>\nCuloare transparent, inox<br \/>\nCarcas\u0103 o\u0163el inoxidabil, sticl\u0103<br \/>\nAltele  Iluminare interior<br \/>\nGaran\u021bie    24 luni<br \/>\nProduc\u0103tor  Vitek<\/p>","protected":false},"excerpt":{"rendered":"<p>Volum   1.7 l<br \/>\nPutere  2200 W<br \/>\nElement de incalzire    ascuns<br \/>\nBaz\u0103 rotativ\u0103 la 360\u00b0   da<br \/>\nIndicator nivel apa da<br \/>\nIndicator functionare   da<br \/>\nOprire automat\u0103 da<br \/>\nProtec\u0163ie fierbere uscat\u0103   da<br \/>\nLoca\u015f pentru cablu  da<br \/>\nCuloare transparent, inox<br \/>\nCarcas\u0103 o\u0163el inoxidabil, sticl\u0103<br \/>\nAltele  Iluminare interior<br \/>\nGaran\u021bie    24 luni<br \/>\nProduc\u0103tor  Vitek<\/p>","protected":false},"featured_media":66747,"template":"","meta":{"_acf_changed":false},"product_brand":[],"product_cat":[8742],"product_tag":[],"class_list":{"0":"post-66712","1":"product","2":"type-product","3":"status-publish","4":"has-post-thumbnail","6":"product_cat-fierbator-electric-de-apa","8":"first","9":"instock","10":"shipping-taxable","11":"purchasable","12":"product-type-simple"},"acf":[],"_links":{"self":[{"href":"https:\/\/tehnomag.md\/ru\/wp-json\/wp\/v2\/product\/66712","targetHints":{"allow":["GET"]}}],"collection":[{"href":"https:\/\/tehnomag.md\/ru\/wp-json\/wp\/v2\/product"}],"about":[{"href":"https:\/\/tehnomag.md\/ru\/wp-json\/wp\/v2\/types\/product"}],"wp:featuredmedia":[{"embeddable":true,"href":"https:\/\/tehnomag.md\/ru\/wp-json\/wp\/v2\/media\/66747"}],"wp:attachment":[{"href":"https:\/\/tehnomag.md\/ru\/wp-json\/wp\/v2\/media?parent=66712"}],"wp:term":[{"taxonomy":"product_brand","embeddable":true,"href":"https:\/\/tehnomag.md\/ru\/wp-json\/wp\/v2\/product_brand?post=66712"},{"taxonomy":"product_cat","embeddable":true,"href":"https:\/\/tehnomag.md\/ru\/wp-json\/wp\/v2\/product_cat?post=66712"},{"taxonomy":"product_tag","embeddable":true,"href":"https:\/\/tehnomag.md\/ru\/wp-json\/wp\/v2\/product_tag?post=66712"}],"curies":[{"name":"wp","href":"https:\/\/api.w.org\/{rel}","templated":true}]}}