{"id":66710,"date":"2025-06-24T10:15:52","date_gmt":"2025-06-24T10:15:52","guid":{"rendered":"https:\/\/tehnomag.md\/?post_type=product&#038;p=66710"},"modified":"2025-07-19T08:17:21","modified_gmt":"2025-07-19T08:17:21","slug":"ceainic-electric-vitek-vt-7031","status":"publish","type":"product","link":"https:\/\/tehnomag.md\/ru\/catalog\/electrocasnice\/electrocasnice-mici\/tehnica-de-bucatarie\/fierbator-electric-de-apa\/ceainic-electric-vitek-vt-7031\/","title":{"rendered":"Ceainic electric VITEK VT-7031"},"content":{"rendered":"<p>Puterea, W:2200<br \/>\nCuloarea:alb<br \/>\nCapacitate, l:1,7<br \/>\nElementul de \u00eenc\u0103lzire:spirala ascuns\u0103<br \/>\nMaterial carcas\u0103:plastic<br \/>\nRotire la 360 grade:Da<br \/>\nFunc\u021bia de \u00eentre\u021binere a temperaturii:Nu<br \/>\nIndicator de func\u0163ionare:Da<br \/>\nIndicator nivelului de ap\u0103:Da<br \/>\nDepozitarea cablului:Da<br \/>\nOprire automat\u0103:Da<br \/>\nProtec\u021bie la aprindere f\u0103r\u0103 ap\u0103:Da<br \/>\nProduc\u0103tor:VITEK<br \/>\nPerioada de garan\u021bie, luni:24<\/p>","protected":false},"excerpt":{"rendered":"<p>Puterea, W:2200<br \/>\nCuloarea:alb<br \/>\nCapacitate, l:1,7<br \/>\nElementul de \u00eenc\u0103lzire:spirala ascuns\u0103<br \/>\nMaterial carcas\u0103:plastic<br \/>\nRotire la 360 grade:Da<br \/>\nFunc\u021bia de \u00eentre\u021binere a temperaturii:Nu<br \/>\nIndicator de func\u0163ionare:Da<br \/>\nIndicator nivelului de ap\u0103:Da<br \/>\nDepozitarea cablului:Da<br \/>\nOprire automat\u0103:Da<br \/>\nProtec\u021bie la aprindere f\u0103r\u0103 ap\u0103:Da<br \/>\nProduc\u0103tor:VITEK<br \/>\nPerioada de garan\u021bie, luni:24<\/p>","protected":false},"featured_media":66745,"template":"","meta":{"_acf_changed":false},"product_brand":[],"product_cat":[8742],"product_tag":[],"class_list":{"0":"post-66710","1":"product","2":"type-product","3":"status-publish","4":"has-post-thumbnail","6":"product_cat-fierbator-electric-de-apa","8":"first","9":"instock","10":"shipping-taxable","11":"purchasable","12":"product-type-simple"},"acf":[],"_links":{"self":[{"href":"https:\/\/tehnomag.md\/ru\/wp-json\/wp\/v2\/product\/66710","targetHints":{"allow":["GET"]}}],"collection":[{"href":"https:\/\/tehnomag.md\/ru\/wp-json\/wp\/v2\/product"}],"about":[{"href":"https:\/\/tehnomag.md\/ru\/wp-json\/wp\/v2\/types\/product"}],"wp:featuredmedia":[{"embeddable":true,"href":"https:\/\/tehnomag.md\/ru\/wp-json\/wp\/v2\/media\/66745"}],"wp:attachment":[{"href":"https:\/\/tehnomag.md\/ru\/wp-json\/wp\/v2\/media?parent=66710"}],"wp:term":[{"taxonomy":"product_brand","embeddable":true,"href":"https:\/\/tehnomag.md\/ru\/wp-json\/wp\/v2\/product_brand?post=66710"},{"taxonomy":"product_cat","embeddable":true,"href":"https:\/\/tehnomag.md\/ru\/wp-json\/wp\/v2\/product_cat?post=66710"},{"taxonomy":"product_tag","embeddable":true,"href":"https:\/\/tehnomag.md\/ru\/wp-json\/wp\/v2\/product_tag?post=66710"}],"curies":[{"name":"wp","href":"https:\/\/api.w.org\/{rel}","templated":true}]}}