{"id":66697,"date":"2025-06-24T10:15:50","date_gmt":"2025-06-24T10:15:50","guid":{"rendered":"https:\/\/tehnomag.md\/?post_type=product&#038;p=66697"},"modified":"2025-07-19T08:17:19","modified_gmt":"2025-07-19T08:17:19","slug":"ferbaror-maestro-mr-034","status":"publish","type":"product","link":"https:\/\/tehnomag.md\/ru\/catalog\/electrocasnice\/electrocasnice-mici\/tehnica-de-bucatarie\/fierbator-electric-de-apa\/ferbaror-maestro-mr-034\/","title":{"rendered":"Ferbaror  MAESTRO Mr-034"},"content":{"rendered":"<p>Marca comercial\u0103: Maestro<br \/>\nDesign ergonomic<br \/>\nVolumul: 1,7 l<br \/>\nFiltru<br \/>\nDezactivarea automat\u0103<br \/>\nIndicator de ap\u0103<br \/>\nProtec\u021bie \u00eempotriva supra\u00eenc\u0103lzirii<br \/>\nElement de \u00eenc\u0103lzire ascuns<br \/>\nAmbian\u021ba de culori ale fondului: gri, violet<br \/>\nNuan\u021ba de culori posibile ale corplui: alb<br \/>\n220-240v, ~50hz, 2000W<\/p>","protected":false},"excerpt":{"rendered":"<p>Marca comercial\u0103: Maestro<br \/>\nDesign ergonomic<br \/>\nVolumul: 1,7 l<br \/>\nFiltru<br \/>\nDezactivarea automat\u0103<br \/>\nIndicator de ap\u0103<br \/>\nProtec\u021bie \u00eempotriva supra\u00eenc\u0103lzirii<br \/>\nElement de \u00eenc\u0103lzire ascuns<br \/>\nAmbian\u021ba de culori ale fondului: gri, violet<br \/>\nNuan\u021ba de culori posibile ale corplui: alb<br \/>\n220-240v, ~50hz, 2000W<\/p>","protected":false},"featured_media":66732,"template":"","meta":{"_acf_changed":false},"product_brand":[],"product_cat":[8742],"product_tag":[],"class_list":{"0":"post-66697","1":"product","2":"type-product","3":"status-publish","4":"has-post-thumbnail","6":"product_cat-fierbator-electric-de-apa","8":"first","9":"instock","10":"shipping-taxable","11":"purchasable","12":"product-type-simple"},"acf":[],"_links":{"self":[{"href":"https:\/\/tehnomag.md\/ru\/wp-json\/wp\/v2\/product\/66697","targetHints":{"allow":["GET"]}}],"collection":[{"href":"https:\/\/tehnomag.md\/ru\/wp-json\/wp\/v2\/product"}],"about":[{"href":"https:\/\/tehnomag.md\/ru\/wp-json\/wp\/v2\/types\/product"}],"wp:featuredmedia":[{"embeddable":true,"href":"https:\/\/tehnomag.md\/ru\/wp-json\/wp\/v2\/media\/66732"}],"wp:attachment":[{"href":"https:\/\/tehnomag.md\/ru\/wp-json\/wp\/v2\/media?parent=66697"}],"wp:term":[{"taxonomy":"product_brand","embeddable":true,"href":"https:\/\/tehnomag.md\/ru\/wp-json\/wp\/v2\/product_brand?post=66697"},{"taxonomy":"product_cat","embeddable":true,"href":"https:\/\/tehnomag.md\/ru\/wp-json\/wp\/v2\/product_cat?post=66697"},{"taxonomy":"product_tag","embeddable":true,"href":"https:\/\/tehnomag.md\/ru\/wp-json\/wp\/v2\/product_tag?post=66697"}],"curies":[{"name":"wp","href":"https:\/\/api.w.org\/{rel}","templated":true}]}}