{"id":66692,"date":"2025-06-24T10:15:50","date_gmt":"2025-06-24T10:15:50","guid":{"rendered":"https:\/\/tehnomag.md\/?post_type=product&#038;p=66692"},"modified":"2025-07-19T08:17:19","modified_gmt":"2025-07-19T08:17:19","slug":"ceainic-electric-vitek-vt-7019","status":"publish","type":"product","link":"https:\/\/tehnomag.md\/ru\/catalog\/electrocasnice\/electrocasnice-mici\/tehnica-de-bucatarie\/fierbator-electric-de-apa\/ceainic-electric-vitek-vt-7019\/","title":{"rendered":"Ceainic electric VITEK VT-7019"},"content":{"rendered":"<p>Putere 2200 W<br \/>\nVolum 1,7 l<br \/>\nMaterial carcasa otel inoxidabil<br \/>\nMetoda de deschidere automat\u0103 a capacului<br \/>\nExist\u0103 un filtru<br \/>\nExist\u0103 un indicator al nivelului apei<br \/>\nExist\u0103 un indicator de putere<br \/>\nExist\u0103 o oprire c\u00e2nd nu exist\u0103 ap\u0103<br \/>\nExist\u0103 un compartiment pentru depozitarea cablului<br \/>\nTip element de \u00eenc\u0103lzire: ascuns<br \/>\nLungimea cablului de alimentare 75 cm<\/p>","protected":false},"excerpt":{"rendered":"<p>Putere 2200 W<br \/>\nVolum 1,7 l<br \/>\nMaterial carcasa otel inoxidabil<br \/>\nMetoda de deschidere automat\u0103 a capacului<br \/>\nExist\u0103 un filtru<br \/>\nExist\u0103 un indicator al nivelului apei<br \/>\nExist\u0103 un indicator de putere<br \/>\nExist\u0103 o oprire c\u00e2nd nu exist\u0103 ap\u0103<br \/>\nExist\u0103 un compartiment pentru depozitarea cablului<br \/>\nTip element de \u00eenc\u0103lzire: ascuns<br \/>\nLungimea cablului de alimentare 75 cm<\/p>","protected":false},"featured_media":66727,"template":"","meta":{"_acf_changed":false},"product_brand":[],"product_cat":[8742],"product_tag":[],"class_list":{"0":"post-66692","1":"product","2":"type-product","3":"status-publish","4":"has-post-thumbnail","6":"product_cat-fierbator-electric-de-apa","8":"first","9":"instock","10":"shipping-taxable","11":"purchasable","12":"product-type-simple"},"acf":[],"_links":{"self":[{"href":"https:\/\/tehnomag.md\/ru\/wp-json\/wp\/v2\/product\/66692","targetHints":{"allow":["GET"]}}],"collection":[{"href":"https:\/\/tehnomag.md\/ru\/wp-json\/wp\/v2\/product"}],"about":[{"href":"https:\/\/tehnomag.md\/ru\/wp-json\/wp\/v2\/types\/product"}],"wp:featuredmedia":[{"embeddable":true,"href":"https:\/\/tehnomag.md\/ru\/wp-json\/wp\/v2\/media\/66727"}],"wp:attachment":[{"href":"https:\/\/tehnomag.md\/ru\/wp-json\/wp\/v2\/media?parent=66692"}],"wp:term":[{"taxonomy":"product_brand","embeddable":true,"href":"https:\/\/tehnomag.md\/ru\/wp-json\/wp\/v2\/product_brand?post=66692"},{"taxonomy":"product_cat","embeddable":true,"href":"https:\/\/tehnomag.md\/ru\/wp-json\/wp\/v2\/product_cat?post=66692"},{"taxonomy":"product_tag","embeddable":true,"href":"https:\/\/tehnomag.md\/ru\/wp-json\/wp\/v2\/product_tag?post=66692"}],"curies":[{"name":"wp","href":"https:\/\/api.w.org\/{rel}","templated":true}]}}