{"id":66592,"date":"2025-06-24T10:15:06","date_gmt":"2025-06-24T10:15:06","guid":{"rendered":"https:\/\/tehnomag.md\/?post_type=product&#038;p=66592"},"modified":"2025-07-19T08:17:14","modified_gmt":"2025-07-19T08:17:14","slug":"mixer-bosch-mfq2420b","status":"publish","type":"product","link":"https:\/\/tehnomag.md\/ru\/catalog\/electrocasnice\/electrocasnice-mici\/tehnica-de-bucatarie\/mixere\/mixer-bosch-mfq2420b\/","title":{"rendered":"Mixer BOSCH MFQ2420B"},"content":{"rendered":"<p>Caracteristicile modelului<br \/>\nPutere: 300W<br \/>\n2 trepte de viteza<br \/>\n\u00cen plus: puls (turbo)<br \/>\nmodul (viteza maxima)<br \/>\nMotor modern: puternic si in acelasi timp usor si silentios<br \/>\nForma ergonomic\u0103 a corpului din plastic rezistent la impact<br \/>\nButon separat pentru separarea batatoarelor si carligelor<br \/>\n2 carlige pentru aluat<br \/>\n2 teluri pentru rezultate de prim\u0103 clas\u0103 pentru biciuire \u0219i amestecare<br \/>\nCompartiment de \u00eenf\u0103\u0219urare a cablurilor<br \/>\nConfortabil de utilizat at\u00e2t cu m\u00e2na dreapt\u0103, c\u00e2t \u0219i cu m\u00e2na st\u00e2ng\u0103<\/p>","protected":false},"excerpt":{"rendered":"<p>Caracteristicile modelului<br \/>\nPutere: 300W<br \/>\n2 trepte de viteza<br \/>\n\u00cen plus: puls (turbo)<br \/>\nmodul (viteza maxima)<br \/>\nMotor modern: puternic si in acelasi timp usor si silentios<br \/>\nForma ergonomic\u0103 a corpului din plastic rezistent la impact<br \/>\nButon separat pentru separarea batatoarelor si carligelor<br \/>\n2 carlige pentru aluat<br \/>\n2 teluri pentru rezultate de prim\u0103 clas\u0103 pentru biciuire \u0219i amestecare<br \/>\nCompartiment de \u00eenf\u0103\u0219urare a cablurilor<br \/>\nConfortabil de utilizat at\u00e2t cu m\u00e2na dreapt\u0103, c\u00e2t \u0219i cu m\u00e2na st\u00e2ng\u0103<\/p>","protected":false},"featured_media":66628,"template":"","meta":{"_acf_changed":false},"product_brand":[],"product_cat":[8734],"product_tag":[],"class_list":{"0":"post-66592","1":"product","2":"type-product","3":"status-publish","4":"has-post-thumbnail","6":"product_cat-mixere","8":"first","9":"instock","10":"shipping-taxable","11":"purchasable","12":"product-type-simple"},"acf":[],"_links":{"self":[{"href":"https:\/\/tehnomag.md\/ru\/wp-json\/wp\/v2\/product\/66592","targetHints":{"allow":["GET"]}}],"collection":[{"href":"https:\/\/tehnomag.md\/ru\/wp-json\/wp\/v2\/product"}],"about":[{"href":"https:\/\/tehnomag.md\/ru\/wp-json\/wp\/v2\/types\/product"}],"wp:featuredmedia":[{"embeddable":true,"href":"https:\/\/tehnomag.md\/ru\/wp-json\/wp\/v2\/media\/66628"}],"wp:attachment":[{"href":"https:\/\/tehnomag.md\/ru\/wp-json\/wp\/v2\/media?parent=66592"}],"wp:term":[{"taxonomy":"product_brand","embeddable":true,"href":"https:\/\/tehnomag.md\/ru\/wp-json\/wp\/v2\/product_brand?post=66592"},{"taxonomy":"product_cat","embeddable":true,"href":"https:\/\/tehnomag.md\/ru\/wp-json\/wp\/v2\/product_cat?post=66592"},{"taxonomy":"product_tag","embeddable":true,"href":"https:\/\/tehnomag.md\/ru\/wp-json\/wp\/v2\/product_tag?post=66592"}],"curies":[{"name":"wp","href":"https:\/\/api.w.org\/{rel}","templated":true}]}}