{"id":66589,"date":"2025-06-24T10:15:06","date_gmt":"2025-06-24T10:15:06","guid":{"rendered":"https:\/\/tehnomag.md\/?post_type=product&#038;p=66589"},"modified":"2025-07-19T08:17:14","modified_gmt":"2025-07-19T08:17:14","slug":"mixer-vitek-vt-1416","status":"publish","type":"product","link":"https:\/\/tehnomag.md\/ru\/catalog\/electrocasnice\/electrocasnice-mici\/tehnica-de-bucatarie\/mixere\/mixer-vitek-vt-1416\/","title":{"rendered":"Mixer VITEK VT-1416"},"content":{"rendered":"<p>Puterea, W:700<br \/>\nNum\u0103r de viteze:5<br \/>\nNum\u0103r de accesorii:2<br \/>\nTIp mixer:de mas\u0103<br \/>\nMaterial carcas\u0103:plastic<br \/>\nMaterial vas:plastic<br \/>\n\u0421apacitate vas, l:4<br \/>\nC\u00e2rlige pentru fr\u0103m\u00e2ntare:Da<br \/>\nRegim Turbo:Nu<br \/>\nCuloarea:alb<br \/>\nProduc\u0103tor:VITEK<br \/>\nPerioada de garan\u021bie, luni:24<\/p>","protected":false},"excerpt":{"rendered":"<p>Puterea, W:700<br \/>\nNum\u0103r de viteze:5<br \/>\nNum\u0103r de accesorii:2<br \/>\nTIp mixer:de mas\u0103<br \/>\nMaterial carcas\u0103:plastic<br \/>\nMaterial vas:plastic<br \/>\n\u0421apacitate vas, l:4<br \/>\nC\u00e2rlige pentru fr\u0103m\u00e2ntare:Da<br \/>\nRegim Turbo:Nu<br \/>\nCuloarea:alb<br \/>\nProduc\u0103tor:VITEK<br \/>\nPerioada de garan\u021bie, luni:24<\/p>","protected":false},"featured_media":66625,"template":"","meta":{"_acf_changed":false},"product_brand":[],"product_cat":[8734],"product_tag":[],"class_list":{"0":"post-66589","1":"product","2":"type-product","3":"status-publish","4":"has-post-thumbnail","6":"product_cat-mixere","8":"first","9":"instock","10":"shipping-taxable","11":"purchasable","12":"product-type-simple"},"acf":[],"_links":{"self":[{"href":"https:\/\/tehnomag.md\/ru\/wp-json\/wp\/v2\/product\/66589","targetHints":{"allow":["GET"]}}],"collection":[{"href":"https:\/\/tehnomag.md\/ru\/wp-json\/wp\/v2\/product"}],"about":[{"href":"https:\/\/tehnomag.md\/ru\/wp-json\/wp\/v2\/types\/product"}],"wp:featuredmedia":[{"embeddable":true,"href":"https:\/\/tehnomag.md\/ru\/wp-json\/wp\/v2\/media\/66625"}],"wp:attachment":[{"href":"https:\/\/tehnomag.md\/ru\/wp-json\/wp\/v2\/media?parent=66589"}],"wp:term":[{"taxonomy":"product_brand","embeddable":true,"href":"https:\/\/tehnomag.md\/ru\/wp-json\/wp\/v2\/product_brand?post=66589"},{"taxonomy":"product_cat","embeddable":true,"href":"https:\/\/tehnomag.md\/ru\/wp-json\/wp\/v2\/product_cat?post=66589"},{"taxonomy":"product_tag","embeddable":true,"href":"https:\/\/tehnomag.md\/ru\/wp-json\/wp\/v2\/product_tag?post=66589"}],"curies":[{"name":"wp","href":"https:\/\/api.w.org\/{rel}","templated":true}]}}