{"id":66575,"date":"2025-06-24T10:15:04","date_gmt":"2025-06-24T10:15:04","guid":{"rendered":"https:\/\/tehnomag.md\/?post_type=product&#038;p=66575"},"modified":"2025-07-19T08:17:12","modified_gmt":"2025-07-19T08:17:12","slug":"cantar-de-bucatarie-saturn-st-ks7834","status":"publish","type":"product","link":"https:\/\/tehnomag.md\/ru\/catalog\/electrocasnice\/electrocasnice-mici\/tehnica-de-bucatarie\/cantare-de-bucatarie\/cantar-de-bucatarie-saturn-st-ks7834\/","title":{"rendered":"C\u00e2ntar de buc\u0103t\u0103rie SATURN ST-KS7834"},"content":{"rendered":"<p>Greutate maxima, kg: 5<br \/>\n\u2022 Control tactil: Da<br \/>\n\u2022 Control: atingeti<br \/>\n\u2022 Gradare, g: 1<br \/>\n\u2022 Indicator de suprasarcina: Da<br \/>\n\u2022 Indicator baterie descarcata: Da<\/p>","protected":false},"excerpt":{"rendered":"<p>Greutate maxima, kg: 5<br \/>\n\u2022 Control tactil: Da<br \/>\n\u2022 Control: atingeti<br \/>\n\u2022 Gradare, g: 1<br \/>\n\u2022 Indicator de suprasarcina: Da<br \/>\n\u2022 Indicator baterie descarcata: Da<\/p>","protected":false},"featured_media":66605,"template":"","meta":{"_acf_changed":false},"product_brand":[],"product_cat":[8732],"product_tag":[],"class_list":{"0":"post-66575","1":"product","2":"type-product","3":"status-publish","4":"has-post-thumbnail","6":"product_cat-cantare-de-bucatarie","8":"first","9":"instock","10":"shipping-taxable","11":"purchasable","12":"product-type-simple"},"acf":[],"_links":{"self":[{"href":"https:\/\/tehnomag.md\/ru\/wp-json\/wp\/v2\/product\/66575","targetHints":{"allow":["GET"]}}],"collection":[{"href":"https:\/\/tehnomag.md\/ru\/wp-json\/wp\/v2\/product"}],"about":[{"href":"https:\/\/tehnomag.md\/ru\/wp-json\/wp\/v2\/types\/product"}],"wp:featuredmedia":[{"embeddable":true,"href":"https:\/\/tehnomag.md\/ru\/wp-json\/wp\/v2\/media\/66605"}],"wp:attachment":[{"href":"https:\/\/tehnomag.md\/ru\/wp-json\/wp\/v2\/media?parent=66575"}],"wp:term":[{"taxonomy":"product_brand","embeddable":true,"href":"https:\/\/tehnomag.md\/ru\/wp-json\/wp\/v2\/product_brand?post=66575"},{"taxonomy":"product_cat","embeddable":true,"href":"https:\/\/tehnomag.md\/ru\/wp-json\/wp\/v2\/product_cat?post=66575"},{"taxonomy":"product_tag","embeddable":true,"href":"https:\/\/tehnomag.md\/ru\/wp-json\/wp\/v2\/product_tag?post=66575"}],"curies":[{"name":"wp","href":"https:\/\/api.w.org\/{rel}","templated":true}]}}