{"id":66568,"date":"2025-06-24T10:15:03","date_gmt":"2025-06-24T10:15:03","guid":{"rendered":"https:\/\/tehnomag.md\/?post_type=product&#038;p=66568"},"modified":"2025-07-19T08:17:11","modified_gmt":"2025-07-19T08:17:11","slug":"cantar-de-bucatarie-maestro-mr-1803","status":"publish","type":"product","link":"https:\/\/tehnomag.md\/ru\/catalog\/electrocasnice\/electrocasnice-mici\/tehnica-de-bucatarie\/cantare-de-bucatarie\/cantar-de-bucatarie-maestro-mr-1803\/","title":{"rendered":"Cantar de bucatarie MAESTRO Mr-1803"},"content":{"rendered":"<p>Marca comercial\u0103: Maestro<br \/>\nGreutate maxim\u0103 admis\u0103: 5 kg<br \/>\nLCD displei: 46\u044521,5 mm<br \/>\nOprire automat\u0103<br \/>\nSenzor de m\u0103surare de \u00eenalt\u0103 precizie<br \/>\nIndicator baterie<br \/>\nAbsolvirgradare: 1 g<br \/>\nCulorile: argint<br \/>\nPutere: 1 bateria litiu 3V<\/p>","protected":false},"excerpt":{"rendered":"<p>Marca comercial\u0103: Maestro<br \/>\nGreutate maxim\u0103 admis\u0103: 5 kg<br \/>\nLCD displei: 46\u044521,5 mm<br \/>\nOprire automat\u0103<br \/>\nSenzor de m\u0103surare de \u00eenalt\u0103 precizie<br \/>\nIndicator baterie<br \/>\nAbsolvirgradare: 1 g<br \/>\nCulorile: argint<br \/>\nPutere: 1 bateria litiu 3V<\/p>","protected":false},"featured_media":66598,"template":"","meta":{"_acf_changed":false},"product_brand":[],"product_cat":[8732],"product_tag":[],"class_list":{"0":"post-66568","1":"product","2":"type-product","3":"status-publish","4":"has-post-thumbnail","6":"product_cat-cantare-de-bucatarie","8":"first","9":"instock","10":"shipping-taxable","11":"purchasable","12":"product-type-simple"},"acf":[],"_links":{"self":[{"href":"https:\/\/tehnomag.md\/ru\/wp-json\/wp\/v2\/product\/66568","targetHints":{"allow":["GET"]}}],"collection":[{"href":"https:\/\/tehnomag.md\/ru\/wp-json\/wp\/v2\/product"}],"about":[{"href":"https:\/\/tehnomag.md\/ru\/wp-json\/wp\/v2\/types\/product"}],"wp:featuredmedia":[{"embeddable":true,"href":"https:\/\/tehnomag.md\/ru\/wp-json\/wp\/v2\/media\/66598"}],"wp:attachment":[{"href":"https:\/\/tehnomag.md\/ru\/wp-json\/wp\/v2\/media?parent=66568"}],"wp:term":[{"taxonomy":"product_brand","embeddable":true,"href":"https:\/\/tehnomag.md\/ru\/wp-json\/wp\/v2\/product_brand?post=66568"},{"taxonomy":"product_cat","embeddable":true,"href":"https:\/\/tehnomag.md\/ru\/wp-json\/wp\/v2\/product_cat?post=66568"},{"taxonomy":"product_tag","embeddable":true,"href":"https:\/\/tehnomag.md\/ru\/wp-json\/wp\/v2\/product_tag?post=66568"}],"curies":[{"name":"wp","href":"https:\/\/api.w.org\/{rel}","templated":true}]}}