{"id":66528,"date":"2025-06-24T10:14:44","date_gmt":"2025-06-24T10:14:44","guid":{"rendered":"https:\/\/tehnomag.md\/?post_type=product&#038;p=66528"},"modified":"2025-07-19T08:17:10","modified_gmt":"2025-07-19T08:17:10","slug":"cantar-de-bucatarie-vitek-vt-2426","status":"publish","type":"product","link":"https:\/\/tehnomag.md\/ru\/catalog\/electrocasnice\/electrocasnice-mici\/tehnica-de-bucatarie\/cantare-de-bucatarie\/cantar-de-bucatarie-vitek-vt-2426\/","title":{"rendered":"C\u00e2ntar de buc\u0103t\u0103rie VITEK VT-2426"},"content":{"rendered":"<p>Greutate maxima &#8211; 5 kg<br \/>\nOprire automat\u0103 &#8211; Da<br \/>\nEroare &#8211; 1 gram<br \/>\nM\u0103surarea volumului -Da<br \/>\nIndicator de \u00eenc\u0103rcare a bateriei +<br \/>\nIndicator de suprasarcin\u0103 +<br \/>\nMaterial carcasa sticla<br \/>\nMaterial platform\u0103\/bol sticl\u0103<br \/>\nTip baterie 1xCR2032 (inclus\u0103)<\/p>","protected":false},"excerpt":{"rendered":"<p>Greutate maxima &#8211; 5 kg<br \/>\nOprire automat\u0103 &#8211; Da<br \/>\nEroare &#8211; 1 gram<br \/>\nM\u0103surarea volumului -Da<br \/>\nIndicator de \u00eenc\u0103rcare a bateriei +<br \/>\nIndicator de suprasarcin\u0103 +<br \/>\nMaterial carcasa sticla<br \/>\nMaterial platform\u0103\/bol sticl\u0103<br \/>\nTip baterie 1xCR2032 (inclus\u0103)<\/p>","protected":false},"featured_media":66563,"template":"","meta":{"_acf_changed":false},"product_brand":[],"product_cat":[8732],"product_tag":[],"class_list":{"0":"post-66528","1":"product","2":"type-product","3":"status-publish","4":"has-post-thumbnail","6":"product_cat-cantare-de-bucatarie","8":"first","9":"instock","10":"shipping-taxable","11":"purchasable","12":"product-type-simple"},"acf":[],"_links":{"self":[{"href":"https:\/\/tehnomag.md\/ru\/wp-json\/wp\/v2\/product\/66528","targetHints":{"allow":["GET"]}}],"collection":[{"href":"https:\/\/tehnomag.md\/ru\/wp-json\/wp\/v2\/product"}],"about":[{"href":"https:\/\/tehnomag.md\/ru\/wp-json\/wp\/v2\/types\/product"}],"wp:featuredmedia":[{"embeddable":true,"href":"https:\/\/tehnomag.md\/ru\/wp-json\/wp\/v2\/media\/66563"}],"wp:attachment":[{"href":"https:\/\/tehnomag.md\/ru\/wp-json\/wp\/v2\/media?parent=66528"}],"wp:term":[{"taxonomy":"product_brand","embeddable":true,"href":"https:\/\/tehnomag.md\/ru\/wp-json\/wp\/v2\/product_brand?post=66528"},{"taxonomy":"product_cat","embeddable":true,"href":"https:\/\/tehnomag.md\/ru\/wp-json\/wp\/v2\/product_cat?post=66528"},{"taxonomy":"product_tag","embeddable":true,"href":"https:\/\/tehnomag.md\/ru\/wp-json\/wp\/v2\/product_tag?post=66528"}],"curies":[{"name":"wp","href":"https:\/\/api.w.org\/{rel}","templated":true}]}}