{"id":66523,"date":"2025-06-24T10:14:43","date_gmt":"2025-06-24T10:14:43","guid":{"rendered":"https:\/\/tehnomag.md\/?post_type=product&#038;p=66523"},"modified":"2025-07-19T08:17:10","modified_gmt":"2025-07-19T08:17:10","slug":"rasnita-de-cafea-saturn-st-cm1231","status":"publish","type":"product","link":"https:\/\/tehnomag.md\/ru\/catalog\/electrocasnice\/electrocasnice-mici\/tehnica-de-bucatarie\/masina-de-tocat\/rasnita-de-cafea-saturn-st-cm1231\/","title":{"rendered":"R\u00e2\u015fni\u0163\u0103 de cafea SATURN ST-CM1231"},"content":{"rendered":"<p>Mecanismul de m\u0103cinare  cu\u021bit rotativ<br \/>\nCapacitate  60 g<br \/>\nPutere  250 W<br \/>\nMaterial carcasa    plastic<br \/>\nCuloare alb<br \/>\nProduc\u0103tor  Saturn<\/p>","protected":false},"excerpt":{"rendered":"<p>Mecanismul de m\u0103cinare  cu\u021bit rotativ<br \/>\nCapacitate  60 g<br \/>\nPutere  250 W<br \/>\nMaterial carcasa    plastic<br \/>\nCuloare alb<br \/>\nProduc\u0103tor  Saturn<\/p>","protected":false},"featured_media":66557,"template":"","meta":{"_acf_changed":false},"product_brand":[],"product_cat":[8731],"product_tag":[],"class_list":{"0":"post-66523","1":"product","2":"type-product","3":"status-publish","4":"has-post-thumbnail","6":"product_cat-masina-de-tocat","8":"first","9":"instock","10":"shipping-taxable","11":"purchasable","12":"product-type-simple"},"acf":[],"_links":{"self":[{"href":"https:\/\/tehnomag.md\/ru\/wp-json\/wp\/v2\/product\/66523","targetHints":{"allow":["GET"]}}],"collection":[{"href":"https:\/\/tehnomag.md\/ru\/wp-json\/wp\/v2\/product"}],"about":[{"href":"https:\/\/tehnomag.md\/ru\/wp-json\/wp\/v2\/types\/product"}],"wp:featuredmedia":[{"embeddable":true,"href":"https:\/\/tehnomag.md\/ru\/wp-json\/wp\/v2\/media\/66557"}],"wp:attachment":[{"href":"https:\/\/tehnomag.md\/ru\/wp-json\/wp\/v2\/media?parent=66523"}],"wp:term":[{"taxonomy":"product_brand","embeddable":true,"href":"https:\/\/tehnomag.md\/ru\/wp-json\/wp\/v2\/product_brand?post=66523"},{"taxonomy":"product_cat","embeddable":true,"href":"https:\/\/tehnomag.md\/ru\/wp-json\/wp\/v2\/product_cat?post=66523"},{"taxonomy":"product_tag","embeddable":true,"href":"https:\/\/tehnomag.md\/ru\/wp-json\/wp\/v2\/product_tag?post=66523"}],"curies":[{"name":"wp","href":"https:\/\/api.w.org\/{rel}","templated":true}]}}