{"id":66518,"date":"2025-06-24T10:14:42","date_gmt":"2025-06-24T10:14:42","guid":{"rendered":"https:\/\/tehnomag.md\/?post_type=product&#038;p=66518"},"modified":"2025-07-19T08:17:09","modified_gmt":"2025-07-19T08:17:09","slug":"cafetiera-vitek-vt-1523","status":"publish","type":"product","link":"https:\/\/tehnomag.md\/ru\/catalog\/electrocasnice\/electrocasnice-mici\/tehnica-de-bucatarie\/cafetierele-electrice\/cafetiera-vitek-vt-1523\/","title":{"rendered":"Cafetiera VITEK VT-1523"},"content":{"rendered":"<p>CARACTERISTICI<br \/>\nPresiune pompa 15 bar<br \/>\nIndicator de putere +<br \/>\nAparat de cappuccino +<br \/>\nNum\u0103rul de grupuri 1<br \/>\nMaterial carcasa: plastic<br \/>\nMaterial corn: o\u021bel inoxidabil<br \/>\nPutere 1100 W<br \/>\nVolum 1 l<br \/>\nCaracteristici Caffe Gusto &#8211; senzorul aparatului de cafea iti permite sa controlezi temperatura pentru a obtine extragerea optima a cafelei; Un filtru unic pentru prepararea espressoului cu spum\u0103 groas\u0103, ca de la un aparat de cafea profesional<br \/>\n\u00cenc\u0103lzirea cupei da<br \/>\nPrepararea cappuccino da<br \/>\nPreparare espresso da<br \/>\nTav\u0103 de picurare deta\u0219abil\u0103 da<br \/>\nTip espresso<br \/>\nTip de cafea folosit\u0103: m\u0103cinat\u0103<\/p>","protected":false},"excerpt":{"rendered":"<p>CARACTERISTICI<br \/>\nPresiune pompa 15 bar<br \/>\nIndicator de putere +<br \/>\nAparat de cappuccino +<br \/>\nNum\u0103rul de grupuri 1<br \/>\nMaterial carcasa: plastic<br \/>\nMaterial corn: o\u021bel inoxidabil<br \/>\nPutere 1100 W<br \/>\nVolum 1 l<br \/>\nCaracteristici Caffe Gusto &#8211; senzorul aparatului de cafea iti permite sa controlezi temperatura pentru a obtine extragerea optima a cafelei; Un filtru unic pentru prepararea espressoului cu spum\u0103 groas\u0103, ca de la un aparat de cafea profesional<br \/>\n\u00cenc\u0103lzirea cupei da<br \/>\nPrepararea cappuccino da<br \/>\nPreparare espresso da<br \/>\nTav\u0103 de picurare deta\u0219abil\u0103 da<br \/>\nTip espresso<br \/>\nTip de cafea folosit\u0103: m\u0103cinat\u0103<\/p>","protected":false},"featured_media":66550,"template":"","meta":{"_acf_changed":false},"product_brand":[],"product_cat":[8730],"product_tag":[],"class_list":{"0":"post-66518","1":"product","2":"type-product","3":"status-publish","4":"has-post-thumbnail","6":"product_cat-cafetierele-electrice","8":"first","9":"instock","10":"shipping-taxable","11":"purchasable","12":"product-type-simple"},"acf":[],"_links":{"self":[{"href":"https:\/\/tehnomag.md\/ru\/wp-json\/wp\/v2\/product\/66518","targetHints":{"allow":["GET"]}}],"collection":[{"href":"https:\/\/tehnomag.md\/ru\/wp-json\/wp\/v2\/product"}],"about":[{"href":"https:\/\/tehnomag.md\/ru\/wp-json\/wp\/v2\/types\/product"}],"wp:featuredmedia":[{"embeddable":true,"href":"https:\/\/tehnomag.md\/ru\/wp-json\/wp\/v2\/media\/66550"}],"wp:attachment":[{"href":"https:\/\/tehnomag.md\/ru\/wp-json\/wp\/v2\/media?parent=66518"}],"wp:term":[{"taxonomy":"product_brand","embeddable":true,"href":"https:\/\/tehnomag.md\/ru\/wp-json\/wp\/v2\/product_brand?post=66518"},{"taxonomy":"product_cat","embeddable":true,"href":"https:\/\/tehnomag.md\/ru\/wp-json\/wp\/v2\/product_cat?post=66518"},{"taxonomy":"product_tag","embeddable":true,"href":"https:\/\/tehnomag.md\/ru\/wp-json\/wp\/v2\/product_tag?post=66518"}],"curies":[{"name":"wp","href":"https:\/\/api.w.org\/{rel}","templated":true}]}}