{"id":66517,"date":"2025-06-24T10:14:42","date_gmt":"2025-06-24T10:14:42","guid":{"rendered":"https:\/\/tehnomag.md\/?post_type=product&#038;p=66517"},"modified":"2025-07-19T08:17:09","modified_gmt":"2025-07-19T08:17:09","slug":"cafetiera-daewoo-dcm900u","status":"publish","type":"product","link":"https:\/\/tehnomag.md\/ru\/catalog\/electrocasnice\/electrocasnice-mici\/tehnica-de-bucatarie\/cafetierele-electrice\/cafetiera-daewoo-dcm900u\/","title":{"rendered":"Cafetiera DAEWOO DCM900U"},"content":{"rendered":"<p>Aparat de cafea inteligent REDMOND SkyCoffee M1505S este un aparat de cafea inovator si extrem de fiabil, cu telecomanda si rasnita de cafea puternica incorporata. Un incredibil aparat de cafea inteligent cu caracteristici tehnice unice va incanta chiar si pe cel mai pretentios gurmand.<\/p>\n<p>Acest aparat de cafea inteligent v\u0103 va surprinde pl\u0103cut cu gustul cafelei proasp\u0103t preparate, u\u0219urin\u021ba \u00een utilizare \u0219i func\u021bionarea perfect\u0103!<\/p>\n<p>Filtrul de cafea SkyCoffee cu rasnita de cafea incorporata poate fi controlat de pe ecranul smartphone-ului. Toate func\u021biile unui aparat de cafea inteligent sunt disponibile \u00een aplica\u021bia mobil\u0103 Ready For Sky. De exemplu, folosind aplica\u021bia mobil\u0103 Ready For Sky, pute\u021bi porni o cafetier\u0103 inteligent\u0103 \u0219i pute\u021bi m\u0103cina, pute\u021bi selecta durata acesteia, pute\u021bi seta timpul de \u00eenc\u0103lzire a cafelei \u0219i pute\u021bi primi o notificare c\u00e2nd o b\u0103utur\u0103 revigorant\u0103 este gata. Datorit\u0103 r\u00e2\u0219ni\u021bei de cafea \u00eencorporat\u0103, pute\u021bi folosi at\u00e2t boabe \u00eentregi, c\u00e2t \u0219i m\u0103cinate.<\/p>\n<p>Filtrul de cafea SkyCoffee M1505S este un dispozitiv absolut sigur, deoarece este echipat cu o func\u021bie de oprire automat\u0103, protec\u021bie special\u0103 \u00eempotriva supra\u00eenc\u0103lzirii \u0219i pornire dac\u0103 este asamblat incorect. Corpul aparatului de cafea este realizat din o\u021bel inoxidabil cu un strat de plastic, ceea ce face ca dispozitivul s\u0103 fie rezistent la deterior\u0103ri mecanice. Sticla termorezistenta a ulciorului elimina posibilitatea de a se arde. Filtrul metalic deta\u0219abil este u\u0219or de utilizat. Cel mai important, pute\u021bi \u00eencepe s\u0103 prepara\u021bi cafea cu un singur clic!<\/p>\n<p>Putere 600 W<br \/>\nTensiune 220-240 V, 50 Hz<br \/>\nTip aparat de cafea: picurare<br \/>\nCapacitate rezervor apa 500 ml<br \/>\nMaterial carcasa plastic\/otel inoxidabil<br \/>\nMaterial ulcior sticla\/plastic termorezistenta<br \/>\nRasnita de cafea incorporata<br \/>\nFiltru metalic, detasabil<br \/>\nTip control electronic<br \/>\nIndica\u021bie LED de func\u021bionare<br \/>\nExist\u0103 protec\u021bie \u00eempotriva pornirii dac\u0103 este asamblat incorect<br \/>\nExist\u0103 o func\u021bie de oprire automat\u0103<br \/>\nExist\u0103 un sistem de protec\u021bie \u00eempotriva supra\u00eenc\u0103lzirii<br \/>\nTelecomanda disponibil\u0103 (tehnologia Ready for Sky)<br \/>\nProtocol de transfer de date Bluetooth v4.0<br \/>\nVersiunea minim\u0103 acceptat\u0103 de Android 4.3 Jelly Bean<br \/>\nVersiunea minim\u0103 acceptat\u0103 de iOS 8.0<br \/>\nDotare: &#8211; aparat de cafea<br \/>\n&#8211; ulcior<br \/>\n&#8211; perie de curatat<br \/>\n&#8211; manual de utilizare<br \/>\n&#8211; Carte de servicii<br \/>\nCaracteristici suplimentare: &#8211; recipient pentru m\u0103cinarea \u0219i prepararea cafelei<br \/>\n&#8211; \u00eenc\u0103lzirea ulciorului<\/p>","protected":false},"excerpt":{"rendered":"<p>Aparat de cafea inteligent REDMOND SkyCoffee M1505S este un aparat de cafea inovator si extrem de fiabil, cu telecomanda si rasnita de cafea puternica incorporata. Un incredibil aparat de cafea inteligent cu caracteristici tehnice unice va incanta chiar si pe cel mai pretentios gurmand.<\/p>\n<p>Acest aparat de cafea inteligent v\u0103 va surprinde pl\u0103cut cu gustul cafelei proasp\u0103t preparate, u\u0219urin\u021ba \u00een utilizare \u0219i func\u021bionarea perfect\u0103!<\/p>\n<p>Filtrul de cafea SkyCoffee cu rasnita de cafea incorporata poate fi controlat de pe ecranul smartphone-ului. Toate func\u021biile unui aparat de cafea inteligent sunt disponibile \u00een aplica\u021bia mobil\u0103 Ready For Sky. De exemplu, folosind aplica\u021bia mobil\u0103 Ready For Sky, pute\u021bi porni o cafetier\u0103 inteligent\u0103 \u0219i pute\u021bi m\u0103cina, pute\u021bi selecta durata acesteia, pute\u021bi seta timpul de \u00eenc\u0103lzire a cafelei \u0219i pute\u021bi primi o notificare c\u00e2nd o b\u0103utur\u0103 revigorant\u0103 este gata. Datorit\u0103 r\u00e2\u0219ni\u021bei de cafea \u00eencorporat\u0103, pute\u021bi folosi at\u00e2t boabe \u00eentregi, c\u00e2t \u0219i m\u0103cinate.<\/p>\n<p>Filtrul de cafea SkyCoffee M1505S este un dispozitiv absolut sigur, deoarece este echipat cu o func\u021bie de oprire automat\u0103, protec\u021bie special\u0103 \u00eempotriva supra\u00eenc\u0103lzirii \u0219i pornire dac\u0103 este asamblat incorect. Corpul aparatului de cafea este realizat din o\u021bel inoxidabil cu un strat de plastic, ceea ce face ca dispozitivul s\u0103 fie rezistent la deterior\u0103ri mecanice. Sticla termorezistenta a ulciorului elimina posibilitatea de a se arde. Filtrul metalic deta\u0219abil este u\u0219or de utilizat. Cel mai important, pute\u021bi \u00eencepe s\u0103 prepara\u021bi cafea cu un singur clic!<\/p>\n<p>Putere 600 W<br \/>\nTensiune 220-240 V, 50 Hz<br \/>\nTip aparat de cafea: picurare<br \/>\nCapacitate rezervor apa 500 ml<br \/>\nMaterial carcasa plastic\/otel inoxidabil<br \/>\nMaterial ulcior sticla\/plastic termorezistenta<br \/>\nRasnita de cafea incorporata<br \/>\nFiltru metalic, detasabil<br \/>\nTip control electronic<br \/>\nIndica\u021bie LED de func\u021bionare<br \/>\nExist\u0103 protec\u021bie \u00eempotriva pornirii dac\u0103 este asamblat incorect<br \/>\nExist\u0103 o func\u021bie de oprire automat\u0103<br \/>\nExist\u0103 un sistem de protec\u021bie \u00eempotriva supra\u00eenc\u0103lzirii<br \/>\nTelecomanda disponibil\u0103 (tehnologia Ready for Sky)<br \/>\nProtocol de transfer de date Bluetooth v4.0<br \/>\nVersiunea minim\u0103 acceptat\u0103 de Android 4.3 Jelly Bean<br \/>\nVersiunea minim\u0103 acceptat\u0103 de iOS 8.0<br \/>\nDotare: &#8211; aparat de cafea<br \/>\n&#8211; ulcior<br \/>\n&#8211; perie de curatat<br \/>\n&#8211; manual de utilizare<br \/>\n&#8211; Carte de servicii<br \/>\nCaracteristici suplimentare: &#8211; recipient pentru m\u0103cinarea \u0219i prepararea cafelei<br \/>\n&#8211; \u00eenc\u0103lzirea ulciorului<\/p>","protected":false},"featured_media":66548,"template":"","meta":{"_acf_changed":false},"product_brand":[],"product_cat":[8730],"product_tag":[],"class_list":{"0":"post-66517","1":"product","2":"type-product","3":"status-publish","4":"has-post-thumbnail","6":"product_cat-cafetierele-electrice","8":"first","9":"instock","10":"shipping-taxable","11":"purchasable","12":"product-type-simple"},"acf":[],"_links":{"self":[{"href":"https:\/\/tehnomag.md\/ru\/wp-json\/wp\/v2\/product\/66517","targetHints":{"allow":["GET"]}}],"collection":[{"href":"https:\/\/tehnomag.md\/ru\/wp-json\/wp\/v2\/product"}],"about":[{"href":"https:\/\/tehnomag.md\/ru\/wp-json\/wp\/v2\/types\/product"}],"wp:featuredmedia":[{"embeddable":true,"href":"https:\/\/tehnomag.md\/ru\/wp-json\/wp\/v2\/media\/66548"}],"wp:attachment":[{"href":"https:\/\/tehnomag.md\/ru\/wp-json\/wp\/v2\/media?parent=66517"}],"wp:term":[{"taxonomy":"product_brand","embeddable":true,"href":"https:\/\/tehnomag.md\/ru\/wp-json\/wp\/v2\/product_brand?post=66517"},{"taxonomy":"product_cat","embeddable":true,"href":"https:\/\/tehnomag.md\/ru\/wp-json\/wp\/v2\/product_cat?post=66517"},{"taxonomy":"product_tag","embeddable":true,"href":"https:\/\/tehnomag.md\/ru\/wp-json\/wp\/v2\/product_tag?post=66517"}],"curies":[{"name":"wp","href":"https:\/\/api.w.org\/{rel}","templated":true}]}}