{"id":66435,"date":"2025-06-24T10:14:18","date_gmt":"2025-06-24T10:14:18","guid":{"rendered":"https:\/\/tehnomag.md\/?post_type=product&#038;p=66435"},"modified":"2025-07-19T08:17:04","modified_gmt":"2025-07-19T08:17:04","slug":"cleste-pentru-ondularea-parului-vitek-vt-8291","status":"publish","type":"product","link":"https:\/\/tehnomag.md\/ru\/catalog\/electrocasnice\/electrocasnice-mici\/tehnica-pentru-ingrijire-personala\/cleste-pentru-ondulare-parului\/cleste-pentru-ondularea-parului-vitek-vt-8291\/","title":{"rendered":"Cleste pentru ondularea parului VITEK VT-8291"},"content":{"rendered":"<p>Tip dispozitiv  de gofrat<br \/>\nNum\u0103rul regimurilor de temperatur\u0103  1<br \/>\nEcran LCD   nu<br \/>\nTimp de \u00eenc\u0103lzire   30 s<br \/>\nTemperatur\u0103 maxim\u0103  200 \u00b0C<br \/>\nFunc\u0163ie ionica  nu<br \/>\nPutere  35 W<br \/>\nDiametru cle\u015fte 45 mm<br \/>\n\u00cenveli\u015f pl\u0103ci   ceramica, turmalin<br \/>\nCablu rotativ   da<br \/>\nLungime cablu alimentare    1.8 m<br \/>\nSistem blocare cle\u015fti   da<br \/>\nCuloare violet<br \/>\nGaran\u021bie    24 luni<br \/>\nProduc\u0103tor  Vitek<\/p>","protected":false},"excerpt":{"rendered":"<p>Tip dispozitiv  de gofrat<br \/>\nNum\u0103rul regimurilor de temperatur\u0103  1<br \/>\nEcran LCD   nu<br \/>\nTimp de \u00eenc\u0103lzire   30 s<br \/>\nTemperatur\u0103 maxim\u0103  200 \u00b0C<br \/>\nFunc\u0163ie ionica  nu<br \/>\nPutere  35 W<br \/>\nDiametru cle\u015fte 45 mm<br \/>\n\u00cenveli\u015f pl\u0103ci   ceramica, turmalin<br \/>\nCablu rotativ   da<br \/>\nLungime cablu alimentare    1.8 m<br \/>\nSistem blocare cle\u015fti   da<br \/>\nCuloare violet<br \/>\nGaran\u021bie    24 luni<br \/>\nProduc\u0103tor  Vitek<\/p>","protected":false},"featured_media":66468,"template":"","meta":{"_acf_changed":false},"product_brand":[],"product_cat":[8726],"product_tag":[],"class_list":{"0":"post-66435","1":"product","2":"type-product","3":"status-publish","4":"has-post-thumbnail","6":"product_cat-cleste-pentru-ondulare-parului","8":"first","9":"instock","10":"shipping-taxable","11":"purchasable","12":"product-type-simple"},"acf":[],"_links":{"self":[{"href":"https:\/\/tehnomag.md\/ru\/wp-json\/wp\/v2\/product\/66435","targetHints":{"allow":["GET"]}}],"collection":[{"href":"https:\/\/tehnomag.md\/ru\/wp-json\/wp\/v2\/product"}],"about":[{"href":"https:\/\/tehnomag.md\/ru\/wp-json\/wp\/v2\/types\/product"}],"wp:featuredmedia":[{"embeddable":true,"href":"https:\/\/tehnomag.md\/ru\/wp-json\/wp\/v2\/media\/66468"}],"wp:attachment":[{"href":"https:\/\/tehnomag.md\/ru\/wp-json\/wp\/v2\/media?parent=66435"}],"wp:term":[{"taxonomy":"product_brand","embeddable":true,"href":"https:\/\/tehnomag.md\/ru\/wp-json\/wp\/v2\/product_brand?post=66435"},{"taxonomy":"product_cat","embeddable":true,"href":"https:\/\/tehnomag.md\/ru\/wp-json\/wp\/v2\/product_cat?post=66435"},{"taxonomy":"product_tag","embeddable":true,"href":"https:\/\/tehnomag.md\/ru\/wp-json\/wp\/v2\/product_tag?post=66435"}],"curies":[{"name":"wp","href":"https:\/\/api.w.org\/{rel}","templated":true}]}}