{"id":66432,"date":"2025-06-24T10:14:17","date_gmt":"2025-06-24T10:14:17","guid":{"rendered":"https:\/\/tehnomag.md\/?post_type=product&#038;p=66432"},"modified":"2025-07-19T08:17:04","modified_gmt":"2025-07-19T08:17:04","slug":"trimmer-vitek-vt-2549","status":"publish","type":"product","link":"https:\/\/tehnomag.md\/ru\/catalog\/electrocasnice\/electrocasnice-mici\/tehnica-pentru-ingrijire-personala\/trimmers\/trimmer-vitek-vt-2549\/","title":{"rendered":"Trimmer VITEK VT-2549"},"content":{"rendered":"<p>Alimentare\/baterie<br \/>\nBaterie re\u00eenc\u0103rcabil\u0103 \u00eencorporat\u0103 Li-ion 700 mAh 3.7V<br \/>\nDuza -Trimmer 30 mm da<br \/>\nAta\u0219ament &#8211; Trimmer 40 mm da<br \/>\nCapul de b\u0103rbierit da<br \/>\nLungimea maxim\u0103 de t\u0103iere 12<br \/>\nNum\u0103rul de duze 5<br \/>\nNum\u0103rul de set\u0103ri de lungime 11<br \/>\nDispozitiv de tuns nas\/urechi da<br \/>\nTunderea barbii da<br \/>\nLungimea minim\u0103 de tunsoare 0,4<br \/>\nMaterial lamei: o\u021bel de \u00eenalt\u0103 calitate<br \/>\nIndicator de \u00eenc\u0103rcare da<br \/>\nTrimmer de detalii da<br \/>\nTimp de \u00eenc\u0103rcare 90 min<br \/>\nDurata de via\u021b\u0103 a bateriei 45<br \/>\nCur\u0103\u021bare umed\u0103 da<br \/>\nAfi\u0219aj cu cristale lichide Afi\u0219aj LCD cu indicare a procentului bateriei<br \/>\nNivel sc\u0103zut de vibra\u021bii \u0219i zgomot da<br \/>\nAccesorii Perie, ulei lubrifiant<br \/>\nStand de incarcare da<br \/>\nMetoda de reglare a lungimii prin reglarea lungimii lamelor\/schimbarea accesoriilor<\/p>","protected":false},"excerpt":{"rendered":"<p>Alimentare\/baterie<br \/>\nBaterie re\u00eenc\u0103rcabil\u0103 \u00eencorporat\u0103 Li-ion 700 mAh 3.7V<br \/>\nDuza -Trimmer 30 mm da<br \/>\nAta\u0219ament &#8211; Trimmer 40 mm da<br \/>\nCapul de b\u0103rbierit da<br \/>\nLungimea maxim\u0103 de t\u0103iere 12<br \/>\nNum\u0103rul de duze 5<br \/>\nNum\u0103rul de set\u0103ri de lungime 11<br \/>\nDispozitiv de tuns nas\/urechi da<br \/>\nTunderea barbii da<br \/>\nLungimea minim\u0103 de tunsoare 0,4<br \/>\nMaterial lamei: o\u021bel de \u00eenalt\u0103 calitate<br \/>\nIndicator de \u00eenc\u0103rcare da<br \/>\nTrimmer de detalii da<br \/>\nTimp de \u00eenc\u0103rcare 90 min<br \/>\nDurata de via\u021b\u0103 a bateriei 45<br \/>\nCur\u0103\u021bare umed\u0103 da<br \/>\nAfi\u0219aj cu cristale lichide Afi\u0219aj LCD cu indicare a procentului bateriei<br \/>\nNivel sc\u0103zut de vibra\u021bii \u0219i zgomot da<br \/>\nAccesorii Perie, ulei lubrifiant<br \/>\nStand de incarcare da<br \/>\nMetoda de reglare a lungimii prin reglarea lungimii lamelor\/schimbarea accesoriilor<\/p>","protected":false},"featured_media":66465,"template":"","meta":{"_acf_changed":false},"product_brand":[],"product_cat":[8725],"product_tag":[],"class_list":{"0":"post-66432","1":"product","2":"type-product","3":"status-publish","4":"has-post-thumbnail","6":"product_cat-trimmers","8":"first","9":"instock","10":"shipping-taxable","11":"purchasable","12":"product-type-simple"},"acf":[],"_links":{"self":[{"href":"https:\/\/tehnomag.md\/ru\/wp-json\/wp\/v2\/product\/66432","targetHints":{"allow":["GET"]}}],"collection":[{"href":"https:\/\/tehnomag.md\/ru\/wp-json\/wp\/v2\/product"}],"about":[{"href":"https:\/\/tehnomag.md\/ru\/wp-json\/wp\/v2\/types\/product"}],"wp:featuredmedia":[{"embeddable":true,"href":"https:\/\/tehnomag.md\/ru\/wp-json\/wp\/v2\/media\/66465"}],"wp:attachment":[{"href":"https:\/\/tehnomag.md\/ru\/wp-json\/wp\/v2\/media?parent=66432"}],"wp:term":[{"taxonomy":"product_brand","embeddable":true,"href":"https:\/\/tehnomag.md\/ru\/wp-json\/wp\/v2\/product_brand?post=66432"},{"taxonomy":"product_cat","embeddable":true,"href":"https:\/\/tehnomag.md\/ru\/wp-json\/wp\/v2\/product_cat?post=66432"},{"taxonomy":"product_tag","embeddable":true,"href":"https:\/\/tehnomag.md\/ru\/wp-json\/wp\/v2\/product_tag?post=66432"}],"curies":[{"name":"wp","href":"https:\/\/api.w.org\/{rel}","templated":true}]}}