{"id":66426,"date":"2025-06-24T10:14:17","date_gmt":"2025-06-24T10:14:17","guid":{"rendered":"https:\/\/tehnomag.md\/?post_type=product&#038;p=66426"},"modified":"2025-07-19T08:17:04","modified_gmt":"2025-07-19T08:17:04","slug":"uscator-pentru-par-vitek-vt-8211","status":"publish","type":"product","link":"https:\/\/tehnomag.md\/ru\/catalog\/electrocasnice\/electrocasnice-mici\/tehnica-pentru-ingrijire-personala\/uscatoare-de-par\/uscator-pentru-par-vitek-vt-8211\/","title":{"rendered":"Usc\u0103tor pentru p\u0103r VITEK  VT-8211"},"content":{"rendered":"<p>Puterea, W:2200<br \/>\nNum\u0103r nivele de temperatur\u0103:3<br \/>\nNum\u0103r de viteze:3<br \/>\nProtec\u0163ie \u00eempotriv\u0103 supra\u00eenc\u0103lzirii:Da<br \/>\nLungimea cablului, m:1.8<br \/>\nAer rece:Da<br \/>\nIonizare:Da<br \/>\nTip:de uz casnic<br \/>\nConcentrator:Da<br \/>\nBucl\u0103 de ag\u0103\u0163at:Da<br \/>\nMotor AC profesional:Nu<br \/>\nFiltru deta\u0219abil:Da<br \/>\nCuloarea:grafit<br \/>\nProduc\u0103tor:VITEK<br \/>\nPerioada de garan\u021bie, luni:24<\/p>","protected":false},"excerpt":{"rendered":"<p>Puterea, W:2200<br \/>\nNum\u0103r nivele de temperatur\u0103:3<br \/>\nNum\u0103r de viteze:3<br \/>\nProtec\u0163ie \u00eempotriv\u0103 supra\u00eenc\u0103lzirii:Da<br \/>\nLungimea cablului, m:1.8<br \/>\nAer rece:Da<br \/>\nIonizare:Da<br \/>\nTip:de uz casnic<br \/>\nConcentrator:Da<br \/>\nBucl\u0103 de ag\u0103\u0163at:Da<br \/>\nMotor AC profesional:Nu<br \/>\nFiltru deta\u0219abil:Da<br \/>\nCuloarea:grafit<br \/>\nProduc\u0103tor:VITEK<br \/>\nPerioada de garan\u021bie, luni:24<\/p>","protected":false},"featured_media":66459,"template":"","meta":{"_acf_changed":false},"product_brand":[],"product_cat":[8723],"product_tag":[],"class_list":{"0":"post-66426","1":"product","2":"type-product","3":"status-publish","4":"has-post-thumbnail","6":"product_cat-uscatoare-de-par","8":"first","9":"instock","10":"shipping-taxable","11":"purchasable","12":"product-type-simple"},"acf":[],"_links":{"self":[{"href":"https:\/\/tehnomag.md\/ru\/wp-json\/wp\/v2\/product\/66426","targetHints":{"allow":["GET"]}}],"collection":[{"href":"https:\/\/tehnomag.md\/ru\/wp-json\/wp\/v2\/product"}],"about":[{"href":"https:\/\/tehnomag.md\/ru\/wp-json\/wp\/v2\/types\/product"}],"wp:featuredmedia":[{"embeddable":true,"href":"https:\/\/tehnomag.md\/ru\/wp-json\/wp\/v2\/media\/66459"}],"wp:attachment":[{"href":"https:\/\/tehnomag.md\/ru\/wp-json\/wp\/v2\/media?parent=66426"}],"wp:term":[{"taxonomy":"product_brand","embeddable":true,"href":"https:\/\/tehnomag.md\/ru\/wp-json\/wp\/v2\/product_brand?post=66426"},{"taxonomy":"product_cat","embeddable":true,"href":"https:\/\/tehnomag.md\/ru\/wp-json\/wp\/v2\/product_cat?post=66426"},{"taxonomy":"product_tag","embeddable":true,"href":"https:\/\/tehnomag.md\/ru\/wp-json\/wp\/v2\/product_tag?post=66426"}],"curies":[{"name":"wp","href":"https:\/\/api.w.org\/{rel}","templated":true}]}}