{"id":66378,"date":"2025-06-24T10:13:52","date_gmt":"2025-06-24T10:13:52","guid":{"rendered":"https:\/\/tehnomag.md\/?post_type=product&#038;p=66378"},"modified":"2025-07-19T08:17:03","modified_gmt":"2025-07-19T08:17:03","slug":"uscator-pentru-par-vitek-vt-2533","status":"publish","type":"product","link":"https:\/\/tehnomag.md\/ru\/catalog\/electrocasnice\/electrocasnice-mici\/tehnica-pentru-ingrijire-personala\/uscatoare-de-par\/uscator-pentru-par-vitek-vt-2533\/","title":{"rendered":"Usc\u0103tor pentru p\u0103r VITEK VT-2533"},"content":{"rendered":"<p>Putere 2200 W<br \/>\nNum\u0103r de moduri 3 moduri de temperatur\u0103 \/ 2 viteze de flux de aer<br \/>\nExist\u0103 o alimentare cu aer rece<br \/>\nExist\u0103 o duz\u0103 concentratoare<br \/>\nExist\u0103 protec\u021bie \u00eempotriva supra\u00eenc\u0103lzirii<br \/>\nExist\u0103 o bucl\u0103 de suspendare<br \/>\nLungime cablu de alimentare 1,8 m<br \/>\nIonizare Ionizarea turmalinei<br \/>\nTip usc\u0103tor de p\u0103r<\/p>","protected":false},"excerpt":{"rendered":"<p>Putere 2200 W<br \/>\nNum\u0103r de moduri 3 moduri de temperatur\u0103 \/ 2 viteze de flux de aer<br \/>\nExist\u0103 o alimentare cu aer rece<br \/>\nExist\u0103 o duz\u0103 concentratoare<br \/>\nExist\u0103 protec\u021bie \u00eempotriva supra\u00eenc\u0103lzirii<br \/>\nExist\u0103 o bucl\u0103 de suspendare<br \/>\nLungime cablu de alimentare 1,8 m<br \/>\nIonizare Ionizarea turmalinei<br \/>\nTip usc\u0103tor de p\u0103r<\/p>","protected":false},"featured_media":66417,"template":"","meta":{"_acf_changed":false},"product_brand":[],"product_cat":[8723],"product_tag":[],"class_list":{"0":"post-66378","1":"product","2":"type-product","3":"status-publish","4":"has-post-thumbnail","6":"product_cat-uscatoare-de-par","8":"first","9":"instock","10":"shipping-taxable","11":"purchasable","12":"product-type-simple"},"acf":[],"_links":{"self":[{"href":"https:\/\/tehnomag.md\/ru\/wp-json\/wp\/v2\/product\/66378","targetHints":{"allow":["GET"]}}],"collection":[{"href":"https:\/\/tehnomag.md\/ru\/wp-json\/wp\/v2\/product"}],"about":[{"href":"https:\/\/tehnomag.md\/ru\/wp-json\/wp\/v2\/types\/product"}],"wp:featuredmedia":[{"embeddable":true,"href":"https:\/\/tehnomag.md\/ru\/wp-json\/wp\/v2\/media\/66417"}],"wp:attachment":[{"href":"https:\/\/tehnomag.md\/ru\/wp-json\/wp\/v2\/media?parent=66378"}],"wp:term":[{"taxonomy":"product_brand","embeddable":true,"href":"https:\/\/tehnomag.md\/ru\/wp-json\/wp\/v2\/product_brand?post=66378"},{"taxonomy":"product_cat","embeddable":true,"href":"https:\/\/tehnomag.md\/ru\/wp-json\/wp\/v2\/product_cat?post=66378"},{"taxonomy":"product_tag","embeddable":true,"href":"https:\/\/tehnomag.md\/ru\/wp-json\/wp\/v2\/product_tag?post=66378"}],"curies":[{"name":"wp","href":"https:\/\/api.w.org\/{rel}","templated":true}]}}