{"id":66308,"date":"2025-06-24T10:13:30","date_gmt":"2025-06-24T10:13:30","guid":{"rendered":"https:\/\/tehnomag.md\/?post_type=product&#038;p=66308"},"modified":"2025-07-19T08:16:58","modified_gmt":"2025-07-19T08:16:58","slug":"aparat-de-ras-electric-vitek-vt-8262","status":"publish","type":"product","link":"https:\/\/tehnomag.md\/ru\/catalog\/electrocasnice\/electrocasnice-mici\/tehnica-pentru-ingrijire-personala\/aparate-de-ras\/aparat-de-ras-electric-vitek-vt-8262\/","title":{"rendered":"Aparat de ras electric VITEK VT-8262"},"content":{"rendered":"<p>Sistem de alimentare cu re\u021bea\/baterie<br \/>\nExist\u0103 un trimmer<br \/>\nExist\u0103 un indicator de \u00eenc\u0103rcare<br \/>\nNum\u0103rul de capete de b\u0103rbierit 3<br \/>\nSunt capete plutitoare<br \/>\nSistem de ras rotativ<br \/>\nAutonomie baterie 45 min<br \/>\nTimp de \u00eenc\u0103rcare a bateriei 8 ore<br \/>\nExist\u0103 un dispozitiv pentru \u00eenc\u0103rcare \u0219i cur\u0103\u021bare<\/p>","protected":false},"excerpt":{"rendered":"<p>Sistem de alimentare cu re\u021bea\/baterie<br \/>\nExist\u0103 un trimmer<br \/>\nExist\u0103 un indicator de \u00eenc\u0103rcare<br \/>\nNum\u0103rul de capete de b\u0103rbierit 3<br \/>\nSunt capete plutitoare<br \/>\nSistem de ras rotativ<br \/>\nAutonomie baterie 45 min<br \/>\nTimp de \u00eenc\u0103rcare a bateriei 8 ore<br \/>\nExist\u0103 un dispozitiv pentru \u00eenc\u0103rcare \u0219i cur\u0103\u021bare<\/p>","protected":false},"featured_media":66338,"template":"","meta":{"_acf_changed":false},"product_brand":[],"product_cat":[8720],"product_tag":[],"class_list":{"0":"post-66308","1":"product","2":"type-product","3":"status-publish","4":"has-post-thumbnail","6":"product_cat-aparate-de-ras","8":"first","9":"instock","10":"shipping-taxable","11":"purchasable","12":"product-type-simple"},"acf":[],"_links":{"self":[{"href":"https:\/\/tehnomag.md\/ru\/wp-json\/wp\/v2\/product\/66308","targetHints":{"allow":["GET"]}}],"collection":[{"href":"https:\/\/tehnomag.md\/ru\/wp-json\/wp\/v2\/product"}],"about":[{"href":"https:\/\/tehnomag.md\/ru\/wp-json\/wp\/v2\/types\/product"}],"wp:featuredmedia":[{"embeddable":true,"href":"https:\/\/tehnomag.md\/ru\/wp-json\/wp\/v2\/media\/66338"}],"wp:attachment":[{"href":"https:\/\/tehnomag.md\/ru\/wp-json\/wp\/v2\/media?parent=66308"}],"wp:term":[{"taxonomy":"product_brand","embeddable":true,"href":"https:\/\/tehnomag.md\/ru\/wp-json\/wp\/v2\/product_brand?post=66308"},{"taxonomy":"product_cat","embeddable":true,"href":"https:\/\/tehnomag.md\/ru\/wp-json\/wp\/v2\/product_cat?post=66308"},{"taxonomy":"product_tag","embeddable":true,"href":"https:\/\/tehnomag.md\/ru\/wp-json\/wp\/v2\/product_tag?post=66308"}],"curies":[{"name":"wp","href":"https:\/\/api.w.org\/{rel}","templated":true}]}}