{"id":66307,"date":"2025-06-24T10:13:29","date_gmt":"2025-06-24T10:13:29","guid":{"rendered":"https:\/\/tehnomag.md\/?post_type=product&#038;p=66307"},"modified":"2025-07-19T08:16:58","modified_gmt":"2025-07-19T08:16:58","slug":"aparat-de-ras-electric-vitek-vt-8267","status":"publish","type":"product","link":"https:\/\/tehnomag.md\/ru\/catalog\/electrocasnice\/electrocasnice-mici\/tehnica-pentru-ingrijire-personala\/aparate-de-ras\/aparat-de-ras-electric-vitek-vt-8267\/","title":{"rendered":"Aparat de ras electric VITEK VT-8267"},"content":{"rendered":"<p>Sistem de b\u0103rbierit: vibra\u021bie<br \/>\nNum\u0103r lamelor de b\u0103rbierit: 2<br \/>\nTip de alimentare: acumulator \/ re\u021bea<br \/>\nTimp de func\u021bionare baterie, min: 40<br \/>\nTimp de \u00eenc\u0103rcare a bateriei, ori: 6<br \/>\nIndicator de \u00eenc\u0103rcare: Da<br \/>\nIndicator al nivelului de \u00eenc\u0103rcare: Da<br \/>\nDisplay: Nu<br \/>\nTrimmer: Da<br \/>\nLame flexibile: Nu<br \/>\nSuportul pentru \u00eenc\u0103rcare \u0219i cur\u0103\u021bare: Da<br \/>\n\u00cenc\u0103rcare rapid\u0103: Nu<br \/>\nAltele: \u0414\u043e\u0440\u043e\u0436\u043d\u044b\u0439 \u0447\u0435\u0445\u043e\u043b<br \/>\nCuloarea: albastru<br \/>\nProduc\u0103tor: VITEK<br \/>\nLink la site-ul produc\u0103torului: VITEK VT-8265 B<br \/>\nPerioada de garan\u021bie, luni: 24<\/p>","protected":false},"excerpt":{"rendered":"<p>Sistem de b\u0103rbierit: vibra\u021bie<br \/>\nNum\u0103r lamelor de b\u0103rbierit: 2<br \/>\nTip de alimentare: acumulator \/ re\u021bea<br \/>\nTimp de func\u021bionare baterie, min: 40<br \/>\nTimp de \u00eenc\u0103rcare a bateriei, ori: 6<br \/>\nIndicator de \u00eenc\u0103rcare: Da<br \/>\nIndicator al nivelului de \u00eenc\u0103rcare: Da<br \/>\nDisplay: Nu<br \/>\nTrimmer: Da<br \/>\nLame flexibile: Nu<br \/>\nSuportul pentru \u00eenc\u0103rcare \u0219i cur\u0103\u021bare: Da<br \/>\n\u00cenc\u0103rcare rapid\u0103: Nu<br \/>\nAltele: \u0414\u043e\u0440\u043e\u0436\u043d\u044b\u0439 \u0447\u0435\u0445\u043e\u043b<br \/>\nCuloarea: albastru<br \/>\nProduc\u0103tor: VITEK<br \/>\nLink la site-ul produc\u0103torului: VITEK VT-8265 B<br \/>\nPerioada de garan\u021bie, luni: 24<\/p>","protected":false},"featured_media":66337,"template":"","meta":{"_acf_changed":false},"product_brand":[],"product_cat":[8720],"product_tag":[],"class_list":{"0":"post-66307","1":"product","2":"type-product","3":"status-publish","4":"has-post-thumbnail","6":"product_cat-aparate-de-ras","8":"first","9":"instock","10":"shipping-taxable","11":"purchasable","12":"product-type-simple"},"acf":[],"_links":{"self":[{"href":"https:\/\/tehnomag.md\/ru\/wp-json\/wp\/v2\/product\/66307","targetHints":{"allow":["GET"]}}],"collection":[{"href":"https:\/\/tehnomag.md\/ru\/wp-json\/wp\/v2\/product"}],"about":[{"href":"https:\/\/tehnomag.md\/ru\/wp-json\/wp\/v2\/types\/product"}],"wp:featuredmedia":[{"embeddable":true,"href":"https:\/\/tehnomag.md\/ru\/wp-json\/wp\/v2\/media\/66337"}],"wp:attachment":[{"href":"https:\/\/tehnomag.md\/ru\/wp-json\/wp\/v2\/media?parent=66307"}],"wp:term":[{"taxonomy":"product_brand","embeddable":true,"href":"https:\/\/tehnomag.md\/ru\/wp-json\/wp\/v2\/product_brand?post=66307"},{"taxonomy":"product_cat","embeddable":true,"href":"https:\/\/tehnomag.md\/ru\/wp-json\/wp\/v2\/product_cat?post=66307"},{"taxonomy":"product_tag","embeddable":true,"href":"https:\/\/tehnomag.md\/ru\/wp-json\/wp\/v2\/product_tag?post=66307"}],"curies":[{"name":"wp","href":"https:\/\/api.w.org\/{rel}","templated":true}]}}