{"id":66244,"date":"2025-06-24T10:13:05","date_gmt":"2025-06-24T10:13:05","guid":{"rendered":"https:\/\/tehnomag.md\/?post_type=product&#038;p=66244"},"modified":"2025-07-19T08:16:53","modified_gmt":"2025-07-19T08:16:53","slug":"masina-de-spalat-electrolux-ew6sn347si","status":"publish","type":"product","link":"https:\/\/tehnomag.md\/ru\/catalog\/electrocasnice\/electrocasnice-mari\/masini-de-spalat-rufe\/automat\/masina-de-spalat-electrolux-ew6sn347si\/","title":{"rendered":"Masina de spalat  ELECTROLUX EW6SN347SI"},"content":{"rendered":"<p>Ma\u015fin\u0103 de sp\u0103lat<br \/>\nMetoda de \u00eenc\u0103rcare a rufelor Frontal<br \/>\nMax. incarcare 7 kg<br \/>\nTip de instalare De sine st\u0103t\u0103tor<br \/>\nTehnologia invertorului Da<br \/>\nConsum de ap\u0103 pe ciclu 45 l<br \/>\nClasa de spalare A<br \/>\nClasa de eficienta energetica C<br \/>\nCuloarea u\u0219ii: negru<br \/>\nCuloare Alb<br \/>\nPrograme<br \/>\nNum\u0103rul de programe 14<br \/>\nSp\u0103lare rapid\u0103 14 minute<br \/>\nControl \u0219i indicare<br \/>\nComutatoare de control<br \/>\nElectronic, atingere<br \/>\nBlocare pentru copii &#8211; Da<br \/>\nIndicatie &#8211; afisaj LED<br \/>\n\u00cenv\u00e2rti\u021bi<br \/>\nClasa de spin &#8211; B<br \/>\nMax. viteza de centrifugare 1351 rpm<br \/>\nMax. Nivel de zgomot 77 dB<br \/>\nDimensiuni si Greutate<br \/>\nAdancime 48 cm<br \/>\nLatime 60 cm<br \/>\nGreutate 64,5 kg<br \/>\nInaltime 84 cm<\/p>","protected":false},"excerpt":{"rendered":"<p>Ma\u015fin\u0103 de sp\u0103lat<br \/>\nMetoda de \u00eenc\u0103rcare a rufelor Frontal<br \/>\nMax. incarcare 7 kg<br \/>\nTip de instalare De sine st\u0103t\u0103tor<br \/>\nTehnologia invertorului Da<br \/>\nConsum de ap\u0103 pe ciclu 45 l<br \/>\nClasa de spalare A<br \/>\nClasa de eficienta energetica C<br \/>\nCuloarea u\u0219ii: negru<br \/>\nCuloare Alb<br \/>\nPrograme<br \/>\nNum\u0103rul de programe 14<br \/>\nSp\u0103lare rapid\u0103 14 minute<br \/>\nControl \u0219i indicare<br \/>\nComutatoare de control<br \/>\nElectronic, atingere<br \/>\nBlocare pentru copii &#8211; Da<br \/>\nIndicatie &#8211; afisaj LED<br \/>\n\u00cenv\u00e2rti\u021bi<br \/>\nClasa de spin &#8211; B<br \/>\nMax. viteza de centrifugare 1351 rpm<br \/>\nMax. Nivel de zgomot 77 dB<br \/>\nDimensiuni si Greutate<br \/>\nAdancime 48 cm<br \/>\nLatime 60 cm<br \/>\nGreutate 64,5 kg<br \/>\nInaltime 84 cm<\/p>","protected":false},"featured_media":66275,"template":"","meta":{"_acf_changed":false},"product_brand":[],"product_cat":[8711],"product_tag":[],"class_list":{"0":"post-66244","1":"product","2":"type-product","3":"status-publish","4":"has-post-thumbnail","6":"product_cat-automat","8":"first","9":"instock","10":"shipping-taxable","11":"purchasable","12":"product-type-simple"},"acf":[],"_links":{"self":[{"href":"https:\/\/tehnomag.md\/ru\/wp-json\/wp\/v2\/product\/66244","targetHints":{"allow":["GET"]}}],"collection":[{"href":"https:\/\/tehnomag.md\/ru\/wp-json\/wp\/v2\/product"}],"about":[{"href":"https:\/\/tehnomag.md\/ru\/wp-json\/wp\/v2\/types\/product"}],"wp:featuredmedia":[{"embeddable":true,"href":"https:\/\/tehnomag.md\/ru\/wp-json\/wp\/v2\/media\/66275"}],"wp:attachment":[{"href":"https:\/\/tehnomag.md\/ru\/wp-json\/wp\/v2\/media?parent=66244"}],"wp:term":[{"taxonomy":"product_brand","embeddable":true,"href":"https:\/\/tehnomag.md\/ru\/wp-json\/wp\/v2\/product_brand?post=66244"},{"taxonomy":"product_cat","embeddable":true,"href":"https:\/\/tehnomag.md\/ru\/wp-json\/wp\/v2\/product_cat?post=66244"},{"taxonomy":"product_tag","embeddable":true,"href":"https:\/\/tehnomag.md\/ru\/wp-json\/wp\/v2\/product_tag?post=66244"}],"curies":[{"name":"wp","href":"https:\/\/api.w.org\/{rel}","templated":true}]}}