{"id":66243,"date":"2025-06-24T10:13:05","date_gmt":"2025-06-24T10:13:05","guid":{"rendered":"https:\/\/tehnomag.md\/?post_type=product&#038;p=66243"},"modified":"2025-07-19T08:16:53","modified_gmt":"2025-07-19T08:16:53","slug":"masina-de-spalat-electroplus-ewm-6wh","status":"publish","type":"product","link":"https:\/\/tehnomag.md\/ru\/catalog\/electrocasnice\/electrocasnice-mari\/masini-de-spalat-rufe\/automat\/masina-de-spalat-electroplus-ewm-6wh\/","title":{"rendered":"Masina de spalat ELECTROPLUS EWM 6WH"},"content":{"rendered":"<p>Tip de \u00eenc\u0103rcare Front<br \/>\nSarcina maxima 6 kg<br \/>\nControl electronic<br \/>\nDispey  Da<br \/>\nViteza de centrifugare 1000 rpm<br \/>\nClase de eficien\u021b\u0103 \u0219i consum de energie<br \/>\nClasa de eficienta energetica A+<br \/>\nSIGURAN\u0162\u0102<br \/>\nSiguran\u021b\u0103 &#8211; Blocarea u\u0219ii care \u00eempiedic\u0103 deschiderea \u00een timpul func\u021bion\u0103rii<br \/>\nSecuritate &#8211; Blocare pentru copii<br \/>\nPROGRAME DE SP\u0102LARE<br \/>\nPrograme speciale &#8211; Bumbac<br \/>\nPrograme speciale &#8211; Sintetice<br \/>\nPrograme speciale &#8211; L\u00e2n\u0103<br \/>\nPrograme speciale &#8211; M\u0103tase<br \/>\nPrograme speciale &#8211; Sp\u0103lare delicat\u0103<br \/>\nPrograme speciale &#8211; Spalare cu abur<br \/>\nPrograme speciale &#8211; Tesaturi mixte<br \/>\nAlte func\u021bii \u0219i caracteristici<br \/>\nCronometru Da<br \/>\nDIMENSIUNI SI DESIGN<br \/>\nCuloare Alb<br \/>\nLatime 60 cm<br \/>\nAdancime 45 cm<br \/>\nInaltime 85 cm<\/p>","protected":false},"excerpt":{"rendered":"<p>Tip de \u00eenc\u0103rcare Front<br \/>\nSarcina maxima 6 kg<br \/>\nControl electronic<br \/>\nDispey  Da<br \/>\nViteza de centrifugare 1000 rpm<br \/>\nClase de eficien\u021b\u0103 \u0219i consum de energie<br \/>\nClasa de eficienta energetica A+<br \/>\nSIGURAN\u0162\u0102<br \/>\nSiguran\u021b\u0103 &#8211; Blocarea u\u0219ii care \u00eempiedic\u0103 deschiderea \u00een timpul func\u021bion\u0103rii<br \/>\nSecuritate &#8211; Blocare pentru copii<br \/>\nPROGRAME DE SP\u0102LARE<br \/>\nPrograme speciale &#8211; Bumbac<br \/>\nPrograme speciale &#8211; Sintetice<br \/>\nPrograme speciale &#8211; L\u00e2n\u0103<br \/>\nPrograme speciale &#8211; M\u0103tase<br \/>\nPrograme speciale &#8211; Sp\u0103lare delicat\u0103<br \/>\nPrograme speciale &#8211; Spalare cu abur<br \/>\nPrograme speciale &#8211; Tesaturi mixte<br \/>\nAlte func\u021bii \u0219i caracteristici<br \/>\nCronometru Da<br \/>\nDIMENSIUNI SI DESIGN<br \/>\nCuloare Alb<br \/>\nLatime 60 cm<br \/>\nAdancime 45 cm<br \/>\nInaltime 85 cm<\/p>","protected":false},"featured_media":66274,"template":"","meta":{"_acf_changed":false},"product_brand":[],"product_cat":[8711],"product_tag":[],"class_list":{"0":"post-66243","1":"product","2":"type-product","3":"status-publish","4":"has-post-thumbnail","6":"product_cat-automat","8":"first","9":"instock","10":"shipping-taxable","11":"purchasable","12":"product-type-simple"},"acf":[],"_links":{"self":[{"href":"https:\/\/tehnomag.md\/ru\/wp-json\/wp\/v2\/product\/66243","targetHints":{"allow":["GET"]}}],"collection":[{"href":"https:\/\/tehnomag.md\/ru\/wp-json\/wp\/v2\/product"}],"about":[{"href":"https:\/\/tehnomag.md\/ru\/wp-json\/wp\/v2\/types\/product"}],"wp:featuredmedia":[{"embeddable":true,"href":"https:\/\/tehnomag.md\/ru\/wp-json\/wp\/v2\/media\/66274"}],"wp:attachment":[{"href":"https:\/\/tehnomag.md\/ru\/wp-json\/wp\/v2\/media?parent=66243"}],"wp:term":[{"taxonomy":"product_brand","embeddable":true,"href":"https:\/\/tehnomag.md\/ru\/wp-json\/wp\/v2\/product_brand?post=66243"},{"taxonomy":"product_cat","embeddable":true,"href":"https:\/\/tehnomag.md\/ru\/wp-json\/wp\/v2\/product_cat?post=66243"},{"taxonomy":"product_tag","embeddable":true,"href":"https:\/\/tehnomag.md\/ru\/wp-json\/wp\/v2\/product_tag?post=66243"}],"curies":[{"name":"wp","href":"https:\/\/api.w.org\/{rel}","templated":true}]}}