{"id":66204,"date":"2025-06-24T10:12:42","date_gmt":"2025-06-24T10:12:42","guid":{"rendered":"https:\/\/tehnomag.md\/?post_type=product&#038;p=66204"},"modified":"2025-07-19T08:16:53","modified_gmt":"2025-07-19T08:16:53","slug":"masina-de-spalat-electroplus-ewm-81400","status":"publish","type":"product","link":"https:\/\/tehnomag.md\/ru\/catalog\/electrocasnice\/electrocasnice-mari\/masini-de-spalat-rufe\/automat\/masina-de-spalat-electroplus-ewm-81400\/","title":{"rendered":"Masina de spalat ELECTROPLUS EWM 81400"},"content":{"rendered":"<p>Tip de \u00eenc\u0103rcare frontal\u0103<br \/>\nSarcina maxima, kg 8<br \/>\nViteza maxim\u0103 de centrifugare, rpm. 1200<br \/>\nNum\u0103rul de programe 14<br \/>\nClasa de eficien\u021b\u0103 energetic\u0103\/sp\u0103lare\/centrifugare A++\/A\/C<br \/>\nNivel de zgomot la sp\u0103lare\/centrifugare, dBa 58\/77<br \/>\nConsum de apa, l\/electricitate, kW\/h 27\/0,47<br \/>\nculoare alba<br \/>\nParticularitati:<br \/>\n-protec\u021bia Copilului<br \/>\n-indicare LED<br \/>\n-Ecran LCD<br \/>\n&#8211; controlul spumei<br \/>\nAd\u00e2ncime, mm 520<br \/>\nDimensiuni, HxLxD, mm 850x600x520<br \/>\nGreutate neta, kg 57<br \/>\nPerioada de garantie 2 ani<\/p>","protected":false},"excerpt":{"rendered":"<p>Tip de \u00eenc\u0103rcare frontal\u0103<br \/>\nSarcina maxima, kg 8<br \/>\nViteza maxim\u0103 de centrifugare, rpm. 1200<br \/>\nNum\u0103rul de programe 14<br \/>\nClasa de eficien\u021b\u0103 energetic\u0103\/sp\u0103lare\/centrifugare A++\/A\/C<br \/>\nNivel de zgomot la sp\u0103lare\/centrifugare, dBa 58\/77<br \/>\nConsum de apa, l\/electricitate, kW\/h 27\/0,47<br \/>\nculoare alba<br \/>\nParticularitati:<br \/>\n-protec\u021bia Copilului<br \/>\n-indicare LED<br \/>\n-Ecran LCD<br \/>\n&#8211; controlul spumei<br \/>\nAd\u00e2ncime, mm 520<br \/>\nDimensiuni, HxLxD, mm 850x600x520<br \/>\nGreutate neta, kg 57<br \/>\nPerioada de garantie 2 ani<\/p>","protected":false},"featured_media":66272,"template":"","meta":{"_acf_changed":false},"product_brand":[],"product_cat":[8711],"product_tag":[],"class_list":{"0":"post-66204","1":"product","2":"type-product","3":"status-publish","4":"has-post-thumbnail","6":"product_cat-automat","8":"first","9":"instock","10":"shipping-taxable","11":"purchasable","12":"product-type-simple"},"acf":[],"_links":{"self":[{"href":"https:\/\/tehnomag.md\/ru\/wp-json\/wp\/v2\/product\/66204","targetHints":{"allow":["GET"]}}],"collection":[{"href":"https:\/\/tehnomag.md\/ru\/wp-json\/wp\/v2\/product"}],"about":[{"href":"https:\/\/tehnomag.md\/ru\/wp-json\/wp\/v2\/types\/product"}],"wp:featuredmedia":[{"embeddable":true,"href":"https:\/\/tehnomag.md\/ru\/wp-json\/wp\/v2\/media\/66272"}],"wp:attachment":[{"href":"https:\/\/tehnomag.md\/ru\/wp-json\/wp\/v2\/media?parent=66204"}],"wp:term":[{"taxonomy":"product_brand","embeddable":true,"href":"https:\/\/tehnomag.md\/ru\/wp-json\/wp\/v2\/product_brand?post=66204"},{"taxonomy":"product_cat","embeddable":true,"href":"https:\/\/tehnomag.md\/ru\/wp-json\/wp\/v2\/product_cat?post=66204"},{"taxonomy":"product_tag","embeddable":true,"href":"https:\/\/tehnomag.md\/ru\/wp-json\/wp\/v2\/product_tag?post=66204"}],"curies":[{"name":"wp","href":"https:\/\/api.w.org\/{rel}","templated":true}]}}