{"id":66203,"date":"2025-06-24T10:12:42","date_gmt":"2025-06-24T10:12:42","guid":{"rendered":"https:\/\/tehnomag.md\/?post_type=product&#038;p=66203"},"modified":"2025-07-19T08:16:53","modified_gmt":"2025-07-19T08:16:53","slug":"masina-de-spalat-aeg-lfr61944be","status":"publish","type":"product","link":"https:\/\/tehnomag.md\/ru\/catalog\/electrocasnice\/electrocasnice-mari\/masini-de-spalat-rufe\/automat\/masina-de-spalat-aeg-lfr61944be\/","title":{"rendered":"Masina de spalat  AEG LFR61944BE"},"content":{"rendered":"<p>Masina de spalat AEG LFR61944BE<\/p>\n<p>Tip \u00eenc\u0103rcare   frontal\u0103<br \/>\nCapacitate maxim\u0103 de \u00eenc\u0103rcare  9 kg<br \/>\nDisplay da<br \/>\nClasa de eficien\u021b\u0103 energetic\u0103 03\/2021   A<br \/>\nClasa eficien\u0163ei la sp\u0103lare A<br \/>\nClasa eficien\u0163ei la stoarcere   B<br \/>\nViteza maxim\u0103 de centrifugare   1400 rpm<br \/>\nConsum de ap\u0103   50 litri<br \/>\nNivel de zgomot la centrifugare 76 dB<br \/>\nMotorul invertorului    da<br \/>\nCuloare alb<br \/>\nCuloare u\u015f\u0103 negru<br \/>\n\u00cen\u0103l\u0163ime    84.7 cm<br \/>\nL\u0103\u0163ime  59.7 cm<br \/>\nAd\u00e2ncime    63.6 cm<br \/>\nGreutate    75.5 kg<\/p>","protected":false},"excerpt":{"rendered":"<p>Masina de spalat AEG LFR61944BE<\/p>\n<p>Tip \u00eenc\u0103rcare   frontal\u0103<br \/>\nCapacitate maxim\u0103 de \u00eenc\u0103rcare  9 kg<br \/>\nDisplay da<br \/>\nClasa de eficien\u021b\u0103 energetic\u0103 03\/2021   A<br \/>\nClasa eficien\u0163ei la sp\u0103lare A<br \/>\nClasa eficien\u0163ei la stoarcere   B<br \/>\nViteza maxim\u0103 de centrifugare   1400 rpm<br \/>\nConsum de ap\u0103   50 litri<br \/>\nNivel de zgomot la centrifugare 76 dB<br \/>\nMotorul invertorului    da<br \/>\nCuloare alb<br \/>\nCuloare u\u015f\u0103 negru<br \/>\n\u00cen\u0103l\u0163ime    84.7 cm<br \/>\nL\u0103\u0163ime  59.7 cm<br \/>\nAd\u00e2ncime    63.6 cm<br \/>\nGreutate    75.5 kg<\/p>","protected":false},"featured_media":66270,"template":"","meta":{"_acf_changed":false},"product_brand":[],"product_cat":[8711],"product_tag":[],"class_list":{"0":"post-66203","1":"product","2":"type-product","3":"status-publish","4":"has-post-thumbnail","6":"product_cat-automat","8":"first","9":"instock","10":"shipping-taxable","11":"purchasable","12":"product-type-simple"},"acf":[],"_links":{"self":[{"href":"https:\/\/tehnomag.md\/ru\/wp-json\/wp\/v2\/product\/66203","targetHints":{"allow":["GET"]}}],"collection":[{"href":"https:\/\/tehnomag.md\/ru\/wp-json\/wp\/v2\/product"}],"about":[{"href":"https:\/\/tehnomag.md\/ru\/wp-json\/wp\/v2\/types\/product"}],"wp:featuredmedia":[{"embeddable":true,"href":"https:\/\/tehnomag.md\/ru\/wp-json\/wp\/v2\/media\/66270"}],"wp:attachment":[{"href":"https:\/\/tehnomag.md\/ru\/wp-json\/wp\/v2\/media?parent=66203"}],"wp:term":[{"taxonomy":"product_brand","embeddable":true,"href":"https:\/\/tehnomag.md\/ru\/wp-json\/wp\/v2\/product_brand?post=66203"},{"taxonomy":"product_cat","embeddable":true,"href":"https:\/\/tehnomag.md\/ru\/wp-json\/wp\/v2\/product_cat?post=66203"},{"taxonomy":"product_tag","embeddable":true,"href":"https:\/\/tehnomag.md\/ru\/wp-json\/wp\/v2\/product_tag?post=66203"}],"curies":[{"name":"wp","href":"https:\/\/api.w.org\/{rel}","templated":true}]}}