{"id":66202,"date":"2025-06-24T10:12:42","date_gmt":"2025-06-24T10:12:42","guid":{"rendered":"https:\/\/tehnomag.md\/?post_type=product&#038;p=66202"},"modified":"2025-07-19T08:16:53","modified_gmt":"2025-07-19T08:16:53","slug":"masina-de-spalat-midea-mf100w80b-w","status":"publish","type":"product","link":"https:\/\/tehnomag.md\/ru\/catalog\/electrocasnice\/electrocasnice-mari\/masini-de-spalat-rufe\/automat\/masina-de-spalat-midea-mf100w80b-w\/","title":{"rendered":"Masina de spalat MIDEA MF100W80B\/W"},"content":{"rendered":"<p>Caracteristici generale<br \/>\nTip: \u00cenc\u0103rcare frontal\u0103<br \/>\nInstalare: De sine st\u0103t\u0103tor<br \/>\nIncarcare: 7 kg<br \/>\nRotire, rpm: 1000<br \/>\nVitez\u0103 de centrifugare variabil\u0103: +<br \/>\nTip motor: colector<br \/>\nTip de transmisie: curea<br \/>\nTemporizator de \u00eent\u00e2rziere pentru sp\u0103lare: +<br \/>\nNivel de zgomot (sp\u0103lare): 53 dB<br \/>\nNivel de zgomot (spin): 80 dB<br \/>\nDisplay: Da<br \/>\nParticularitati:<br \/>\n-Selectarea temperaturii<br \/>\n-Cl\u0103tire suplimentar\u0103<br \/>\n&#8211; Cur\u0103\u021barea tamburului<br \/>\n-Pauz\u0103<br \/>\nEficienta energetica<br \/>\nConsum de ap\u0103 pe ciclu: 43 l<br \/>\nConsum de energie electric\u0103 pe ciclu: 0,64 kWh<br \/>\nClasa energetica: A+<br \/>\nClasa de eficienta a spalarii: A<br \/>\nClasa de eficien\u021b\u0103 la centrifugare: B<br \/>\nNumar de programe: 15<br \/>\nPrograme:<br \/>\n-Bumbac ECO<br \/>\n-Rapid<br \/>\n-Delicat<br \/>\n-Blugi<br \/>\n-Preliminar<br \/>\n-Sintetice<br \/>\n-Scurgere de spin<br \/>\n-Tesaturi mixte<br \/>\n-Bumbac<br \/>\n-L\u00e2n\u0103<br \/>\n-Siguran\u021b\u0103<br \/>\n&#8211; Blocare pentru copii<br \/>\n-Protec\u021bie \u00eempotriva scurgerilor<br \/>\n&#8211; Controlul echilibrului<br \/>\nDimensiuni<br \/>\n-Inaltime: 85 cm<br \/>\n-Adancime: 40 cm<br \/>\n-Latime: 59,5 cm<\/p>","protected":false},"excerpt":{"rendered":"<p>Caracteristici generale<br \/>\nTip: \u00cenc\u0103rcare frontal\u0103<br \/>\nInstalare: De sine st\u0103t\u0103tor<br \/>\nIncarcare: 7 kg<br \/>\nRotire, rpm: 1000<br \/>\nVitez\u0103 de centrifugare variabil\u0103: +<br \/>\nTip motor: colector<br \/>\nTip de transmisie: curea<br \/>\nTemporizator de \u00eent\u00e2rziere pentru sp\u0103lare: +<br \/>\nNivel de zgomot (sp\u0103lare): 53 dB<br \/>\nNivel de zgomot (spin): 80 dB<br \/>\nDisplay: Da<br \/>\nParticularitati:<br \/>\n-Selectarea temperaturii<br \/>\n-Cl\u0103tire suplimentar\u0103<br \/>\n&#8211; Cur\u0103\u021barea tamburului<br \/>\n-Pauz\u0103<br \/>\nEficienta energetica<br \/>\nConsum de ap\u0103 pe ciclu: 43 l<br \/>\nConsum de energie electric\u0103 pe ciclu: 0,64 kWh<br \/>\nClasa energetica: A+<br \/>\nClasa de eficienta a spalarii: A<br \/>\nClasa de eficien\u021b\u0103 la centrifugare: B<br \/>\nNumar de programe: 15<br \/>\nPrograme:<br \/>\n-Bumbac ECO<br \/>\n-Rapid<br \/>\n-Delicat<br \/>\n-Blugi<br \/>\n-Preliminar<br \/>\n-Sintetice<br \/>\n-Scurgere de spin<br \/>\n-Tesaturi mixte<br \/>\n-Bumbac<br \/>\n-L\u00e2n\u0103<br \/>\n-Siguran\u021b\u0103<br \/>\n&#8211; Blocare pentru copii<br \/>\n-Protec\u021bie \u00eempotriva scurgerilor<br \/>\n&#8211; Controlul echilibrului<br \/>\nDimensiuni<br \/>\n-Inaltime: 85 cm<br \/>\n-Adancime: 40 cm<br \/>\n-Latime: 59,5 cm<\/p>","protected":false},"featured_media":66240,"template":"","meta":{"_acf_changed":false},"product_brand":[],"product_cat":[8711],"product_tag":[],"class_list":{"0":"post-66202","1":"product","2":"type-product","3":"status-publish","4":"has-post-thumbnail","6":"product_cat-automat","8":"first","9":"instock","10":"shipping-taxable","11":"purchasable","12":"product-type-simple"},"acf":[],"_links":{"self":[{"href":"https:\/\/tehnomag.md\/ru\/wp-json\/wp\/v2\/product\/66202","targetHints":{"allow":["GET"]}}],"collection":[{"href":"https:\/\/tehnomag.md\/ru\/wp-json\/wp\/v2\/product"}],"about":[{"href":"https:\/\/tehnomag.md\/ru\/wp-json\/wp\/v2\/types\/product"}],"wp:featuredmedia":[{"embeddable":true,"href":"https:\/\/tehnomag.md\/ru\/wp-json\/wp\/v2\/media\/66240"}],"wp:attachment":[{"href":"https:\/\/tehnomag.md\/ru\/wp-json\/wp\/v2\/media?parent=66202"}],"wp:term":[{"taxonomy":"product_brand","embeddable":true,"href":"https:\/\/tehnomag.md\/ru\/wp-json\/wp\/v2\/product_brand?post=66202"},{"taxonomy":"product_cat","embeddable":true,"href":"https:\/\/tehnomag.md\/ru\/wp-json\/wp\/v2\/product_cat?post=66202"},{"taxonomy":"product_tag","embeddable":true,"href":"https:\/\/tehnomag.md\/ru\/wp-json\/wp\/v2\/product_tag?post=66202"}],"curies":[{"name":"wp","href":"https:\/\/api.w.org\/{rel}","templated":true}]}}