{"id":66201,"date":"2025-06-24T10:12:42","date_gmt":"2025-06-24T10:12:42","guid":{"rendered":"https:\/\/tehnomag.md\/?post_type=product&#038;p=66201"},"modified":"2025-07-19T08:16:53","modified_gmt":"2025-07-19T08:16:53","slug":"masina-de-spalat-9kg-samsung-ww90t4040ce1le","status":"publish","type":"product","link":"https:\/\/tehnomag.md\/ru\/catalog\/electrocasnice\/electrocasnice-mari\/masini-de-spalat-rufe\/automat\/masina-de-spalat-9kg-samsung-ww90t4040ce1le\/","title":{"rendered":"Masina de spalat 9kg  SAMSUNG WW90T4040CE1LE"},"content":{"rendered":"<p>Tip de \u00eenc\u0103rcare &#8211; frontal\u0103<br \/>\nMax. \u00eenc\u0103rcare (bumbac), kg &#8211; 9<br \/>\nMax. viteza de centrifugare, rpm &#8211; 1400<br \/>\nClasa energetica &#8211; D<br \/>\nClasa de sp\u0103lare &#8211; A<br \/>\nClasa de spin &#8211; A<br \/>\nInvertor &#8211; Da<br \/>\nTip display &#8211; LED<br \/>\nAutodozarea detergentului &#8211; Da<br \/>\nSp\u0103lare rapid\u0103 &#8211; Da<br \/>\nModul de sp\u0103lare cu abur &#8211; Da<br \/>\nMod (blocare pentru copii) &#8211; Da<br \/>\nAutodiagnostica este gre\u0219it\u0103. &#8211; Nu<br \/>\nNivel de zgomot \u00een timpul sp\u0103l\u0103rii, dB &#8211; 53<br \/>\nNivelul de zgomot \u00een timpul rot\u0103rii, dB &#8211; 72<br \/>\nDIMENSIUNI<br \/>\n\u00cen\u0103l\u021bime, cm &#8211; 85<br \/>\nLatime, cm &#8211; 60<br \/>\nAd\u00e2ncime, cm &#8211; 55<br \/>\nPARAMETRI COMUNI<br \/>\nTip &#8211; Standard masina de spalat rufe<br \/>\nMarca &#8211; Samsung<br \/>\nModel &#8211; WW90T4040CE1LE<br \/>\nculoare alba<br \/>\nGreutate, kg &#8211; 65<br \/>\nGarantie, luni &#8211; 36<br \/>\n\u021aara &#8211; Polonia<\/p>","protected":false},"excerpt":{"rendered":"<p>Tip de \u00eenc\u0103rcare &#8211; frontal\u0103<br \/>\nMax. \u00eenc\u0103rcare (bumbac), kg &#8211; 9<br \/>\nMax. viteza de centrifugare, rpm &#8211; 1400<br \/>\nClasa energetica &#8211; D<br \/>\nClasa de sp\u0103lare &#8211; A<br \/>\nClasa de spin &#8211; A<br \/>\nInvertor &#8211; Da<br \/>\nTip display &#8211; LED<br \/>\nAutodozarea detergentului &#8211; Da<br \/>\nSp\u0103lare rapid\u0103 &#8211; Da<br \/>\nModul de sp\u0103lare cu abur &#8211; Da<br \/>\nMod (blocare pentru copii) &#8211; Da<br \/>\nAutodiagnostica este gre\u0219it\u0103. &#8211; Nu<br \/>\nNivel de zgomot \u00een timpul sp\u0103l\u0103rii, dB &#8211; 53<br \/>\nNivelul de zgomot \u00een timpul rot\u0103rii, dB &#8211; 72<br \/>\nDIMENSIUNI<br \/>\n\u00cen\u0103l\u021bime, cm &#8211; 85<br \/>\nLatime, cm &#8211; 60<br \/>\nAd\u00e2ncime, cm &#8211; 55<br \/>\nPARAMETRI COMUNI<br \/>\nTip &#8211; Standard masina de spalat rufe<br \/>\nMarca &#8211; Samsung<br \/>\nModel &#8211; WW90T4040CE1LE<br \/>\nculoare alba<br \/>\nGreutate, kg &#8211; 65<br \/>\nGarantie, luni &#8211; 36<br \/>\n\u021aara &#8211; Polonia<\/p>","protected":false},"featured_media":66239,"template":"","meta":{"_acf_changed":false},"product_brand":[],"product_cat":[8711],"product_tag":[],"class_list":{"0":"post-66201","1":"product","2":"type-product","3":"status-publish","4":"has-post-thumbnail","6":"product_cat-automat","8":"first","9":"instock","10":"shipping-taxable","11":"purchasable","12":"product-type-simple"},"acf":[],"_links":{"self":[{"href":"https:\/\/tehnomag.md\/ru\/wp-json\/wp\/v2\/product\/66201","targetHints":{"allow":["GET"]}}],"collection":[{"href":"https:\/\/tehnomag.md\/ru\/wp-json\/wp\/v2\/product"}],"about":[{"href":"https:\/\/tehnomag.md\/ru\/wp-json\/wp\/v2\/types\/product"}],"wp:featuredmedia":[{"embeddable":true,"href":"https:\/\/tehnomag.md\/ru\/wp-json\/wp\/v2\/media\/66239"}],"wp:attachment":[{"href":"https:\/\/tehnomag.md\/ru\/wp-json\/wp\/v2\/media?parent=66201"}],"wp:term":[{"taxonomy":"product_brand","embeddable":true,"href":"https:\/\/tehnomag.md\/ru\/wp-json\/wp\/v2\/product_brand?post=66201"},{"taxonomy":"product_cat","embeddable":true,"href":"https:\/\/tehnomag.md\/ru\/wp-json\/wp\/v2\/product_cat?post=66201"},{"taxonomy":"product_tag","embeddable":true,"href":"https:\/\/tehnomag.md\/ru\/wp-json\/wp\/v2\/product_tag?post=66201"}],"curies":[{"name":"wp","href":"https:\/\/api.w.org\/{rel}","templated":true}]}}