{"id":66193,"date":"2025-06-24T10:12:41","date_gmt":"2025-06-24T10:12:41","guid":{"rendered":"https:\/\/tehnomag.md\/?post_type=product&#038;p=66193"},"modified":"2025-07-19T08:16:52","modified_gmt":"2025-07-19T08:16:52","slug":"masina-de-spalat-zanetti-zwm-6800-52","status":"publish","type":"product","link":"https:\/\/tehnomag.md\/ru\/catalog\/electrocasnice\/electrocasnice-mari\/masini-de-spalat-rufe\/automat\/masina-de-spalat-zanetti-zwm-6800-52\/","title":{"rendered":"Masina de spalat ZANETTI ZWM 6800-52"},"content":{"rendered":"<p>Tip de \u00eenc\u0103rcare: frontal\u0103<br \/>\nSarcina maxima &#8211; 6 kg<br \/>\nAfi\u0219are &#8211; da<br \/>\nClasa de sp\u0103lare &#8211; A<br \/>\nClasa de spin &#8211; C<br \/>\nViteza de centrifugare &#8211; 00 rpm<br \/>\nNivel de zgomot \u00een timpul sp\u0103l\u0103rii 58 dB<br \/>\nNivel de zgomot la centrifugare 77 dB<br \/>\nNum\u0103rul de programe de sp\u0103lare 15<br \/>\nculoare alba<br \/>\nCuloarea trapei alb<br \/>\nInaltime 85 cm<br \/>\nLatime 60 cm<br \/>\nAd\u00e2ncime? 50 cm<br \/>\nGreutate 57 kg<br \/>\nCaracteristici \u0219i func\u021bii: pornire \u00eent\u00e2rziat\u0103, protec\u021bie pentru copii<br \/>\nGarantie 24 luni.<\/p>","protected":false},"excerpt":{"rendered":"<p>Tip de \u00eenc\u0103rcare: frontal\u0103<br \/>\nSarcina maxima &#8211; 6 kg<br \/>\nAfi\u0219are &#8211; da<br \/>\nClasa de sp\u0103lare &#8211; A<br \/>\nClasa de spin &#8211; C<br \/>\nViteza de centrifugare &#8211; 00 rpm<br \/>\nNivel de zgomot \u00een timpul sp\u0103l\u0103rii 58 dB<br \/>\nNivel de zgomot la centrifugare 77 dB<br \/>\nNum\u0103rul de programe de sp\u0103lare 15<br \/>\nculoare alba<br \/>\nCuloarea trapei alb<br \/>\nInaltime 85 cm<br \/>\nLatime 60 cm<br \/>\nAd\u00e2ncime? 50 cm<br \/>\nGreutate 57 kg<br \/>\nCaracteristici \u0219i func\u021bii: pornire \u00eent\u00e2rziat\u0103, protec\u021bie pentru copii<br \/>\nGarantie 24 luni.<\/p>","protected":false},"featured_media":66231,"template":"","meta":{"_acf_changed":false},"product_brand":[],"product_cat":[8711],"product_tag":[],"class_list":{"0":"post-66193","1":"product","2":"type-product","3":"status-publish","4":"has-post-thumbnail","6":"product_cat-automat","8":"first","9":"instock","10":"shipping-taxable","11":"purchasable","12":"product-type-simple"},"acf":[],"_links":{"self":[{"href":"https:\/\/tehnomag.md\/ru\/wp-json\/wp\/v2\/product\/66193","targetHints":{"allow":["GET"]}}],"collection":[{"href":"https:\/\/tehnomag.md\/ru\/wp-json\/wp\/v2\/product"}],"about":[{"href":"https:\/\/tehnomag.md\/ru\/wp-json\/wp\/v2\/types\/product"}],"wp:featuredmedia":[{"embeddable":true,"href":"https:\/\/tehnomag.md\/ru\/wp-json\/wp\/v2\/media\/66231"}],"wp:attachment":[{"href":"https:\/\/tehnomag.md\/ru\/wp-json\/wp\/v2\/media?parent=66193"}],"wp:term":[{"taxonomy":"product_brand","embeddable":true,"href":"https:\/\/tehnomag.md\/ru\/wp-json\/wp\/v2\/product_brand?post=66193"},{"taxonomy":"product_cat","embeddable":true,"href":"https:\/\/tehnomag.md\/ru\/wp-json\/wp\/v2\/product_cat?post=66193"},{"taxonomy":"product_tag","embeddable":true,"href":"https:\/\/tehnomag.md\/ru\/wp-json\/wp\/v2\/product_tag?post=66193"}],"curies":[{"name":"wp","href":"https:\/\/api.w.org\/{rel}","templated":true}]}}