{"id":66144,"date":"2025-06-24T10:12:19","date_gmt":"2025-06-24T10:12:19","guid":{"rendered":"https:\/\/tehnomag.md\/?post_type=product&#038;p=66144"},"modified":"2025-07-19T08:16:50","modified_gmt":"2025-07-19T08:16:50","slug":"aspirator-vc-3-kap-karcher-1-198-051-0","status":"publish","type":"product","link":"https:\/\/tehnomag.md\/ru\/catalog\/electrocasnice\/electrocasnice-mari\/aspiratoare\/aspiratoare-aspiratoare\/aspirator-vc-3-kap-karcher-1-198-051-0\/","title":{"rendered":"Aspirator  VC 3 KAP  KARCHER 1.198-051.0"},"content":{"rendered":"<p>Aspiratorul ciclon compact \u0219i fiabil VC 3 Premium este special conceput pentru cur\u0103\u021barea uscat\u0103 rapid\u0103 \u0219i eficient\u0103 at\u00e2t a podelelor dure, c\u00e2t \u0219i a covoarelor. Un model revolu\u021bionar de economisire a energiei care consum\u0103 doar 700 W f\u0103r\u0103 a pierde puterea de aspirare. Echipat cu filtru HEPA 13.<\/p>\n<p>Specifica\u021bii<br \/>\nConsum de energie (W) 700<br \/>\nRaza de ac\u021biune (m) 7,5<br \/>\nNivel de putere sonor\u0103 (dB(A)) 76<br \/>\nFurtun de aspira\u021bie (m) 1,5<br \/>\nTensiune (V) 220 &#8211; 240<br \/>\nFrecven\u021b\u0103 (Hz) 50 &#8211; 60<br \/>\nGreutate f\u0103r\u0103 accesorii (kg) 4.4<br \/>\nDimensiuni (lungime x latime x inaltime) (mm) &#8211; 388 x 269 x 334<\/p>","protected":false},"excerpt":{"rendered":"<p>Aspiratorul ciclon compact \u0219i fiabil VC 3 Premium este special conceput pentru cur\u0103\u021barea uscat\u0103 rapid\u0103 \u0219i eficient\u0103 at\u00e2t a podelelor dure, c\u00e2t \u0219i a covoarelor. Un model revolu\u021bionar de economisire a energiei care consum\u0103 doar 700 W f\u0103r\u0103 a pierde puterea de aspirare. Echipat cu filtru HEPA 13.<\/p>\n<p>Specifica\u021bii<br \/>\nConsum de energie (W) 700<br \/>\nRaza de ac\u021biune (m) 7,5<br \/>\nNivel de putere sonor\u0103 (dB(A)) 76<br \/>\nFurtun de aspira\u021bie (m) 1,5<br \/>\nTensiune (V) 220 &#8211; 240<br \/>\nFrecven\u021b\u0103 (Hz) 50 &#8211; 60<br \/>\nGreutate f\u0103r\u0103 accesorii (kg) 4.4<br \/>\nDimensiuni (lungime x latime x inaltime) (mm) &#8211; 388 x 269 x 334<\/p>","protected":false},"featured_media":66208,"template":"","meta":{"_acf_changed":false},"product_brand":[],"product_cat":[8709],"product_tag":[],"class_list":{"0":"post-66144","1":"product","2":"type-product","3":"status-publish","4":"has-post-thumbnail","6":"product_cat-aspiratoare-aspiratoare","8":"first","9":"instock","10":"shipping-taxable","11":"purchasable","12":"product-type-simple"},"acf":[],"_links":{"self":[{"href":"https:\/\/tehnomag.md\/ru\/wp-json\/wp\/v2\/product\/66144","targetHints":{"allow":["GET"]}}],"collection":[{"href":"https:\/\/tehnomag.md\/ru\/wp-json\/wp\/v2\/product"}],"about":[{"href":"https:\/\/tehnomag.md\/ru\/wp-json\/wp\/v2\/types\/product"}],"wp:featuredmedia":[{"embeddable":true,"href":"https:\/\/tehnomag.md\/ru\/wp-json\/wp\/v2\/media\/66208"}],"wp:attachment":[{"href":"https:\/\/tehnomag.md\/ru\/wp-json\/wp\/v2\/media?parent=66144"}],"wp:term":[{"taxonomy":"product_brand","embeddable":true,"href":"https:\/\/tehnomag.md\/ru\/wp-json\/wp\/v2\/product_brand?post=66144"},{"taxonomy":"product_cat","embeddable":true,"href":"https:\/\/tehnomag.md\/ru\/wp-json\/wp\/v2\/product_cat?post=66144"},{"taxonomy":"product_tag","embeddable":true,"href":"https:\/\/tehnomag.md\/ru\/wp-json\/wp\/v2\/product_tag?post=66144"}],"curies":[{"name":"wp","href":"https:\/\/api.w.org\/{rel}","templated":true}]}}