{"id":66142,"date":"2025-06-24T10:12:19","date_gmt":"2025-06-24T10:12:19","guid":{"rendered":"https:\/\/tehnomag.md\/?post_type=product&#038;p=66142"},"modified":"2025-07-19T08:16:49","modified_gmt":"2025-07-19T08:16:49","slug":"aspirator-cu-acumulator-karcher-wd-2-18-v-12-18-battery-kit-1-628-500-01","status":"publish","type":"product","link":"https:\/\/tehnomag.md\/ru\/catalog\/electrocasnice\/electrocasnice-mari\/aspiratoare\/aspiratoare-aspiratoare\/aspirator-cu-acumulator-karcher-wd-2-18-v-12-18-battery-kit-1-628-500-01\/","title":{"rendered":"Aspirator cu acumulator  KARCHER  WD 2-18 V-12\/18 Battery  + Kit   1.628-500.01"},"content":{"rendered":"<p>Aspiratorul umed \u0219i uscat WD 2-18 alimentat de baterii func\u021bioneaz\u0103 pe platforma de baterii K\u00e4rcher Battery Power de 18 V \u0219i ofer\u0103 flexibilitate maxim\u0103, design compact \u0219i libertate de mi\u0219care. Dispozitivul combin\u0103 perfect un furtun de aspira\u021bie de 1,8 metri lungime \u0219i cleme duza de podea \u0219i poate \u00eendep\u0103rta \u00een cel mai scurt timp murd\u0103ria umed\u0103 \u0219i fin\u0103 sau grosier\u0103. Dispozitivul este, de asemenea, echipat cu un recipient din plastic robust \u0219i rezistent la \u0219ocuri de 12 litri, precum \u0219i cu o pung\u0103 de filtru din l\u00e2n\u0103. Depozitarea furtunului de aspira\u021bie economise\u0219te spa\u021biu; pur \u0219i simplu ag\u0103\u021ba\u021bi-l \u00een siguran\u021b\u0103 de capul dispozitivului. Alte caracteristici includ func\u021bia practic\u0103 de suflare pentru zonele \u00een care aspirarea nu este posibil\u0103, raftul de depozitare pentru unelte \u0219i obiecte mici, comutatorul rotativ pentru a porni \u0219i opri cu u\u0219urin\u021b\u0103 dispozitivul, m\u00e2nerul de transport format ergonomic, precum \u0219i \u201ePull &#038; Push\u201d sistem de blocare care permite deschiderea \u0219i \u00eenchiderea cu u\u0219urin\u021b\u0103 a containerului. Pozi\u021bia de parcare oferit\u0103 pe bara de protec\u021bie permite ca tuburile \u0219i duza de podea s\u0103 fie, de asemenea, depozitate rapid \u0219i convenabil atunci c\u00e2nd se face o scurt\u0103 pauz\u0103 de la lucru.<\/p>\n<p>CARACTERISTICI SI BENEFICII<\/p>","protected":false},"excerpt":{"rendered":"<p>Aspiratorul umed \u0219i uscat WD 2-18 alimentat de baterii func\u021bioneaz\u0103 pe platforma de baterii K\u00e4rcher Battery Power de 18 V \u0219i ofer\u0103 flexibilitate maxim\u0103, design compact \u0219i libertate de mi\u0219care. Dispozitivul combin\u0103 perfect un furtun de aspira\u021bie de 1,8 metri lungime \u0219i cleme duza de podea \u0219i poate \u00eendep\u0103rta \u00een cel mai scurt timp murd\u0103ria umed\u0103 \u0219i fin\u0103 sau grosier\u0103. Dispozitivul este, de asemenea, echipat cu un recipient din plastic robust \u0219i rezistent la \u0219ocuri de 12 litri, precum \u0219i cu o pung\u0103 de filtru din l\u00e2n\u0103. Depozitarea furtunului de aspira\u021bie economise\u0219te spa\u021biu; pur \u0219i simplu ag\u0103\u021ba\u021bi-l \u00een siguran\u021b\u0103 de capul dispozitivului. Alte caracteristici includ func\u021bia practic\u0103 de suflare pentru zonele \u00een care aspirarea nu este posibil\u0103, raftul de depozitare pentru unelte \u0219i obiecte mici, comutatorul rotativ pentru a porni \u0219i opri cu u\u0219urin\u021b\u0103 dispozitivul, m\u00e2nerul de transport format ergonomic, precum \u0219i \u201ePull &#038; Push\u201d sistem de blocare care permite deschiderea \u0219i \u00eenchiderea cu u\u0219urin\u021b\u0103 a containerului. Pozi\u021bia de parcare oferit\u0103 pe bara de protec\u021bie permite ca tuburile \u0219i duza de podea s\u0103 fie, de asemenea, depozitate rapid \u0219i convenabil atunci c\u00e2nd se face o scurt\u0103 pauz\u0103 de la lucru.<\/p>\n<p>CARACTERISTICI SI BENEFICII<\/p>","protected":false},"featured_media":66190,"template":"","meta":{"_acf_changed":false},"product_brand":[],"product_cat":[8709],"product_tag":[],"class_list":{"0":"post-66142","1":"product","2":"type-product","3":"status-publish","4":"has-post-thumbnail","6":"product_cat-aspiratoare-aspiratoare","8":"first","9":"instock","10":"shipping-taxable","11":"purchasable","12":"product-type-simple"},"acf":[],"_links":{"self":[{"href":"https:\/\/tehnomag.md\/ru\/wp-json\/wp\/v2\/product\/66142","targetHints":{"allow":["GET"]}}],"collection":[{"href":"https:\/\/tehnomag.md\/ru\/wp-json\/wp\/v2\/product"}],"about":[{"href":"https:\/\/tehnomag.md\/ru\/wp-json\/wp\/v2\/types\/product"}],"wp:featuredmedia":[{"embeddable":true,"href":"https:\/\/tehnomag.md\/ru\/wp-json\/wp\/v2\/media\/66190"}],"wp:attachment":[{"href":"https:\/\/tehnomag.md\/ru\/wp-json\/wp\/v2\/media?parent=66142"}],"wp:term":[{"taxonomy":"product_brand","embeddable":true,"href":"https:\/\/tehnomag.md\/ru\/wp-json\/wp\/v2\/product_brand?post=66142"},{"taxonomy":"product_cat","embeddable":true,"href":"https:\/\/tehnomag.md\/ru\/wp-json\/wp\/v2\/product_cat?post=66142"},{"taxonomy":"product_tag","embeddable":true,"href":"https:\/\/tehnomag.md\/ru\/wp-json\/wp\/v2\/product_tag?post=66142"}],"curies":[{"name":"wp","href":"https:\/\/api.w.org\/{rel}","templated":true}]}}