{"id":66102,"date":"2025-06-24T10:11:58","date_gmt":"2025-06-24T10:11:58","guid":{"rendered":"https:\/\/tehnomag.md\/?post_type=product&#038;p=66102"},"modified":"2025-07-19T08:16:49","modified_gmt":"2025-07-19T08:16:49","slug":"matura-electrica-kb-5-karcher-1-258-050-0","status":"publish","type":"product","link":"https:\/\/tehnomag.md\/ru\/catalog\/electrocasnice\/electrocasnice-mari\/aspiratoare\/aspiratoare-aspiratoare\/matura-electrica-kb-5-karcher-1-258-050-0\/","title":{"rendered":"Matura electrica KB 5  KARCHER 1.258-050.0"},"content":{"rendered":"<p>M\u0103tura electric\u0103 alb\u0103 f\u0103r\u0103 fir KB 5 este un dispozitiv ideal pentru cur\u0103\u021barea intermediar\u0103 a podelelor dure \u0219i a covoarelor. Alimentat de o baterie litiu-ion, KB 5 este compact \u0219i, datorit\u0103 sistemului de cur\u0103\u021bare adaptiv K\u00e4rcher, ofer\u0103 performan\u021be de cur\u0103\u021bare remarcabile. O m\u0103tur\u0103 electric\u0103 f\u0103r\u0103 fir u\u0219oar\u0103 \u0219i compact\u0103, cu o perie universal\u0103, \u00eendep\u0103rteaz\u0103 complet murd\u0103ria vizibil\u0103 \u0219i este gata de utilizare mai rapid dec\u00e2t un aspirator. Datorit\u0103 conexiunii duble flexibile, se poate deplasa cu u\u0219urin\u021b\u0103 \u00eentre scaune \u0219i sub mobilier, cur\u0103\u021b\u00e2nd sc\u0103rile f\u0103r\u0103 efort \u0219i m\u0103tur\u00e2ndu-le eficient p\u00e2n\u0103 la margine. \u00cen plus, v\u0103 permite s\u0103 lucra\u021bi ergonomic, f\u0103r\u0103 s\u0103 v\u0103 apleca\u021bi \u0219i dispune de un \u00eentrerup\u0103tor automat de pornire\/oprire, precum \u0219i un recipient de murd\u0103rie care poate fi \u00eendep\u0103rtat convenabil din lateral.<\/p>","protected":false},"excerpt":{"rendered":"<p>M\u0103tura electric\u0103 alb\u0103 f\u0103r\u0103 fir KB 5 este un dispozitiv ideal pentru cur\u0103\u021barea intermediar\u0103 a podelelor dure \u0219i a covoarelor. Alimentat de o baterie litiu-ion, KB 5 este compact \u0219i, datorit\u0103 sistemului de cur\u0103\u021bare adaptiv K\u00e4rcher, ofer\u0103 performan\u021be de cur\u0103\u021bare remarcabile. O m\u0103tur\u0103 electric\u0103 f\u0103r\u0103 fir u\u0219oar\u0103 \u0219i compact\u0103, cu o perie universal\u0103, \u00eendep\u0103rteaz\u0103 complet murd\u0103ria vizibil\u0103 \u0219i este gata de utilizare mai rapid dec\u00e2t un aspirator. Datorit\u0103 conexiunii duble flexibile, se poate deplasa cu u\u0219urin\u021b\u0103 \u00eentre scaune \u0219i sub mobilier, cur\u0103\u021b\u00e2nd sc\u0103rile f\u0103r\u0103 efort \u0219i m\u0103tur\u00e2ndu-le eficient p\u00e2n\u0103 la margine. \u00cen plus, v\u0103 permite s\u0103 lucra\u021bi ergonomic, f\u0103r\u0103 s\u0103 v\u0103 apleca\u021bi \u0219i dispune de un \u00eentrerup\u0103tor automat de pornire\/oprire, precum \u0219i un recipient de murd\u0103rie care poate fi \u00eendep\u0103rtat convenabil din lateral.<\/p>","protected":false},"featured_media":66174,"template":"","meta":{"_acf_changed":false},"product_brand":[],"product_cat":[8709],"product_tag":[],"class_list":{"0":"post-66102","1":"product","2":"type-product","3":"status-publish","4":"has-post-thumbnail","6":"product_cat-aspiratoare-aspiratoare","8":"first","9":"instock","10":"shipping-taxable","11":"purchasable","12":"product-type-simple"},"acf":[],"_links":{"self":[{"href":"https:\/\/tehnomag.md\/ru\/wp-json\/wp\/v2\/product\/66102","targetHints":{"allow":["GET"]}}],"collection":[{"href":"https:\/\/tehnomag.md\/ru\/wp-json\/wp\/v2\/product"}],"about":[{"href":"https:\/\/tehnomag.md\/ru\/wp-json\/wp\/v2\/types\/product"}],"wp:featuredmedia":[{"embeddable":true,"href":"https:\/\/tehnomag.md\/ru\/wp-json\/wp\/v2\/media\/66174"}],"wp:attachment":[{"href":"https:\/\/tehnomag.md\/ru\/wp-json\/wp\/v2\/media?parent=66102"}],"wp:term":[{"taxonomy":"product_brand","embeddable":true,"href":"https:\/\/tehnomag.md\/ru\/wp-json\/wp\/v2\/product_brand?post=66102"},{"taxonomy":"product_cat","embeddable":true,"href":"https:\/\/tehnomag.md\/ru\/wp-json\/wp\/v2\/product_cat?post=66102"},{"taxonomy":"product_tag","embeddable":true,"href":"https:\/\/tehnomag.md\/ru\/wp-json\/wp\/v2\/product_tag?post=66102"}],"curies":[{"name":"wp","href":"https:\/\/api.w.org\/{rel}","templated":true}]}}