{"id":66101,"date":"2025-06-24T10:11:57","date_gmt":"2025-06-24T10:11:57","guid":{"rendered":"https:\/\/tehnomag.md\/?post_type=product&#038;p=66101"},"modified":"2025-07-19T08:16:48","modified_gmt":"2025-07-19T08:16:48","slug":"aspirator-wd-5-p-s-v-25-8-22-karcher-1-628-356-0","status":"publish","type":"product","link":"https:\/\/tehnomag.md\/ru\/catalog\/electrocasnice\/electrocasnice-mari\/aspiratoare\/aspiratoare-aspiratoare\/aspirator-wd-5-p-s-v-25-8-22-karcher-1-628-356-0\/","title":{"rendered":"Aspirator  WD 5 P S V-25\/8\/22 KARCHER 1.628-356.0"},"content":{"rendered":"<p>Putere de aspirare superioar\u0103 \u0219i eficien\u021b\u0103 energetic\u0103. Aspiratorul umed \u0219i uscat KARCHER WD 5 P S V-25\/8\/22 ofer\u0103 cele mai bune rezultate de cur\u0103\u021bare cu un consum de energie de doar 1100 W &#8211; pentru murd\u0103ria uscat\u0103, umed\u0103, fin\u0103 \u0219i grosier\u0103. Unitatea vine cu un recipient durabil din o\u021bel inoxidabil de 25 de litri, cablu de 5 metri, furtun de aspira\u021bie de 2,2 metri, duz\u0103 de podea comutabil\u0103, filtru pliat plat \u0219i sac de filtru ne\u021besut. Uneltele electrice sunt u\u0219or conectate la o priz\u0103 folosind un \u00eentrerup\u0103tor. Murd\u0103ria rezultat\u0103 din t\u0103iere sau \u0219lefuire este aspirat\u0103 direct. Comutatorul rotativ v\u0103 permite s\u0103 regla\u021bi puterea de aspira\u021bie dup\u0103 cum este necesar. Datorit\u0103 tehnologiei brevetate de \u00eendep\u0103rtare a filtrului, filtrul pliat plat poate fi \u00eendep\u0103rtat \u00een c\u00e2teva secunde, evit\u00e2nd contactul cu murd\u0103ria. Pentru a cur\u0103\u021ba filtrul rapid \u0219i eficient, pute\u021bi ap\u0103sa butonul de cur\u0103\u021bare a filtrului. M\u00e2nerul deta\u0219abil cu protec\u021bie electrostatic\u0103 v\u0103 permite s\u0103 ata\u0219a\u021bi accesoriile direct la furtunul de aspira\u021bie. Furtunul poate fi ata\u0219at de corp pentru a economisi spa\u021biu \u00een timpul depozit\u0103rii.<\/p>","protected":false},"excerpt":{"rendered":"<p>Putere de aspirare superioar\u0103 \u0219i eficien\u021b\u0103 energetic\u0103. Aspiratorul umed \u0219i uscat KARCHER WD 5 P S V-25\/8\/22 ofer\u0103 cele mai bune rezultate de cur\u0103\u021bare cu un consum de energie de doar 1100 W &#8211; pentru murd\u0103ria uscat\u0103, umed\u0103, fin\u0103 \u0219i grosier\u0103. Unitatea vine cu un recipient durabil din o\u021bel inoxidabil de 25 de litri, cablu de 5 metri, furtun de aspira\u021bie de 2,2 metri, duz\u0103 de podea comutabil\u0103, filtru pliat plat \u0219i sac de filtru ne\u021besut. Uneltele electrice sunt u\u0219or conectate la o priz\u0103 folosind un \u00eentrerup\u0103tor. Murd\u0103ria rezultat\u0103 din t\u0103iere sau \u0219lefuire este aspirat\u0103 direct. Comutatorul rotativ v\u0103 permite s\u0103 regla\u021bi puterea de aspira\u021bie dup\u0103 cum este necesar. Datorit\u0103 tehnologiei brevetate de \u00eendep\u0103rtare a filtrului, filtrul pliat plat poate fi \u00eendep\u0103rtat \u00een c\u00e2teva secunde, evit\u00e2nd contactul cu murd\u0103ria. Pentru a cur\u0103\u021ba filtrul rapid \u0219i eficient, pute\u021bi ap\u0103sa butonul de cur\u0103\u021bare a filtrului. M\u00e2nerul deta\u0219abil cu protec\u021bie electrostatic\u0103 v\u0103 permite s\u0103 ata\u0219a\u021bi accesoriile direct la furtunul de aspira\u021bie. Furtunul poate fi ata\u0219at de corp pentru a economisi spa\u021biu \u00een timpul depozit\u0103rii.<\/p>","protected":false},"featured_media":66173,"template":"","meta":{"_acf_changed":false},"product_brand":[],"product_cat":[8709],"product_tag":[],"class_list":{"0":"post-66101","1":"product","2":"type-product","3":"status-publish","4":"has-post-thumbnail","6":"product_cat-aspiratoare-aspiratoare","8":"first","9":"instock","10":"shipping-taxable","11":"purchasable","12":"product-type-simple"},"acf":[],"_links":{"self":[{"href":"https:\/\/tehnomag.md\/ru\/wp-json\/wp\/v2\/product\/66101","targetHints":{"allow":["GET"]}}],"collection":[{"href":"https:\/\/tehnomag.md\/ru\/wp-json\/wp\/v2\/product"}],"about":[{"href":"https:\/\/tehnomag.md\/ru\/wp-json\/wp\/v2\/types\/product"}],"wp:featuredmedia":[{"embeddable":true,"href":"https:\/\/tehnomag.md\/ru\/wp-json\/wp\/v2\/media\/66173"}],"wp:attachment":[{"href":"https:\/\/tehnomag.md\/ru\/wp-json\/wp\/v2\/media?parent=66101"}],"wp:term":[{"taxonomy":"product_brand","embeddable":true,"href":"https:\/\/tehnomag.md\/ru\/wp-json\/wp\/v2\/product_brand?post=66101"},{"taxonomy":"product_cat","embeddable":true,"href":"https:\/\/tehnomag.md\/ru\/wp-json\/wp\/v2\/product_cat?post=66101"},{"taxonomy":"product_tag","embeddable":true,"href":"https:\/\/tehnomag.md\/ru\/wp-json\/wp\/v2\/product_tag?post=66101"}],"curies":[{"name":"wp","href":"https:\/\/api.w.org\/{rel}","templated":true}]}}