{"id":66099,"date":"2025-06-24T10:11:57","date_gmt":"2025-06-24T10:11:57","guid":{"rendered":"https:\/\/tehnomag.md\/?post_type=product&#038;p=66099"},"modified":"2025-07-19T08:16:48","modified_gmt":"2025-07-19T08:16:48","slug":"aspirator-daewoo-rcc-150r-3","status":"publish","type":"product","link":"https:\/\/tehnomag.md\/ru\/catalog\/electrocasnice\/electrocasnice-mari\/aspiratoare\/aspiratoare-aspiratoare\/aspirator-daewoo-rcc-150r-3\/","title":{"rendered":"Aspirator DAEWOO RCC-150R-3"},"content":{"rendered":"<p>Aspiratoar DAEWOO are design elegant, aspiratorul se caracterizeaz\u0103 prin parametri tehnici excelente. Acesta este completat de practic\u0103 tub de aspirare telescopic, a c\u0103rui \u00een\u0103l\u021bime poate fi schimbat oric\u00e2nd pentru comoditatea de utilizarea tehnologiei. Dispozitivul este echipat cu cablu de lichidare automat, trei etape de filtrare. Aspiratoare u\u0219or de transportat, u\u0219oare \u0219i dotate cu rotile.<br \/>\n\u0422\u0438\u043f \u043f\u044b\u043b\u0435\u0441\u043e\u0441\u0430: \u0441\u0443\u0445\u0430\u044f \u0443\u0431\u043e\u0440\u043a\u0430<br \/>\n\u0422\u0438\u043f \u0443\u0431\u043e\u0440\u043a\u0438: \u0441\u0443\u0445\u0430\u044f<br \/>\n\u041f\u043e\u0442\u0440\u0435\u0431\u043b\u044f\u0435\u043c\u0430\u044f \u043c\u043e\u0449\u043d\u043e\u0441\u0442\u044c: 700 \u0412\u0442<br \/>\n\u0422\u0438\u043f \u043f\u044b\u043b\u0435\u0441\u0431\u043e\u0440\u043d\u0438\u043a\u0430: \u043a\u043e\u043d\u0442\u0435\u0439\u043d\u0435\u0440<br \/>\n\u0415\u043c\u043a\u043e\u0441\u0442\u044c \u043f\u044b\u043b\u0435\u0441\u0431\u043e\u0440\u043d\u0438\u043a\u0430: 1.2 \u043b<br \/>\n\u0424\u0438\u043b\u044c\u0442\u0440: HEPA<br \/>\n\u0422\u0440\u0443\u0431\u0430 \u0432\u0441\u0430\u0441\u044b\u0432\u0430\u043d\u0438\u044f: \u0442\u0435\u043b\u0435\u0441\u043a\u043e\u043f\u0438\u0447\u0435\u0441\u043a\u0430\u044f<br \/>\n\u0429\u0451\u0442\u043a\u0430 \u043f\u043e\u043b\/\u043a\u043e\u0432\u0451\u0440: \u0435\u0441\u0442\u044c<br \/>\n\u0429\u0435\u0442\u043a\u0430 \u0434\u043b\u044f \u043c\u0435\u0431\u0435\u043b\u0438: \u0435\u0441\u0442\u044c<br \/>\n\u0422\u0438\u043f \u043f\u0438\u0442\u0430\u043d\u0438\u044f: \u0441\u0435\u0442\u044c<br \/>\n\u0414\u043b\u0438\u043d\u0430 \u0448\u043d\u0443\u0440\u0430: 5 \u043c<br \/>\n\u0423\u0440\u043e\u0432\u0435\u043d\u044c \u0448\u0443\u043c\u0430: 80 \u0434\u0411<br \/>\n\u0420\u0430\u0437\u043c\u0435\u0440\u044b: 355\u0445245\u0445245 \u043c\u043c<br \/>\n\u0412\u0435\u0441: 5 \u043a\u0433<\/p>","protected":false},"excerpt":{"rendered":"<p>Aspiratoar DAEWOO are design elegant, aspiratorul se caracterizeaz\u0103 prin parametri tehnici excelente. Acesta este completat de practic\u0103 tub de aspirare telescopic, a c\u0103rui \u00een\u0103l\u021bime poate fi schimbat oric\u00e2nd pentru comoditatea de utilizarea tehnologiei. Dispozitivul este echipat cu cablu de lichidare automat, trei etape de filtrare. Aspiratoare u\u0219or de transportat, u\u0219oare \u0219i dotate cu rotile.<br \/>\n\u0422\u0438\u043f \u043f\u044b\u043b\u0435\u0441\u043e\u0441\u0430: \u0441\u0443\u0445\u0430\u044f \u0443\u0431\u043e\u0440\u043a\u0430<br \/>\n\u0422\u0438\u043f \u0443\u0431\u043e\u0440\u043a\u0438: \u0441\u0443\u0445\u0430\u044f<br \/>\n\u041f\u043e\u0442\u0440\u0435\u0431\u043b\u044f\u0435\u043c\u0430\u044f \u043c\u043e\u0449\u043d\u043e\u0441\u0442\u044c: 700 \u0412\u0442<br \/>\n\u0422\u0438\u043f \u043f\u044b\u043b\u0435\u0441\u0431\u043e\u0440\u043d\u0438\u043a\u0430: \u043a\u043e\u043d\u0442\u0435\u0439\u043d\u0435\u0440<br \/>\n\u0415\u043c\u043a\u043e\u0441\u0442\u044c \u043f\u044b\u043b\u0435\u0441\u0431\u043e\u0440\u043d\u0438\u043a\u0430: 1.2 \u043b<br \/>\n\u0424\u0438\u043b\u044c\u0442\u0440: HEPA<br \/>\n\u0422\u0440\u0443\u0431\u0430 \u0432\u0441\u0430\u0441\u044b\u0432\u0430\u043d\u0438\u044f: \u0442\u0435\u043b\u0435\u0441\u043a\u043e\u043f\u0438\u0447\u0435\u0441\u043a\u0430\u044f<br \/>\n\u0429\u0451\u0442\u043a\u0430 \u043f\u043e\u043b\/\u043a\u043e\u0432\u0451\u0440: \u0435\u0441\u0442\u044c<br \/>\n\u0429\u0435\u0442\u043a\u0430 \u0434\u043b\u044f \u043c\u0435\u0431\u0435\u043b\u0438: \u0435\u0441\u0442\u044c<br \/>\n\u0422\u0438\u043f \u043f\u0438\u0442\u0430\u043d\u0438\u044f: \u0441\u0435\u0442\u044c<br \/>\n\u0414\u043b\u0438\u043d\u0430 \u0448\u043d\u0443\u0440\u0430: 5 \u043c<br \/>\n\u0423\u0440\u043e\u0432\u0435\u043d\u044c \u0448\u0443\u043c\u0430: 80 \u0434\u0411<br \/>\n\u0420\u0430\u0437\u043c\u0435\u0440\u044b: 355\u0445245\u0445245 \u043c\u043c<br \/>\n\u0412\u0435\u0441: 5 \u043a\u0433<\/p>","protected":false},"featured_media":66170,"template":"","meta":{"_acf_changed":false},"product_brand":[],"product_cat":[8709],"product_tag":[],"class_list":{"0":"post-66099","1":"product","2":"type-product","3":"status-publish","4":"has-post-thumbnail","6":"product_cat-aspiratoare-aspiratoare","8":"first","9":"instock","10":"shipping-taxable","11":"purchasable","12":"product-type-simple"},"acf":[],"_links":{"self":[{"href":"https:\/\/tehnomag.md\/ru\/wp-json\/wp\/v2\/product\/66099","targetHints":{"allow":["GET"]}}],"collection":[{"href":"https:\/\/tehnomag.md\/ru\/wp-json\/wp\/v2\/product"}],"about":[{"href":"https:\/\/tehnomag.md\/ru\/wp-json\/wp\/v2\/types\/product"}],"wp:featuredmedia":[{"embeddable":true,"href":"https:\/\/tehnomag.md\/ru\/wp-json\/wp\/v2\/media\/66170"}],"wp:attachment":[{"href":"https:\/\/tehnomag.md\/ru\/wp-json\/wp\/v2\/media?parent=66099"}],"wp:term":[{"taxonomy":"product_brand","embeddable":true,"href":"https:\/\/tehnomag.md\/ru\/wp-json\/wp\/v2\/product_brand?post=66099"},{"taxonomy":"product_cat","embeddable":true,"href":"https:\/\/tehnomag.md\/ru\/wp-json\/wp\/v2\/product_cat?post=66099"},{"taxonomy":"product_tag","embeddable":true,"href":"https:\/\/tehnomag.md\/ru\/wp-json\/wp\/v2\/product_tag?post=66099"}],"curies":[{"name":"wp","href":"https:\/\/api.w.org\/{rel}","templated":true}]}}