{"id":66098,"date":"2025-06-24T10:11:57","date_gmt":"2025-06-24T10:11:57","guid":{"rendered":"https:\/\/tehnomag.md\/?post_type=product&#038;p=66098"},"modified":"2025-07-19T08:16:48","modified_gmt":"2025-07-19T08:16:48","slug":"aspirator-robot-cu-functie-de-mop-karcher-rcv-5-karcher-1-269-640-0","status":"publish","type":"product","link":"https:\/\/tehnomag.md\/ru\/catalog\/electrocasnice\/electrocasnice-mari\/aspiratoare\/aspiratoare-aspiratoare\/aspirator-robot-cu-functie-de-mop-karcher-rcv-5-karcher-1-269-640-0\/","title":{"rendered":"Aspirator robot cu functie de mop KARCHER  RCV 5  KARCHER 1.269-640.0"},"content":{"rendered":"<p>Robotul inteligent de aspirare RCV 5 cur\u0103\u021b\u0103 sistematic \u0219i autonom podelele dure \u0219i covoarele cu peri mici. Murd\u0103ria uscat\u0103 este transportat\u0103 \u00een recipientul de murd\u0103rie \u00eencorporat de peria rotativ\u0103, de peria lateral\u0103 pentru margini \u0219i de vacuum. Senzorul ultrasonic detecteaz\u0103 covoarele, care sunt cur\u0103\u021bate \u0219i mai bine cu ajutorul func\u021biei Auto-Boost la puterea maxim\u0103 de aspirare. RCV 5 poate nu doar s\u0103 aspire, ci \u0219i s\u0103 dea cu mopul umed. Prin intermediul aplica\u021biei de control, RCV 5 porne\u0219te \u00eentr-un tur pentru recunoa\u0219tere \u0219i creeaz\u0103 automat o hart\u0103 a \u00eenc\u0103perilor prin detectarea mediului (LiDAR). Pentru fiecare camer\u0103 pot fi seta\u021bi parametri de cur\u0103\u021bare individuali, cum ar fi unde s\u0103 aspira\u021bi, s\u0103 \u0219terge\u021bi cu mopul sau s\u0103 nu cur\u0103\u021ba\u021bi. Datorit\u0103 sistemului dual cu laser \u0219i camer\u0103, modelul de top RCV 5 detecteaz\u0103 \u0219i evit\u0103 obstacolele, cum ar fi cablurile, \u0219osetele sau pantofii. Senzorii suplimentari \u00eempiedic\u0103 c\u0103derea, de exemplu, la baza sc\u0103rilor. Pentru cur\u0103\u021bare, RCV 5 este pornit \u00een mod convenabil prin intermediul aplica\u021biei, al unui program individual prestabilit sau prin ap\u0103sarea unui buton de pe dispozitiv. Dac\u0103 robotul de cur\u0103\u021benie are nevoie de ajutor, acesta comunic\u0103 acest lucru \u00een multe situa\u021bii prin intermediul unei ie\u0219iri vocale.<\/p>\n<p>Dispozitiv alimentat cu baterii.<br \/>\nTimp de incarcare acumulator    230<br \/>\nTipul bateriei. Acumulatori Li-Ion.<br \/>\nCapacitatea bateriei (Ah)   5,2<br \/>\nDurata de cur\u0103\u0163are per \u00eenc\u0103rcare    120<br \/>\nContainer pentru de\u0219euri (ml)   330<br \/>\nRezervor de ap\u0103 curat\u0103 (ml) 240<br \/>\nPutere de aspira\u0163ie (Pa)    5000<br \/>\nNivelul de putere acustic\u0103. (dB(A)) 66<br \/>\nTipul de curent Sta\u021bie de \u00eenc\u0103rcare (Ph\/V\/Hz)   1 \/ 100 &#8211; 240 \/ 50 &#8211; 60<br \/>\nGreutatea robotului aspirator (inclusiv unitatea de \u0219tergere \u0219i laveta de cur\u0103\u021bare) (kg)    3,9<br \/>\nGreutate cu sta\u0163ie de \u00eenc\u0103rcare (kg)    0,4<br \/>\nGreutate cu ambalaj. (kg)   6,5<br \/>\nDimensiuni Robot Aspirator (D x H) (mm) 350 x 97<br \/>\nDimensiuni sta\u0163ie de \u00eenc\u0103rcare (L x l x H) (mm) 135 x 150 x 99<br \/>\nEchipament<br \/>\ncur\u0103\u021bare autonom\u0103<br \/>\nPerie de cur\u0103\u021bare<br \/>\nPerie lateral\u0103: 2 x<br \/>\nFiltre: 2 x<br \/>\nInstrument de cur\u0103\u021bare<br \/>\nUnitate de \u0219tergere<br \/>\n\u0218terge\u021bi: 2 x<br \/>\nContainer pentru de\u0219euri<br \/>\nRezervor de ap\u0103 curat\u0103<br \/>\nSenzori de c\u0103dere<br \/>\nSenzor pentru identificare covor<br \/>\nSta\u021bie de \u00eenc\u0103rcare<br \/>\nFunc\u021bionare prin intermediul aplica\u021biei<br \/>\nWi-Fi<br \/>\nIe\u0219ire vocal\u0103<br \/>\nSistem de naviga\u021bie cu laser (LiDAR)<br \/>\nDublu laser \u0219i camer\u0103<br \/>\nFunc\u021bia temporizator: Posibilitate de temporizatoare multiple<br \/>\nModuri de cur\u0103\u021bare: Cur\u0103\u021bare uscat\u0103, Cur\u0103\u021bare umed\u0103, Cur\u0103\u021bare combinat\u0103 (umed\u0103 \u0219i uscat\u0103),<\/p>","protected":false},"excerpt":{"rendered":"<p>Robotul inteligent de aspirare RCV 5 cur\u0103\u021b\u0103 sistematic \u0219i autonom podelele dure \u0219i covoarele cu peri mici. Murd\u0103ria uscat\u0103 este transportat\u0103 \u00een recipientul de murd\u0103rie \u00eencorporat de peria rotativ\u0103, de peria lateral\u0103 pentru margini \u0219i de vacuum. Senzorul ultrasonic detecteaz\u0103 covoarele, care sunt cur\u0103\u021bate \u0219i mai bine cu ajutorul func\u021biei Auto-Boost la puterea maxim\u0103 de aspirare. RCV 5 poate nu doar s\u0103 aspire, ci \u0219i s\u0103 dea cu mopul umed. Prin intermediul aplica\u021biei de control, RCV 5 porne\u0219te \u00eentr-un tur pentru recunoa\u0219tere \u0219i creeaz\u0103 automat o hart\u0103 a \u00eenc\u0103perilor prin detectarea mediului (LiDAR). Pentru fiecare camer\u0103 pot fi seta\u021bi parametri de cur\u0103\u021bare individuali, cum ar fi unde s\u0103 aspira\u021bi, s\u0103 \u0219terge\u021bi cu mopul sau s\u0103 nu cur\u0103\u021ba\u021bi. Datorit\u0103 sistemului dual cu laser \u0219i camer\u0103, modelul de top RCV 5 detecteaz\u0103 \u0219i evit\u0103 obstacolele, cum ar fi cablurile, \u0219osetele sau pantofii. Senzorii suplimentari \u00eempiedic\u0103 c\u0103derea, de exemplu, la baza sc\u0103rilor. Pentru cur\u0103\u021bare, RCV 5 este pornit \u00een mod convenabil prin intermediul aplica\u021biei, al unui program individual prestabilit sau prin ap\u0103sarea unui buton de pe dispozitiv. Dac\u0103 robotul de cur\u0103\u021benie are nevoie de ajutor, acesta comunic\u0103 acest lucru \u00een multe situa\u021bii prin intermediul unei ie\u0219iri vocale.<\/p>\n<p>Dispozitiv alimentat cu baterii.<br \/>\nTimp de incarcare acumulator    230<br \/>\nTipul bateriei. Acumulatori Li-Ion.<br \/>\nCapacitatea bateriei (Ah)   5,2<br \/>\nDurata de cur\u0103\u0163are per \u00eenc\u0103rcare    120<br \/>\nContainer pentru de\u0219euri (ml)   330<br \/>\nRezervor de ap\u0103 curat\u0103 (ml) 240<br \/>\nPutere de aspira\u0163ie (Pa)    5000<br \/>\nNivelul de putere acustic\u0103. (dB(A)) 66<br \/>\nTipul de curent Sta\u021bie de \u00eenc\u0103rcare (Ph\/V\/Hz)   1 \/ 100 &#8211; 240 \/ 50 &#8211; 60<br \/>\nGreutatea robotului aspirator (inclusiv unitatea de \u0219tergere \u0219i laveta de cur\u0103\u021bare) (kg)    3,9<br \/>\nGreutate cu sta\u0163ie de \u00eenc\u0103rcare (kg)    0,4<br \/>\nGreutate cu ambalaj. (kg)   6,5<br \/>\nDimensiuni Robot Aspirator (D x H) (mm) 350 x 97<br \/>\nDimensiuni sta\u0163ie de \u00eenc\u0103rcare (L x l x H) (mm) 135 x 150 x 99<br \/>\nEchipament<br \/>\ncur\u0103\u021bare autonom\u0103<br \/>\nPerie de cur\u0103\u021bare<br \/>\nPerie lateral\u0103: 2 x<br \/>\nFiltre: 2 x<br \/>\nInstrument de cur\u0103\u021bare<br \/>\nUnitate de \u0219tergere<br \/>\n\u0218terge\u021bi: 2 x<br \/>\nContainer pentru de\u0219euri<br \/>\nRezervor de ap\u0103 curat\u0103<br \/>\nSenzori de c\u0103dere<br \/>\nSenzor pentru identificare covor<br \/>\nSta\u021bie de \u00eenc\u0103rcare<br \/>\nFunc\u021bionare prin intermediul aplica\u021biei<br \/>\nWi-Fi<br \/>\nIe\u0219ire vocal\u0103<br \/>\nSistem de naviga\u021bie cu laser (LiDAR)<br \/>\nDublu laser \u0219i camer\u0103<br \/>\nFunc\u021bia temporizator: Posibilitate de temporizatoare multiple<br \/>\nModuri de cur\u0103\u021bare: Cur\u0103\u021bare uscat\u0103, Cur\u0103\u021bare umed\u0103, Cur\u0103\u021bare combinat\u0103 (umed\u0103 \u0219i uscat\u0103),<\/p>","protected":false},"featured_media":66166,"template":"","meta":{"_acf_changed":false},"product_brand":[],"product_cat":[8709],"product_tag":[],"class_list":{"0":"post-66098","1":"product","2":"type-product","3":"status-publish","4":"has-post-thumbnail","6":"product_cat-aspiratoare-aspiratoare","8":"first","9":"instock","10":"shipping-taxable","11":"purchasable","12":"product-type-simple"},"acf":[],"_links":{"self":[{"href":"https:\/\/tehnomag.md\/ru\/wp-json\/wp\/v2\/product\/66098","targetHints":{"allow":["GET"]}}],"collection":[{"href":"https:\/\/tehnomag.md\/ru\/wp-json\/wp\/v2\/product"}],"about":[{"href":"https:\/\/tehnomag.md\/ru\/wp-json\/wp\/v2\/types\/product"}],"wp:featuredmedia":[{"embeddable":true,"href":"https:\/\/tehnomag.md\/ru\/wp-json\/wp\/v2\/media\/66166"}],"wp:attachment":[{"href":"https:\/\/tehnomag.md\/ru\/wp-json\/wp\/v2\/media?parent=66098"}],"wp:term":[{"taxonomy":"product_brand","embeddable":true,"href":"https:\/\/tehnomag.md\/ru\/wp-json\/wp\/v2\/product_brand?post=66098"},{"taxonomy":"product_cat","embeddable":true,"href":"https:\/\/tehnomag.md\/ru\/wp-json\/wp\/v2\/product_cat?post=66098"},{"taxonomy":"product_tag","embeddable":true,"href":"https:\/\/tehnomag.md\/ru\/wp-json\/wp\/v2\/product_tag?post=66098"}],"curies":[{"name":"wp","href":"https:\/\/api.w.org\/{rel}","templated":true}]}}