{"id":66097,"date":"2025-06-24T10:11:57","date_gmt":"2025-06-24T10:11:57","guid":{"rendered":"https:\/\/tehnomag.md\/?post_type=product&#038;p=66097"},"modified":"2025-07-19T08:16:48","modified_gmt":"2025-07-19T08:16:48","slug":"aspirator-robot-cu-functie-de-mop-rcv-3-karcher-1-269-620-0","status":"publish","type":"product","link":"https:\/\/tehnomag.md\/ru\/catalog\/electrocasnice\/electrocasnice-mari\/aspiratoare\/aspiratoare-aspiratoare\/aspirator-robot-cu-functie-de-mop-rcv-3-karcher-1-269-620-0\/","title":{"rendered":"Aspirator robot cu functie de mop  RCV 3 KARCHER 1.269-620.0"},"content":{"rendered":"<p>Mai mult timp pentru lucrurile frumoase din via\u021b\u0103: robotul inteligent de cur\u0103\u021bat RCV 3 preia cur\u0103\u021barea podelei. Odat\u0103 pornit, robotul RCV 3 v\u0103 cur\u0103\u021b\u0103 sistematic \u0219i independent podelele dure \u0219i covoarele cu gr\u0103dini mici. Murd\u0103ria uscat\u0103 este transportat\u0103 \u00een mod fiabil \u00een containerul de de\u0219euri \u00eencorporat folosind peria rotativ\u0103, peria lateral\u0103 \u0219i ventilatorul. Dac\u0103 este necesar, RCV 3 nu doar aspir\u0103, ci \u0219i mope\u0219te. Pe m\u0103sur\u0103 ce capacitatea bateriei scade, RCV 3 poate fi \u00eenc\u0103rcat \u00een mod regulat \u0219i se \u00eentoarce \u00eentotdeauna la sta\u021bia de \u00eenc\u0103rcare c\u00e2nd a terminat. Prin intermediul aplica\u021biei, RCV 3 face un tur de explorare \u0219i creeaz\u0103 automat o hart\u0103 a camerelor prin detectarea zonei \u00eenconjur\u0103toare (LiDAR). Pute\u021bi seta parametrii individuali de cur\u0103\u021bare pentru fiecare camer\u0103. De exemplu, ce camere trebuie aspirate, molate sau necur\u0103\u021bate. Senzorii suplimentari \u00eempiedic\u0103 dispozitivul s\u0103 cad\u0103, de exemplu, de pe o scar\u0103. Pentru a efectua sarcini de cur\u0103\u021bare, RCV 3 poate fi lansat convenabil prin intermediul aplica\u021biei, folosind un program personalizat prestabilit sau ap\u0103s\u00e2nd un buton de pe dispozitiv. Dac\u0103 robotul de cur\u0103\u021bare are nevoie de ajutor, \u00een multe situa\u021bii v\u0103 va anun\u021ba prin ie\u0219ire vocal\u0103.<\/p>","protected":false},"excerpt":{"rendered":"<p>Mai mult timp pentru lucrurile frumoase din via\u021b\u0103: robotul inteligent de cur\u0103\u021bat RCV 3 preia cur\u0103\u021barea podelei. Odat\u0103 pornit, robotul RCV 3 v\u0103 cur\u0103\u021b\u0103 sistematic \u0219i independent podelele dure \u0219i covoarele cu gr\u0103dini mici. Murd\u0103ria uscat\u0103 este transportat\u0103 \u00een mod fiabil \u00een containerul de de\u0219euri \u00eencorporat folosind peria rotativ\u0103, peria lateral\u0103 \u0219i ventilatorul. Dac\u0103 este necesar, RCV 3 nu doar aspir\u0103, ci \u0219i mope\u0219te. Pe m\u0103sur\u0103 ce capacitatea bateriei scade, RCV 3 poate fi \u00eenc\u0103rcat \u00een mod regulat \u0219i se \u00eentoarce \u00eentotdeauna la sta\u021bia de \u00eenc\u0103rcare c\u00e2nd a terminat. Prin intermediul aplica\u021biei, RCV 3 face un tur de explorare \u0219i creeaz\u0103 automat o hart\u0103 a camerelor prin detectarea zonei \u00eenconjur\u0103toare (LiDAR). Pute\u021bi seta parametrii individuali de cur\u0103\u021bare pentru fiecare camer\u0103. De exemplu, ce camere trebuie aspirate, molate sau necur\u0103\u021bate. Senzorii suplimentari \u00eempiedic\u0103 dispozitivul s\u0103 cad\u0103, de exemplu, de pe o scar\u0103. Pentru a efectua sarcini de cur\u0103\u021bare, RCV 3 poate fi lansat convenabil prin intermediul aplica\u021biei, folosind un program personalizat prestabilit sau ap\u0103s\u00e2nd un buton de pe dispozitiv. Dac\u0103 robotul de cur\u0103\u021bare are nevoie de ajutor, \u00een multe situa\u021bii v\u0103 va anun\u021ba prin ie\u0219ire vocal\u0103.<\/p>","protected":false},"featured_media":66161,"template":"","meta":{"_acf_changed":false},"product_brand":[],"product_cat":[8709],"product_tag":[],"class_list":{"0":"post-66097","1":"product","2":"type-product","3":"status-publish","4":"has-post-thumbnail","6":"product_cat-aspiratoare-aspiratoare","8":"first","9":"instock","10":"shipping-taxable","11":"purchasable","12":"product-type-simple"},"acf":[],"_links":{"self":[{"href":"https:\/\/tehnomag.md\/ru\/wp-json\/wp\/v2\/product\/66097","targetHints":{"allow":["GET"]}}],"collection":[{"href":"https:\/\/tehnomag.md\/ru\/wp-json\/wp\/v2\/product"}],"about":[{"href":"https:\/\/tehnomag.md\/ru\/wp-json\/wp\/v2\/types\/product"}],"wp:featuredmedia":[{"embeddable":true,"href":"https:\/\/tehnomag.md\/ru\/wp-json\/wp\/v2\/media\/66161"}],"wp:attachment":[{"href":"https:\/\/tehnomag.md\/ru\/wp-json\/wp\/v2\/media?parent=66097"}],"wp:term":[{"taxonomy":"product_brand","embeddable":true,"href":"https:\/\/tehnomag.md\/ru\/wp-json\/wp\/v2\/product_brand?post=66097"},{"taxonomy":"product_cat","embeddable":true,"href":"https:\/\/tehnomag.md\/ru\/wp-json\/wp\/v2\/product_cat?post=66097"},{"taxonomy":"product_tag","embeddable":true,"href":"https:\/\/tehnomag.md\/ru\/wp-json\/wp\/v2\/product_tag?post=66097"}],"curies":[{"name":"wp","href":"https:\/\/api.w.org\/{rel}","templated":true}]}}