{"id":66096,"date":"2025-06-24T10:11:57","date_gmt":"2025-06-24T10:11:57","guid":{"rendered":"https:\/\/tehnomag.md\/?post_type=product&#038;p=66096"},"modified":"2025-07-19T08:16:48","modified_gmt":"2025-07-19T08:16:48","slug":"aspirator-karcher-wd-3-1-628-122-0","status":"publish","type":"product","link":"https:\/\/tehnomag.md\/ru\/catalog\/electrocasnice\/electrocasnice-mari\/aspiratoare\/aspiratoare-aspiratoare\/aspirator-karcher-wd-3-1-628-122-0\/","title":{"rendered":"Aspirator KARCHER WD 3  1.628-122.0"},"content":{"rendered":"<p>Aspirator pentru curatare uscata si umeda WD 3 S V-15\/6\/20 Home este un aspirator ideal pentru casa datorita consumului redus de energie &#8211; doar 1000 W. Datorit\u0103 accesoriilor speciale \u0219i a unui sistem de filtrare, este ideal pentru cur\u0103\u021barea murd\u0103riei uscate, precum \u0219i a apei \u0219i a fragmentelor de sticl\u0103. Aspiratorul impresioneaz\u0103 prin recipientul s\u0103u robust din o\u021bel inoxidabil de 15 litri, cablu de 6 metri \u0219i furtun de aspira\u021bie de 2 metri cu m\u00e2ner deta\u0219abil pentru o cur\u0103\u021bare u\u0219oar\u0103 \u00een spa\u021bii \u00eenguste. Alte caracteristici includ o duz\u0103 de pardoseal\u0103 comutabil\u0103 pentru cur\u0103\u021barea \u00een profunzime a covoarelor \u0219i a podelelor dure, o duz\u0103 pentru tapi\u021berie pentru cur\u0103\u021barea delicat\u0103 a mobilierului tapi\u021bat, 3 pungi filtrante pentru puf, un compartiment pentru furtunul de aspira\u021bie \u0219i spa\u021biu de depozitare pe aspirator, o func\u021bie practic\u0103 de suflare, un comutator rotativ pentru pornire \u0219i oprire, sistem de blocare Pull &#038; Push pentru deschiderea \u0219i \u00eenchiderea u\u0219oar\u0103 a containerului \u0219i un m\u00e2ner de transport cu form\u0103 ergonomic\u0103.<\/p>","protected":false},"excerpt":{"rendered":"<p>Aspirator pentru curatare uscata si umeda WD 3 S V-15\/6\/20 Home este un aspirator ideal pentru casa datorita consumului redus de energie &#8211; doar 1000 W. Datorit\u0103 accesoriilor speciale \u0219i a unui sistem de filtrare, este ideal pentru cur\u0103\u021barea murd\u0103riei uscate, precum \u0219i a apei \u0219i a fragmentelor de sticl\u0103. Aspiratorul impresioneaz\u0103 prin recipientul s\u0103u robust din o\u021bel inoxidabil de 15 litri, cablu de 6 metri \u0219i furtun de aspira\u021bie de 2 metri cu m\u00e2ner deta\u0219abil pentru o cur\u0103\u021bare u\u0219oar\u0103 \u00een spa\u021bii \u00eenguste. Alte caracteristici includ o duz\u0103 de pardoseal\u0103 comutabil\u0103 pentru cur\u0103\u021barea \u00een profunzime a covoarelor \u0219i a podelelor dure, o duz\u0103 pentru tapi\u021berie pentru cur\u0103\u021barea delicat\u0103 a mobilierului tapi\u021bat, 3 pungi filtrante pentru puf, un compartiment pentru furtunul de aspira\u021bie \u0219i spa\u021biu de depozitare pe aspirator, o func\u021bie practic\u0103 de suflare, un comutator rotativ pentru pornire \u0219i oprire, sistem de blocare Pull &#038; Push pentru deschiderea \u0219i \u00eenchiderea u\u0219oar\u0103 a containerului \u0219i un m\u00e2ner de transport cu form\u0103 ergonomic\u0103.<\/p>","protected":false},"featured_media":66138,"template":"","meta":{"_acf_changed":false},"product_brand":[],"product_cat":[8709],"product_tag":[],"class_list":{"0":"post-66096","1":"product","2":"type-product","3":"status-publish","4":"has-post-thumbnail","6":"product_cat-aspiratoare-aspiratoare","8":"first","9":"instock","10":"shipping-taxable","11":"purchasable","12":"product-type-simple"},"acf":[],"_links":{"self":[{"href":"https:\/\/tehnomag.md\/ru\/wp-json\/wp\/v2\/product\/66096","targetHints":{"allow":["GET"]}}],"collection":[{"href":"https:\/\/tehnomag.md\/ru\/wp-json\/wp\/v2\/product"}],"about":[{"href":"https:\/\/tehnomag.md\/ru\/wp-json\/wp\/v2\/types\/product"}],"wp:featuredmedia":[{"embeddable":true,"href":"https:\/\/tehnomag.md\/ru\/wp-json\/wp\/v2\/media\/66138"}],"wp:attachment":[{"href":"https:\/\/tehnomag.md\/ru\/wp-json\/wp\/v2\/media?parent=66096"}],"wp:term":[{"taxonomy":"product_brand","embeddable":true,"href":"https:\/\/tehnomag.md\/ru\/wp-json\/wp\/v2\/product_brand?post=66096"},{"taxonomy":"product_cat","embeddable":true,"href":"https:\/\/tehnomag.md\/ru\/wp-json\/wp\/v2\/product_cat?post=66096"},{"taxonomy":"product_tag","embeddable":true,"href":"https:\/\/tehnomag.md\/ru\/wp-json\/wp\/v2\/product_tag?post=66096"}],"curies":[{"name":"wp","href":"https:\/\/api.w.org\/{rel}","templated":true}]}}