{"id":66095,"date":"2025-06-24T10:11:57","date_gmt":"2025-06-24T10:11:57","guid":{"rendered":"https:\/\/tehnomag.md\/?post_type=product&#038;p=66095"},"modified":"2025-07-19T08:16:48","modified_gmt":"2025-07-19T08:16:48","slug":"aspirator-wd-3-v-15-4-20-karcher-1-628-104-0","status":"publish","type":"product","link":"https:\/\/tehnomag.md\/ru\/catalog\/electrocasnice\/electrocasnice-mari\/aspiratoare\/aspiratoare-aspiratoare\/aspirator-wd-3-v-15-4-20-karcher-1-628-104-0\/","title":{"rendered":"Aspirator WD 3 V-15\/4\/20 KARCHER 1.628-104.0"},"content":{"rendered":"<p>Aspirator puternic \u0219i eficient din punct de vedere energetic WD 3 P V-17\/4\/20, cu un consum de energie de numai 1000 W. Aspiratorul, \u00eempreun\u0103 cu furtunul de aspira\u021bie \u0219i duza pentru podea Clips, sunt ideale pentru a ob\u021bine cele mai bune rezultate de cur\u0103\u021bare pentru murd\u0103ria uscat\u0103, umed\u0103, fin\u0103 sau grosier\u0103. Aspiratorul umed\/uscat impresioneaz\u0103 prin designul s\u0103u compact \u0219i containerul robust de plastic de 17 litri, cablu de 4 m, furtun de aspira\u021bie de 2 m \u0219i sac filtru ne\u021besut. Datorit\u0103 filtrului cartu\u015f dintr-o bucat\u0103, pute\u0163i aspira at\u00e2t murd\u0103ria umed\u0103, c\u00e2t \u015fi cea uscat\u0103, f\u0103r\u0103 a schimba filtrul. Priza \u00eencorporat\u0103 cu \u00eentrerup\u0103tor automat de pornire\/oprire v\u0103 permite s\u0103 conecta\u021bi unelte electrice precum fer\u0103straie sau \u0219lefuitoare \u0219i s\u0103 aspira\u021bi direct orice murd\u0103rie generat\u0103. Func\u021bia de suflare este util\u0103 pentru cur\u0103\u021barea zonelor greu accesibile. Furtunul este depozitat prin ag\u0103\u021barea acestuia de capul ma\u0219inii, ceea ce economise\u0219te spa\u021biu. Cablul poate fi depozitat pe c\u00e2rligul de cablu, tuburi \u0219i accesoriile de podea. Sistemul de blocare Pull &#038; Push faciliteaz\u0103 deschiderea \u0219i \u00eenchiderea containerului. M\u00e2nerul aspiratorului poate fi \u00eendep\u0103rtat, iar duza poate fi conectat\u0103 direct la furtunul de aspira\u021bie.<\/p>","protected":false},"excerpt":{"rendered":"<p>Aspirator puternic \u0219i eficient din punct de vedere energetic WD 3 P V-17\/4\/20, cu un consum de energie de numai 1000 W. Aspiratorul, \u00eempreun\u0103 cu furtunul de aspira\u021bie \u0219i duza pentru podea Clips, sunt ideale pentru a ob\u021bine cele mai bune rezultate de cur\u0103\u021bare pentru murd\u0103ria uscat\u0103, umed\u0103, fin\u0103 sau grosier\u0103. Aspiratorul umed\/uscat impresioneaz\u0103 prin designul s\u0103u compact \u0219i containerul robust de plastic de 17 litri, cablu de 4 m, furtun de aspira\u021bie de 2 m \u0219i sac filtru ne\u021besut. Datorit\u0103 filtrului cartu\u015f dintr-o bucat\u0103, pute\u0163i aspira at\u00e2t murd\u0103ria umed\u0103, c\u00e2t \u015fi cea uscat\u0103, f\u0103r\u0103 a schimba filtrul. Priza \u00eencorporat\u0103 cu \u00eentrerup\u0103tor automat de pornire\/oprire v\u0103 permite s\u0103 conecta\u021bi unelte electrice precum fer\u0103straie sau \u0219lefuitoare \u0219i s\u0103 aspira\u021bi direct orice murd\u0103rie generat\u0103. Func\u021bia de suflare este util\u0103 pentru cur\u0103\u021barea zonelor greu accesibile. Furtunul este depozitat prin ag\u0103\u021barea acestuia de capul ma\u0219inii, ceea ce economise\u0219te spa\u021biu. Cablul poate fi depozitat pe c\u00e2rligul de cablu, tuburi \u0219i accesoriile de podea. Sistemul de blocare Pull &#038; Push faciliteaz\u0103 deschiderea \u0219i \u00eenchiderea containerului. M\u00e2nerul aspiratorului poate fi \u00eendep\u0103rtat, iar duza poate fi conectat\u0103 direct la furtunul de aspira\u021bie.<\/p>","protected":false},"featured_media":66137,"template":"","meta":{"_acf_changed":false},"product_brand":[],"product_cat":[8709],"product_tag":[],"class_list":{"0":"post-66095","1":"product","2":"type-product","3":"status-publish","4":"has-post-thumbnail","6":"product_cat-aspiratoare-aspiratoare","8":"first","9":"instock","10":"shipping-taxable","11":"purchasable","12":"product-type-simple"},"acf":[],"_links":{"self":[{"href":"https:\/\/tehnomag.md\/ru\/wp-json\/wp\/v2\/product\/66095","targetHints":{"allow":["GET"]}}],"collection":[{"href":"https:\/\/tehnomag.md\/ru\/wp-json\/wp\/v2\/product"}],"about":[{"href":"https:\/\/tehnomag.md\/ru\/wp-json\/wp\/v2\/types\/product"}],"wp:featuredmedia":[{"embeddable":true,"href":"https:\/\/tehnomag.md\/ru\/wp-json\/wp\/v2\/media\/66137"}],"wp:attachment":[{"href":"https:\/\/tehnomag.md\/ru\/wp-json\/wp\/v2\/media?parent=66095"}],"wp:term":[{"taxonomy":"product_brand","embeddable":true,"href":"https:\/\/tehnomag.md\/ru\/wp-json\/wp\/v2\/product_brand?post=66095"},{"taxonomy":"product_cat","embeddable":true,"href":"https:\/\/tehnomag.md\/ru\/wp-json\/wp\/v2\/product_cat?post=66095"},{"taxonomy":"product_tag","embeddable":true,"href":"https:\/\/tehnomag.md\/ru\/wp-json\/wp\/v2\/product_tag?post=66095"}],"curies":[{"name":"wp","href":"https:\/\/api.w.org\/{rel}","templated":true}]}}