{"id":66093,"date":"2025-06-24T10:11:57","date_gmt":"2025-06-24T10:11:57","guid":{"rendered":"https:\/\/tehnomag.md\/?post_type=product&#038;p=66093"},"modified":"2025-07-19T08:16:48","modified_gmt":"2025-07-19T08:16:48","slug":"aspirator-wd-2-plus-v-12-4-18-karcher-1-628-009-0","status":"publish","type":"product","link":"https:\/\/tehnomag.md\/ru\/catalog\/electrocasnice\/electrocasnice-mari\/aspiratoare\/aspiratoare-aspiratoare\/aspirator-wd-2-plus-v-12-4-18-karcher-1-628-009-0\/","title":{"rendered":"Aspirator WD 2 Plus V-12\/4\/18 KARCHER 1.628-009.0"},"content":{"rendered":"<p>Aspiratorul de uz casnic KARCHER WD 2 este un model conceput pentru curatare chimica. Acest aspirator poate fi considerat pe bun\u0103 dreptate asistentul optim pentru \u00eendep\u0103rtarea murd\u0103riei uscate, indiferent de loca\u021bia sa &#8211; la subsol, atelier, garaj sau pe strad\u0103. Seria Karcher WD reprezint\u0103 o nou\u0103 clas\u0103 de aspiratoare moderne, care prezint\u0103 multe actualiz\u0103ri pentru u\u0219urin\u021b\u0103 \u0219i eficien\u021b\u0103 \u00een operare.<\/p>\n<p>Articolul 1.629-783.0<br \/>\nGreutate (kg): 4<br \/>\nDimensiuni (mm): 370x340x430<br \/>\nTensiune de re\u021bea: 220 V<br \/>\nVolumul co\u0219ului de gunoi (l): 12<br \/>\nRezervor de colectare a de\u0219eurilor (l): 12<\/p>","protected":false},"excerpt":{"rendered":"<p>Aspiratorul de uz casnic KARCHER WD 2 este un model conceput pentru curatare chimica. Acest aspirator poate fi considerat pe bun\u0103 dreptate asistentul optim pentru \u00eendep\u0103rtarea murd\u0103riei uscate, indiferent de loca\u021bia sa &#8211; la subsol, atelier, garaj sau pe strad\u0103. Seria Karcher WD reprezint\u0103 o nou\u0103 clas\u0103 de aspiratoare moderne, care prezint\u0103 multe actualiz\u0103ri pentru u\u0219urin\u021b\u0103 \u0219i eficien\u021b\u0103 \u00een operare.<\/p>\n<p>Articolul 1.629-783.0<br \/>\nGreutate (kg): 4<br \/>\nDimensiuni (mm): 370x340x430<br \/>\nTensiune de re\u021bea: 220 V<br \/>\nVolumul co\u0219ului de gunoi (l): 12<br \/>\nRezervor de colectare a de\u0219eurilor (l): 12<\/p>","protected":false},"featured_media":66135,"template":"","meta":{"_acf_changed":false},"product_brand":[],"product_cat":[8709],"product_tag":[],"class_list":{"0":"post-66093","1":"product","2":"type-product","3":"status-publish","4":"has-post-thumbnail","6":"product_cat-aspiratoare-aspiratoare","8":"first","9":"instock","10":"shipping-taxable","11":"purchasable","12":"product-type-simple"},"acf":[],"_links":{"self":[{"href":"https:\/\/tehnomag.md\/ru\/wp-json\/wp\/v2\/product\/66093","targetHints":{"allow":["GET"]}}],"collection":[{"href":"https:\/\/tehnomag.md\/ru\/wp-json\/wp\/v2\/product"}],"about":[{"href":"https:\/\/tehnomag.md\/ru\/wp-json\/wp\/v2\/types\/product"}],"wp:featuredmedia":[{"embeddable":true,"href":"https:\/\/tehnomag.md\/ru\/wp-json\/wp\/v2\/media\/66135"}],"wp:attachment":[{"href":"https:\/\/tehnomag.md\/ru\/wp-json\/wp\/v2\/media?parent=66093"}],"wp:term":[{"taxonomy":"product_brand","embeddable":true,"href":"https:\/\/tehnomag.md\/ru\/wp-json\/wp\/v2\/product_brand?post=66093"},{"taxonomy":"product_cat","embeddable":true,"href":"https:\/\/tehnomag.md\/ru\/wp-json\/wp\/v2\/product_cat?post=66093"},{"taxonomy":"product_tag","embeddable":true,"href":"https:\/\/tehnomag.md\/ru\/wp-json\/wp\/v2\/product_tag?post=66093"}],"curies":[{"name":"wp","href":"https:\/\/api.w.org\/{rel}","templated":true}]}}