{"id":66092,"date":"2025-06-24T10:11:57","date_gmt":"2025-06-24T10:11:57","guid":{"rendered":"https:\/\/tehnomag.md\/?post_type=product&#038;p=66092"},"modified":"2025-07-19T08:16:47","modified_gmt":"2025-07-19T08:16:47","slug":"aspirator-wd-3-s-v-17-4-20-karcher-1-628-135-0","status":"publish","type":"product","link":"https:\/\/tehnomag.md\/ru\/catalog\/electrocasnice\/electrocasnice-mari\/aspiratoare\/aspiratoare-aspiratoare\/aspirator-wd-3-s-v-17-4-20-karcher-1-628-135-0\/","title":{"rendered":"Aspirator WD 3 S V-17\/4\/20 KARCHER 1.628-135.0"},"content":{"rendered":"<p>Karcher WD 3 Premium este un dispozitiv entry-level pentru cur\u0103\u021barea murd\u0103riei uscate \u0219i umede. Versiunea Premium dispune de un recipient pentru de\u0219euri (17 l) din o\u021bel inoxidabil.<br \/>\nDesignul ergonomic convenabil al WD 3 contribuie la lucrul confortabil \u0219i \u00eengrijit: dou\u0103 \u00eencuietori mari (sistem Pull&#038;Push) deschid \u0219i \u00eenchid u\u0219or \u0219i rapid recipientul, cablul de alimentare, ca toate celelalte accesorii, poate fi depozitat \u00een siguran\u021b\u0103 \u0219i convenabil pe aspirator. corpul \u00eensu\u0219i. Materialul special folosit la fabricarea filtrelor cu cartu\u0219 Karcher v\u0103 permite s\u0103 alterna\u021bi opera\u021biunile de cur\u0103\u021bare umed\u0103 \u0219i uscat\u0103 f\u0103r\u0103 a schimba filtrul. Posibilitatea de \u201eparcare rapid\u0103\u201d &#8211; tubul de prelungire cu un furtun \u0219i o duz\u0103 de podea este ata\u0219at convenabil de corpul dispozitivului &#8211; convenabil pentru pauze de lucru.<br \/>\nMax. putere electrica 1000 W<br \/>\nTip de curent electric ~1\/230\/50 f\/V\/Hz<br \/>\nPutere de aspirare 200 Air Watt<br \/>\nDiametru accesoriu 35 mm<br \/>\nVolum co\u0219 de gunoi 17 l<br \/>\nLungime furtun 2 m<br \/>\nCablu electric 4 m<br \/>\nGreutate fara accesorii 5,8 kg<br \/>\nGreutate pachet 8,2 kg<br \/>\nDimensiuni, LxLxA 390x340x525 mm<\/p>","protected":false},"excerpt":{"rendered":"<p>Karcher WD 3 Premium este un dispozitiv entry-level pentru cur\u0103\u021barea murd\u0103riei uscate \u0219i umede. Versiunea Premium dispune de un recipient pentru de\u0219euri (17 l) din o\u021bel inoxidabil.<br \/>\nDesignul ergonomic convenabil al WD 3 contribuie la lucrul confortabil \u0219i \u00eengrijit: dou\u0103 \u00eencuietori mari (sistem Pull&#038;Push) deschid \u0219i \u00eenchid u\u0219or \u0219i rapid recipientul, cablul de alimentare, ca toate celelalte accesorii, poate fi depozitat \u00een siguran\u021b\u0103 \u0219i convenabil pe aspirator. corpul \u00eensu\u0219i. Materialul special folosit la fabricarea filtrelor cu cartu\u0219 Karcher v\u0103 permite s\u0103 alterna\u021bi opera\u021biunile de cur\u0103\u021bare umed\u0103 \u0219i uscat\u0103 f\u0103r\u0103 a schimba filtrul. Posibilitatea de \u201eparcare rapid\u0103\u201d &#8211; tubul de prelungire cu un furtun \u0219i o duz\u0103 de podea este ata\u0219at convenabil de corpul dispozitivului &#8211; convenabil pentru pauze de lucru.<br \/>\nMax. putere electrica 1000 W<br \/>\nTip de curent electric ~1\/230\/50 f\/V\/Hz<br \/>\nPutere de aspirare 200 Air Watt<br \/>\nDiametru accesoriu 35 mm<br \/>\nVolum co\u0219 de gunoi 17 l<br \/>\nLungime furtun 2 m<br \/>\nCablu electric 4 m<br \/>\nGreutate fara accesorii 5,8 kg<br \/>\nGreutate pachet 8,2 kg<br \/>\nDimensiuni, LxLxA 390x340x525 mm<\/p>","protected":false},"featured_media":66134,"template":"","meta":{"_acf_changed":false},"product_brand":[],"product_cat":[8709],"product_tag":[],"class_list":{"0":"post-66092","1":"product","2":"type-product","3":"status-publish","4":"has-post-thumbnail","6":"product_cat-aspiratoare-aspiratoare","8":"first","9":"instock","10":"shipping-taxable","11":"purchasable","12":"product-type-simple"},"acf":[],"_links":{"self":[{"href":"https:\/\/tehnomag.md\/ru\/wp-json\/wp\/v2\/product\/66092","targetHints":{"allow":["GET"]}}],"collection":[{"href":"https:\/\/tehnomag.md\/ru\/wp-json\/wp\/v2\/product"}],"about":[{"href":"https:\/\/tehnomag.md\/ru\/wp-json\/wp\/v2\/types\/product"}],"wp:featuredmedia":[{"embeddable":true,"href":"https:\/\/tehnomag.md\/ru\/wp-json\/wp\/v2\/media\/66134"}],"wp:attachment":[{"href":"https:\/\/tehnomag.md\/ru\/wp-json\/wp\/v2\/media?parent=66092"}],"wp:term":[{"taxonomy":"product_brand","embeddable":true,"href":"https:\/\/tehnomag.md\/ru\/wp-json\/wp\/v2\/product_brand?post=66092"},{"taxonomy":"product_cat","embeddable":true,"href":"https:\/\/tehnomag.md\/ru\/wp-json\/wp\/v2\/product_cat?post=66092"},{"taxonomy":"product_tag","embeddable":true,"href":"https:\/\/tehnomag.md\/ru\/wp-json\/wp\/v2\/product_tag?post=66092"}],"curies":[{"name":"wp","href":"https:\/\/api.w.org\/{rel}","templated":true}]}}