{"id":66090,"date":"2025-06-24T10:11:56","date_gmt":"2025-06-24T10:11:56","guid":{"rendered":"https:\/\/tehnomag.md\/?post_type=product&#038;p=66090"},"modified":"2025-07-19T08:16:47","modified_gmt":"2025-07-19T08:16:47","slug":"aspirator-karcher-wd-5-p-karcher-1-628-306-0","status":"publish","type":"product","link":"https:\/\/tehnomag.md\/ru\/catalog\/electrocasnice\/electrocasnice-mari\/aspiratoare\/aspiratoare-aspiratoare\/aspirator-karcher-wd-5-p-karcher-1-628-306-0\/","title":{"rendered":"Aspirator KARCHER WD 5 P KARCHER 1.628-306.0"},"content":{"rendered":"<p>Aspiratorul umed\/uscat WD 5 P V-25\/8\/35 ofer\u0103 o aspira\u021bie excelent\u0103, r\u0103m\u00e2n\u00e2nd \u00een acela\u0219i timp eficient din punct de vedere energetic, cu un consum de energie de 1100 W. Toate tipurile de contaminan\u021bi &#8211; uscate sau umede, mici sau mari &#8211; sunt \u00eendep\u0103rtate f\u0103r\u0103 reziduuri. Aparatul este echipat cu un recipient din plastic de 25 de litri, un cablu de 8 metri, un furtun de aspira\u021bie de 3,5 metri cu m\u00e2ner deta\u0219abil, o duz\u0103 de podea comutabil\u0103, un filtru pliat plat \u0219i un sac de filtru ne\u021besut. Caracteristicile suplimentare includ, de exemplu, o priz\u0103 \u00eencorporat\u0103 cu comutator automat pentru operarea sculelor electrice, un comutator rotativ care v\u0103 permite s\u0103 regla\u021bi puterea \u00een func\u021bie de nevoile dvs. \u0219i o func\u021bie de cur\u0103\u021bare a filtrului care poate fi folosit\u0103 pentru a restabili rapid puterea de aspira\u021bie. Filtrul pliat plat este potrivit pentru cur\u0103\u021barea continu\u0103 umed\u0103 \u0219i uscat\u0103 f\u0103r\u0103 \u00eenlocuirea filtrului. Datorit\u0103 tehnologiei brevetate de \u00eendep\u0103rtare a filtrului, filtrul poate fi \u00eendep\u0103rtat \u00een c\u00e2teva secunde, evit\u00e2nd contactul cu murd\u0103ria. Tuburile \u0219i duza de podea pot fi l\u0103sate convenabil aprinse \u00een timpul unei scurte pauze de la serviciu. Furtunul de aspira\u021bie poate fi ata\u0219at \u00een siguran\u021b\u0103 prin ag\u0103\u021barea acestuia de capul dispozitivului pentru a economisi spa\u021biu de depozitare. Include o func\u021bie de purjare, un raft pentru depozitarea uneltelor \u0219i a pieselor mici, un compartiment pentru cablu \u0219i depozitare pentru accesorii.<\/p>","protected":false},"excerpt":{"rendered":"<p>Aspiratorul umed\/uscat WD 5 P V-25\/8\/35 ofer\u0103 o aspira\u021bie excelent\u0103, r\u0103m\u00e2n\u00e2nd \u00een acela\u0219i timp eficient din punct de vedere energetic, cu un consum de energie de 1100 W. Toate tipurile de contaminan\u021bi &#8211; uscate sau umede, mici sau mari &#8211; sunt \u00eendep\u0103rtate f\u0103r\u0103 reziduuri. Aparatul este echipat cu un recipient din plastic de 25 de litri, un cablu de 8 metri, un furtun de aspira\u021bie de 3,5 metri cu m\u00e2ner deta\u0219abil, o duz\u0103 de podea comutabil\u0103, un filtru pliat plat \u0219i un sac de filtru ne\u021besut. Caracteristicile suplimentare includ, de exemplu, o priz\u0103 \u00eencorporat\u0103 cu comutator automat pentru operarea sculelor electrice, un comutator rotativ care v\u0103 permite s\u0103 regla\u021bi puterea \u00een func\u021bie de nevoile dvs. \u0219i o func\u021bie de cur\u0103\u021bare a filtrului care poate fi folosit\u0103 pentru a restabili rapid puterea de aspira\u021bie. Filtrul pliat plat este potrivit pentru cur\u0103\u021barea continu\u0103 umed\u0103 \u0219i uscat\u0103 f\u0103r\u0103 \u00eenlocuirea filtrului. Datorit\u0103 tehnologiei brevetate de \u00eendep\u0103rtare a filtrului, filtrul poate fi \u00eendep\u0103rtat \u00een c\u00e2teva secunde, evit\u00e2nd contactul cu murd\u0103ria. Tuburile \u0219i duza de podea pot fi l\u0103sate convenabil aprinse \u00een timpul unei scurte pauze de la serviciu. Furtunul de aspira\u021bie poate fi ata\u0219at \u00een siguran\u021b\u0103 prin ag\u0103\u021barea acestuia de capul dispozitivului pentru a economisi spa\u021biu de depozitare. Include o func\u021bie de purjare, un raft pentru depozitarea uneltelor \u0219i a pieselor mici, un compartiment pentru cablu \u0219i depozitare pentru accesorii.<\/p>","protected":false},"featured_media":66132,"template":"","meta":{"_acf_changed":false},"product_brand":[],"product_cat":[8709],"product_tag":[],"class_list":{"0":"post-66090","1":"product","2":"type-product","3":"status-publish","4":"has-post-thumbnail","6":"product_cat-aspiratoare-aspiratoare","8":"first","9":"instock","10":"shipping-taxable","11":"purchasable","12":"product-type-simple"},"acf":[],"_links":{"self":[{"href":"https:\/\/tehnomag.md\/ru\/wp-json\/wp\/v2\/product\/66090","targetHints":{"allow":["GET"]}}],"collection":[{"href":"https:\/\/tehnomag.md\/ru\/wp-json\/wp\/v2\/product"}],"about":[{"href":"https:\/\/tehnomag.md\/ru\/wp-json\/wp\/v2\/types\/product"}],"wp:featuredmedia":[{"embeddable":true,"href":"https:\/\/tehnomag.md\/ru\/wp-json\/wp\/v2\/media\/66132"}],"wp:attachment":[{"href":"https:\/\/tehnomag.md\/ru\/wp-json\/wp\/v2\/media?parent=66090"}],"wp:term":[{"taxonomy":"product_brand","embeddable":true,"href":"https:\/\/tehnomag.md\/ru\/wp-json\/wp\/v2\/product_brand?post=66090"},{"taxonomy":"product_cat","embeddable":true,"href":"https:\/\/tehnomag.md\/ru\/wp-json\/wp\/v2\/product_cat?post=66090"},{"taxonomy":"product_tag","embeddable":true,"href":"https:\/\/tehnomag.md\/ru\/wp-json\/wp\/v2\/product_tag?post=66090"}],"curies":[{"name":"wp","href":"https:\/\/api.w.org\/{rel}","templated":true}]}}