{"id":66085,"date":"2025-06-24T10:11:56","date_gmt":"2025-06-24T10:11:56","guid":{"rendered":"https:\/\/tehnomag.md\/?post_type=product&#038;p=66085"},"modified":"2025-07-19T08:16:47","modified_gmt":"2025-07-19T08:16:47","slug":"aspirator-vc-2-karcher-1-198-105-0","status":"publish","type":"product","link":"https:\/\/tehnomag.md\/ru\/catalog\/electrocasnice\/electrocasnice-mari\/aspiratoare\/aspiratoare-aspiratoare\/aspirator-vc-2-karcher-1-198-105-0\/","title":{"rendered":"Aspirator VC 2 KARCHER 1.198-105.0"},"content":{"rendered":"<p>Aspiratorul VC 2 de la K\u00e4rcher impresioneaz\u0103 prin sistemul s\u0103u de filtrare igienic \u0219i convenabil: sacii sunt arunca\u021bi f\u0103r\u0103 a intra \u00een contact cu murd\u0103ria. Acest aspirator este ideal pentru utilizarea \u00een locuin\u021be \u0219i apartamente mici pentru cur\u0103\u021barea \u00een profunzime a covoarelor \u0219i a pardoselilor dure, \u0219i cu gama sa larg\u0103 de accesorii pentru cur\u0103\u021barea spa\u021biilor \u00eenguste \u0219i a suprafe\u021belor delicate. Un avantaj este filtrul HEPA, care filtreaz\u0103 chiar \u0219i cele mai mici particule de praf. Un alt avantaj este depozitarea ata\u0219amentelor direct pe aspirator, ceea ce \u00eel face \u0219i mai practic \u0219i mai convenabil de utilizat.<br \/>\nConsum de energie (W) 700<br \/>\nRaza de ac\u021biune (m) 7,5<br \/>\nVolumul sacului filtrant (l) 2.8<br \/>\nNivel de putere sonor\u0103 (dB(A)) 76<br \/>\nFurtun de aspira\u021bie (m) 1,5 \/ cu m\u00e2ner curbat<br \/>\nParametrii de alimentare (V\/Hz) 220 &#8211; 240 \/ 50 &#8211; 60<br \/>\nGreutate (f\u0103r\u0103 accesorii) (kg) 5.1<br \/>\nGreutate (cu ambalaj) (kg) 8.4<br \/>\nDimensiuni (L x L x A) (mm) 435 x 288 x 249<\/p>","protected":false},"excerpt":{"rendered":"<p>Aspiratorul VC 2 de la K\u00e4rcher impresioneaz\u0103 prin sistemul s\u0103u de filtrare igienic \u0219i convenabil: sacii sunt arunca\u021bi f\u0103r\u0103 a intra \u00een contact cu murd\u0103ria. Acest aspirator este ideal pentru utilizarea \u00een locuin\u021be \u0219i apartamente mici pentru cur\u0103\u021barea \u00een profunzime a covoarelor \u0219i a pardoselilor dure, \u0219i cu gama sa larg\u0103 de accesorii pentru cur\u0103\u021barea spa\u021biilor \u00eenguste \u0219i a suprafe\u021belor delicate. Un avantaj este filtrul HEPA, care filtreaz\u0103 chiar \u0219i cele mai mici particule de praf. Un alt avantaj este depozitarea ata\u0219amentelor direct pe aspirator, ceea ce \u00eel face \u0219i mai practic \u0219i mai convenabil de utilizat.<br \/>\nConsum de energie (W) 700<br \/>\nRaza de ac\u021biune (m) 7,5<br \/>\nVolumul sacului filtrant (l) 2.8<br \/>\nNivel de putere sonor\u0103 (dB(A)) 76<br \/>\nFurtun de aspira\u021bie (m) 1,5 \/ cu m\u00e2ner curbat<br \/>\nParametrii de alimentare (V\/Hz) 220 &#8211; 240 \/ 50 &#8211; 60<br \/>\nGreutate (f\u0103r\u0103 accesorii) (kg) 5.1<br \/>\nGreutate (cu ambalaj) (kg) 8.4<br \/>\nDimensiuni (L x L x A) (mm) 435 x 288 x 249<\/p>","protected":false},"featured_media":66124,"template":"","meta":{"_acf_changed":false},"product_brand":[],"product_cat":[8709],"product_tag":[],"class_list":{"0":"post-66085","1":"product","2":"type-product","3":"status-publish","4":"has-post-thumbnail","6":"product_cat-aspiratoare-aspiratoare","8":"first","9":"instock","10":"shipping-taxable","11":"purchasable","12":"product-type-simple"},"acf":[],"_links":{"self":[{"href":"https:\/\/tehnomag.md\/ru\/wp-json\/wp\/v2\/product\/66085","targetHints":{"allow":["GET"]}}],"collection":[{"href":"https:\/\/tehnomag.md\/ru\/wp-json\/wp\/v2\/product"}],"about":[{"href":"https:\/\/tehnomag.md\/ru\/wp-json\/wp\/v2\/types\/product"}],"wp:featuredmedia":[{"embeddable":true,"href":"https:\/\/tehnomag.md\/ru\/wp-json\/wp\/v2\/media\/66124"}],"wp:attachment":[{"href":"https:\/\/tehnomag.md\/ru\/wp-json\/wp\/v2\/media?parent=66085"}],"wp:term":[{"taxonomy":"product_brand","embeddable":true,"href":"https:\/\/tehnomag.md\/ru\/wp-json\/wp\/v2\/product_brand?post=66085"},{"taxonomy":"product_cat","embeddable":true,"href":"https:\/\/tehnomag.md\/ru\/wp-json\/wp\/v2\/product_cat?post=66085"},{"taxonomy":"product_tag","embeddable":true,"href":"https:\/\/tehnomag.md\/ru\/wp-json\/wp\/v2\/product_tag?post=66085"}],"curies":[{"name":"wp","href":"https:\/\/api.w.org\/{rel}","templated":true}]}}