{"id":66084,"date":"2025-06-24T10:11:56","date_gmt":"2025-06-24T10:11:56","guid":{"rendered":"https:\/\/tehnomag.md\/?post_type=product&#038;p=66084"},"modified":"2025-07-19T08:16:46","modified_gmt":"2025-07-19T08:16:46","slug":"masina-maturatoare-s-4-twin-karcher-1-766-360-0","status":"publish","type":"product","link":"https:\/\/tehnomag.md\/ru\/catalog\/electrocasnice\/electrocasnice-mari\/aspiratoare\/aspiratoare-aspiratoare\/masina-maturatoare-s-4-twin-karcher-1-766-360-0\/","title":{"rendered":"Masina maturatoare S 4 Twin  KARCHER 1.766-360.0"},"content":{"rendered":"<p>Petale de flori prim\u0103vara, nisip vara, frunzi\u0219 toamna sau produse antigel \u00een timpul iernii &#8211; utilajul eficient \u0219i ergonomic K\u00e4rcher S 4 Twin se ocup\u0103 de cur\u0103\u021benie \u00een jurul casei \u0219i gr\u0103dinii pe tot parcursul anului, pun\u00e2nd lucrurile \u00een ordine \u00een timp record. Datorit\u0103 rolelor de m\u0103turare puternice, a dou\u0103 perii laterale \u0219i o l\u0103\u021bime total\u0103 de lucru de 680 mm, poate face fa\u021b\u0103 cu u\u0219urin\u021b\u0103 cur\u0103\u021b\u0103rii p\u00e2n\u0103 la 2400 m2 pe or\u0103. Gunoiul colectat este transportat direct \u00eentr-un recipient de 20 de litri. Periile lungi ale periilor laterale asigur\u0103 o cur\u0103\u021bare minu\u021bioas\u0103 p\u00e2n\u0103 la margine. M\u00e2nerul cu \u00een\u0103l\u021bimea reglabil\u0103 infinit se adapteaz\u0103 optim la \u00een\u0103l\u021bimea utilizatorului. Datorit\u0103 conexiunii cu baionet\u0103, nu sunt necesare \u0219uruburi pentru reglarea \u00een\u0103l\u021bimii. Este suficient s\u0103 p\u0103\u0219e\u0219ti locul desemnat pe cadrul ma\u0219inii pentru a-l plia cu u\u0219urin\u021b\u0103 \u0219i a-l muta \u00een alt loc, ceea ce asigur\u0103 o stocare compact\u0103. Amplasarea periei laterale f\u0103r\u0103 utilizarea unei scule este de asemenea unic\u0103 &#8211; datorit\u0103 acestui fapt, ma\u0219ina este gata s\u0103 func\u021bioneze instantaneu. Co\u0219ul de de\u0219euri este u\u0219or demontabil, poate fi pus cu grij\u0103 deoparte \u0219i golit \u00een mod convenabil, f\u0103r\u0103 contact cu murd\u0103ria.<\/p>\n<p>Productivitatea suprafe\u021bei 2400 m2 \/ or\u0103<br \/>\nL\u0103\u021bimea de lucru cu 1\/2 parte. perie (e) 510\/680 mm<br \/>\nVolumul co\u0219ului de gunoi 20 l<br \/>\nGreutate f\u0103r\u0103 accesorii 10.2 kg<br \/>\nDimensiuni, LxLxH 1250x680x830 mm<\/p>","protected":false},"excerpt":{"rendered":"<p>Petale de flori prim\u0103vara, nisip vara, frunzi\u0219 toamna sau produse antigel \u00een timpul iernii &#8211; utilajul eficient \u0219i ergonomic K\u00e4rcher S 4 Twin se ocup\u0103 de cur\u0103\u021benie \u00een jurul casei \u0219i gr\u0103dinii pe tot parcursul anului, pun\u00e2nd lucrurile \u00een ordine \u00een timp record. Datorit\u0103 rolelor de m\u0103turare puternice, a dou\u0103 perii laterale \u0219i o l\u0103\u021bime total\u0103 de lucru de 680 mm, poate face fa\u021b\u0103 cu u\u0219urin\u021b\u0103 cur\u0103\u021b\u0103rii p\u00e2n\u0103 la 2400 m2 pe or\u0103. Gunoiul colectat este transportat direct \u00eentr-un recipient de 20 de litri. Periile lungi ale periilor laterale asigur\u0103 o cur\u0103\u021bare minu\u021bioas\u0103 p\u00e2n\u0103 la margine. M\u00e2nerul cu \u00een\u0103l\u021bimea reglabil\u0103 infinit se adapteaz\u0103 optim la \u00een\u0103l\u021bimea utilizatorului. Datorit\u0103 conexiunii cu baionet\u0103, nu sunt necesare \u0219uruburi pentru reglarea \u00een\u0103l\u021bimii. Este suficient s\u0103 p\u0103\u0219e\u0219ti locul desemnat pe cadrul ma\u0219inii pentru a-l plia cu u\u0219urin\u021b\u0103 \u0219i a-l muta \u00een alt loc, ceea ce asigur\u0103 o stocare compact\u0103. Amplasarea periei laterale f\u0103r\u0103 utilizarea unei scule este de asemenea unic\u0103 &#8211; datorit\u0103 acestui fapt, ma\u0219ina este gata s\u0103 func\u021bioneze instantaneu. Co\u0219ul de de\u0219euri este u\u0219or demontabil, poate fi pus cu grij\u0103 deoparte \u0219i golit \u00een mod convenabil, f\u0103r\u0103 contact cu murd\u0103ria.<\/p>\n<p>Productivitatea suprafe\u021bei 2400 m2 \/ or\u0103<br \/>\nL\u0103\u021bimea de lucru cu 1\/2 parte. perie (e) 510\/680 mm<br \/>\nVolumul co\u0219ului de gunoi 20 l<br \/>\nGreutate f\u0103r\u0103 accesorii 10.2 kg<br \/>\nDimensiuni, LxLxH 1250x680x830 mm<\/p>","protected":false},"featured_media":66122,"template":"","meta":{"_acf_changed":false},"product_brand":[],"product_cat":[8709],"product_tag":[],"class_list":{"0":"post-66084","1":"product","2":"type-product","3":"status-publish","4":"has-post-thumbnail","6":"product_cat-aspiratoare-aspiratoare","8":"first","9":"instock","10":"shipping-taxable","11":"purchasable","12":"product-type-simple"},"acf":[],"_links":{"self":[{"href":"https:\/\/tehnomag.md\/ru\/wp-json\/wp\/v2\/product\/66084","targetHints":{"allow":["GET"]}}],"collection":[{"href":"https:\/\/tehnomag.md\/ru\/wp-json\/wp\/v2\/product"}],"about":[{"href":"https:\/\/tehnomag.md\/ru\/wp-json\/wp\/v2\/types\/product"}],"wp:featuredmedia":[{"embeddable":true,"href":"https:\/\/tehnomag.md\/ru\/wp-json\/wp\/v2\/media\/66122"}],"wp:attachment":[{"href":"https:\/\/tehnomag.md\/ru\/wp-json\/wp\/v2\/media?parent=66084"}],"wp:term":[{"taxonomy":"product_brand","embeddable":true,"href":"https:\/\/tehnomag.md\/ru\/wp-json\/wp\/v2\/product_brand?post=66084"},{"taxonomy":"product_cat","embeddable":true,"href":"https:\/\/tehnomag.md\/ru\/wp-json\/wp\/v2\/product_cat?post=66084"},{"taxonomy":"product_tag","embeddable":true,"href":"https:\/\/tehnomag.md\/ru\/wp-json\/wp\/v2\/product_tag?post=66084"}],"curies":[{"name":"wp","href":"https:\/\/api.w.org\/{rel}","templated":true}]}}