{"id":66083,"date":"2025-06-24T10:11:56","date_gmt":"2025-06-24T10:11:56","guid":{"rendered":"https:\/\/tehnomag.md\/?post_type=product&#038;p=66083"},"modified":"2025-07-19T08:16:46","modified_gmt":"2025-07-19T08:16:46","slug":"masina-maturatoare-s-4-new-karcher-1-766-320-0","status":"publish","type":"product","link":"https:\/\/tehnomag.md\/ru\/catalog\/electrocasnice\/electrocasnice-mari\/aspiratoare\/aspiratoare-aspiratoare\/masina-maturatoare-s-4-new-karcher-1-766-320-0\/","title":{"rendered":"Masina maturatoare S 4 New KARCHER 1.766-320.0"},"content":{"rendered":"<p>M\u0103turica Karcher S 4 pentru cur\u0103\u021barea zonelor mici cu un recipient mare (20 l) \u0219i o perie lateral\u0103. Func\u021bioneaz\u0103 pe principiul \u201epraf de praf\u201d, deci este u\u0219or de operat. Aerul de evacuare care intr\u0103 cu praful \u00een recipient datorit\u0103 rota\u021biei periilor trece prin filtrele de eliminare a prafului.<br \/>\nVersiune manual\u0103 de ac\u021bionare<br \/>\nProductivitate pe suprafa\u021ba de 1800 m2 \/ or\u0103<br \/>\nL\u0103\u021bimea de lucru cu 1\/2 parte. perie (e) 510 \/ &#8211; mm<br \/>\nVolumul co\u0219ului de gunoi 20 l<br \/>\nGreutate f\u0103r\u0103 accesorii 9,8 kg<br \/>\nDimensiuni, LxLxH 1250x610x830 mm<\/p>","protected":false},"excerpt":{"rendered":"<p>M\u0103turica Karcher S 4 pentru cur\u0103\u021barea zonelor mici cu un recipient mare (20 l) \u0219i o perie lateral\u0103. Func\u021bioneaz\u0103 pe principiul \u201epraf de praf\u201d, deci este u\u0219or de operat. Aerul de evacuare care intr\u0103 cu praful \u00een recipient datorit\u0103 rota\u021biei periilor trece prin filtrele de eliminare a prafului.<br \/>\nVersiune manual\u0103 de ac\u021bionare<br \/>\nProductivitate pe suprafa\u021ba de 1800 m2 \/ or\u0103<br \/>\nL\u0103\u021bimea de lucru cu 1\/2 parte. perie (e) 510 \/ &#8211; mm<br \/>\nVolumul co\u0219ului de gunoi 20 l<br \/>\nGreutate f\u0103r\u0103 accesorii 9,8 kg<br \/>\nDimensiuni, LxLxH 1250x610x830 mm<\/p>","protected":false},"featured_media":66120,"template":"","meta":{"_acf_changed":false},"product_brand":[],"product_cat":[8709],"product_tag":[],"class_list":{"0":"post-66083","1":"product","2":"type-product","3":"status-publish","4":"has-post-thumbnail","6":"product_cat-aspiratoare-aspiratoare","8":"first","9":"instock","10":"shipping-taxable","11":"purchasable","12":"product-type-simple"},"acf":[],"_links":{"self":[{"href":"https:\/\/tehnomag.md\/ru\/wp-json\/wp\/v2\/product\/66083","targetHints":{"allow":["GET"]}}],"collection":[{"href":"https:\/\/tehnomag.md\/ru\/wp-json\/wp\/v2\/product"}],"about":[{"href":"https:\/\/tehnomag.md\/ru\/wp-json\/wp\/v2\/types\/product"}],"wp:featuredmedia":[{"embeddable":true,"href":"https:\/\/tehnomag.md\/ru\/wp-json\/wp\/v2\/media\/66120"}],"wp:attachment":[{"href":"https:\/\/tehnomag.md\/ru\/wp-json\/wp\/v2\/media?parent=66083"}],"wp:term":[{"taxonomy":"product_brand","embeddable":true,"href":"https:\/\/tehnomag.md\/ru\/wp-json\/wp\/v2\/product_brand?post=66083"},{"taxonomy":"product_cat","embeddable":true,"href":"https:\/\/tehnomag.md\/ru\/wp-json\/wp\/v2\/product_cat?post=66083"},{"taxonomy":"product_tag","embeddable":true,"href":"https:\/\/tehnomag.md\/ru\/wp-json\/wp\/v2\/product_tag?post=66083"}],"curies":[{"name":"wp","href":"https:\/\/api.w.org\/{rel}","templated":true}]}}