{"id":66082,"date":"2025-06-24T10:11:55","date_gmt":"2025-06-24T10:11:55","guid":{"rendered":"https:\/\/tehnomag.md\/?post_type=product&#038;p=66082"},"modified":"2025-07-19T08:16:46","modified_gmt":"2025-07-19T08:16:46","slug":"matura-electrica-kb-5-karcher-1-258-050","status":"publish","type":"product","link":"https:\/\/tehnomag.md\/ru\/catalog\/electrocasnice\/electrocasnice-mari\/aspiratoare\/aspiratoare-aspiratoare\/matura-electrica-kb-5-karcher-1-258-050\/","title":{"rendered":"Matura electrica KB 5 KARCHER 1.258-050"},"content":{"rendered":"<p>Matura electrica fara fir KV 5 este un dispozitiv ideal pentru curatarea intermediara a pardoselilor dure si a covoarelor. Func\u021bioneaz\u0103 cu o baterie litiu-ion, este compact\u0103 \u0219i, datorit\u0103 sistemului de cur\u0103\u021bare adaptiv, ofer\u0103 rezultate excelente de cur\u0103\u021bare. O m\u0103tur\u0103 electric\u0103 este gata de utilizare mult mai rapid dec\u00e2t un aspirator. Datorit\u0103 articula\u021biei pivotante, este foarte manevrabil\u0103 \u0219i poate ajunge \u00eentre scaune \u0219i sub mobilier f\u0103r\u0103 prea mult efort \u0219i, de asemenea, cur\u0103\u021b\u0103 eficient p\u00e2n\u0103 la margine. Mai mult, KV 5 v\u0103 permite s\u0103 lucra\u021bi ergonomic, f\u0103r\u0103 s\u0103 v\u0103 \u00eendoi\u021bi \u0219i are activare automat\u0103.<\/p>","protected":false},"excerpt":{"rendered":"<p>Matura electrica fara fir KV 5 este un dispozitiv ideal pentru curatarea intermediara a pardoselilor dure si a covoarelor. Func\u021bioneaz\u0103 cu o baterie litiu-ion, este compact\u0103 \u0219i, datorit\u0103 sistemului de cur\u0103\u021bare adaptiv, ofer\u0103 rezultate excelente de cur\u0103\u021bare. O m\u0103tur\u0103 electric\u0103 este gata de utilizare mult mai rapid dec\u00e2t un aspirator. Datorit\u0103 articula\u021biei pivotante, este foarte manevrabil\u0103 \u0219i poate ajunge \u00eentre scaune \u0219i sub mobilier f\u0103r\u0103 prea mult efort \u0219i, de asemenea, cur\u0103\u021b\u0103 eficient p\u00e2n\u0103 la margine. Mai mult, KV 5 v\u0103 permite s\u0103 lucra\u021bi ergonomic, f\u0103r\u0103 s\u0103 v\u0103 \u00eendoi\u021bi \u0219i are activare automat\u0103.<\/p>","protected":false},"featured_media":66119,"template":"","meta":{"_acf_changed":false},"product_brand":[],"product_cat":[8709],"product_tag":[],"class_list":{"0":"post-66082","1":"product","2":"type-product","3":"status-publish","4":"has-post-thumbnail","6":"product_cat-aspiratoare-aspiratoare","8":"first","9":"instock","10":"shipping-taxable","11":"purchasable","12":"product-type-simple"},"acf":[],"_links":{"self":[{"href":"https:\/\/tehnomag.md\/ru\/wp-json\/wp\/v2\/product\/66082","targetHints":{"allow":["GET"]}}],"collection":[{"href":"https:\/\/tehnomag.md\/ru\/wp-json\/wp\/v2\/product"}],"about":[{"href":"https:\/\/tehnomag.md\/ru\/wp-json\/wp\/v2\/types\/product"}],"wp:featuredmedia":[{"embeddable":true,"href":"https:\/\/tehnomag.md\/ru\/wp-json\/wp\/v2\/media\/66119"}],"wp:attachment":[{"href":"https:\/\/tehnomag.md\/ru\/wp-json\/wp\/v2\/media?parent=66082"}],"wp:term":[{"taxonomy":"product_brand","embeddable":true,"href":"https:\/\/tehnomag.md\/ru\/wp-json\/wp\/v2\/product_brand?post=66082"},{"taxonomy":"product_cat","embeddable":true,"href":"https:\/\/tehnomag.md\/ru\/wp-json\/wp\/v2\/product_cat?post=66082"},{"taxonomy":"product_tag","embeddable":true,"href":"https:\/\/tehnomag.md\/ru\/wp-json\/wp\/v2\/product_tag?post=66082"}],"curies":[{"name":"wp","href":"https:\/\/api.w.org\/{rel}","templated":true}]}}