{"id":66081,"date":"2025-06-24T10:11:55","date_gmt":"2025-06-24T10:11:55","guid":{"rendered":"https:\/\/tehnomag.md\/?post_type=product&#038;p=66081"},"modified":"2025-07-19T08:16:46","modified_gmt":"2025-07-19T08:16:46","slug":"aspirator-karcher-vc-5-karcher-1-349-100-0","status":"publish","type":"product","link":"https:\/\/tehnomag.md\/ru\/catalog\/electrocasnice\/electrocasnice-mari\/aspiratoare\/aspiratoare-aspiratoare\/aspirator-karcher-vc-5-karcher-1-349-100-0\/","title":{"rendered":"Aspirator KARCHER VC 5  KARCHER 1.349-100.0"},"content":{"rendered":"<p>Tip aspirator cu recipient de praf Consum de putere 500 W Func\u021bionare f\u0103r\u0103 sac da Tip control mecanic Nivel de zgomot 77 dB Parcare vertical\u0103 da Num\u0103r de moduri de func\u021bionare 1 Moduri de func\u021bionare cur\u0103\u021bare chimic\u0103 \u00cenf\u0103\u0219urare automat\u0103 a cablului da Lungime cablu 7,5 m Interval aspirator 8,5 m Tip \u021bevi telescopice Conduct\u0103 material metal Lungime furtun de aspiratie 100 cm Material carcasa plastic Culoare carcasa galben, negru Inaltime 62,1 cm Latime 26,1 cm Grosime 18,2 cm Greutate 3,16 kg Alimentare Accesorii: aspirator, duze, filtru Duze incluse duza pentru mobila tapitata Filtre incluse Producator HEPA10 Karcher Nume model VC 5 Cod produc\u0103tor 1.349-100.0<\/p>","protected":false},"excerpt":{"rendered":"<p>Tip aspirator cu recipient de praf Consum de putere 500 W Func\u021bionare f\u0103r\u0103 sac da Tip control mecanic Nivel de zgomot 77 dB Parcare vertical\u0103 da Num\u0103r de moduri de func\u021bionare 1 Moduri de func\u021bionare cur\u0103\u021bare chimic\u0103 \u00cenf\u0103\u0219urare automat\u0103 a cablului da Lungime cablu 7,5 m Interval aspirator 8,5 m Tip \u021bevi telescopice Conduct\u0103 material metal Lungime furtun de aspiratie 100 cm Material carcasa plastic Culoare carcasa galben, negru Inaltime 62,1 cm Latime 26,1 cm Grosime 18,2 cm Greutate 3,16 kg Alimentare Accesorii: aspirator, duze, filtru Duze incluse duza pentru mobila tapitata Filtre incluse Producator HEPA10 Karcher Nume model VC 5 Cod produc\u0103tor 1.349-100.0<\/p>","protected":false},"featured_media":66116,"template":"","meta":{"_acf_changed":false},"product_brand":[],"product_cat":[8709],"product_tag":[],"class_list":{"0":"post-66081","1":"product","2":"type-product","3":"status-publish","4":"has-post-thumbnail","6":"product_cat-aspiratoare-aspiratoare","8":"first","9":"instock","10":"shipping-taxable","11":"purchasable","12":"product-type-simple"},"acf":[],"_links":{"self":[{"href":"https:\/\/tehnomag.md\/ru\/wp-json\/wp\/v2\/product\/66081","targetHints":{"allow":["GET"]}}],"collection":[{"href":"https:\/\/tehnomag.md\/ru\/wp-json\/wp\/v2\/product"}],"about":[{"href":"https:\/\/tehnomag.md\/ru\/wp-json\/wp\/v2\/types\/product"}],"wp:featuredmedia":[{"embeddable":true,"href":"https:\/\/tehnomag.md\/ru\/wp-json\/wp\/v2\/media\/66116"}],"wp:attachment":[{"href":"https:\/\/tehnomag.md\/ru\/wp-json\/wp\/v2\/media?parent=66081"}],"wp:term":[{"taxonomy":"product_brand","embeddable":true,"href":"https:\/\/tehnomag.md\/ru\/wp-json\/wp\/v2\/product_brand?post=66081"},{"taxonomy":"product_cat","embeddable":true,"href":"https:\/\/tehnomag.md\/ru\/wp-json\/wp\/v2\/product_cat?post=66081"},{"taxonomy":"product_tag","embeddable":true,"href":"https:\/\/tehnomag.md\/ru\/wp-json\/wp\/v2\/product_tag?post=66081"}],"curies":[{"name":"wp","href":"https:\/\/api.w.org\/{rel}","templated":true}]}}