{"id":66080,"date":"2025-06-24T10:11:55","date_gmt":"2025-06-24T10:11:55","guid":{"rendered":"https:\/\/tehnomag.md\/?post_type=product&#038;p=66080"},"modified":"2025-07-19T08:16:46","modified_gmt":"2025-07-19T08:16:46","slug":"aspirator-vitek-vt-8105","status":"publish","type":"product","link":"https:\/\/tehnomag.md\/ru\/catalog\/electrocasnice\/electrocasnice-mari\/aspiratoare\/aspiratoare-aspiratoare\/aspirator-vitek-vt-8105\/","title":{"rendered":"Aspirator VITEK VT-8105"},"content":{"rendered":"<p>Tip de cur\u0103\u021bare: uscat<br \/>\nConsum, W: 2000<br \/>\nPutere de absorb\u021bie, W: 400<br \/>\nTip recipient: container<br \/>\nCapacitate recipient praf, l: 2.5<br \/>\nFiltru de eliminare fin\u0103: HEPA<br \/>\nTip control: mecanic<br \/>\nLungime cablu de alimentare, m: 4.8<br \/>\nTip \u021bava: telescopic<br \/>\nMaterial \u021bava: metal<br \/>\nNum\u0103r de duze: 2<br \/>\nDuz\u0103 pentru spa\u0163ii \u00eenguste: Da<br \/>\nDuza turbo inclus\u0103: Nu<br \/>\nPeria mic\u0103: Da<br \/>\nCuloarea: portocaliu<br \/>\nProduc\u0103tor: VITEK<br \/>\nLink la site-ul produc\u0103torului: VITEK VT-8125<br \/>\nPerioada de garan\u021bie, luni: 12<\/p>","protected":false},"excerpt":{"rendered":"<p>Tip de cur\u0103\u021bare: uscat<br \/>\nConsum, W: 2000<br \/>\nPutere de absorb\u021bie, W: 400<br \/>\nTip recipient: container<br \/>\nCapacitate recipient praf, l: 2.5<br \/>\nFiltru de eliminare fin\u0103: HEPA<br \/>\nTip control: mecanic<br \/>\nLungime cablu de alimentare, m: 4.8<br \/>\nTip \u021bava: telescopic<br \/>\nMaterial \u021bava: metal<br \/>\nNum\u0103r de duze: 2<br \/>\nDuz\u0103 pentru spa\u0163ii \u00eenguste: Da<br \/>\nDuza turbo inclus\u0103: Nu<br \/>\nPeria mic\u0103: Da<br \/>\nCuloarea: portocaliu<br \/>\nProduc\u0103tor: VITEK<br \/>\nLink la site-ul produc\u0103torului: VITEK VT-8125<br \/>\nPerioada de garan\u021bie, luni: 12<\/p>","protected":false},"featured_media":66114,"template":"","meta":{"_acf_changed":false},"product_brand":[],"product_cat":[8709],"product_tag":[],"class_list":{"0":"post-66080","1":"product","2":"type-product","3":"status-publish","4":"has-post-thumbnail","6":"product_cat-aspiratoare-aspiratoare","8":"first","9":"instock","10":"shipping-taxable","11":"purchasable","12":"product-type-simple"},"acf":[],"_links":{"self":[{"href":"https:\/\/tehnomag.md\/ru\/wp-json\/wp\/v2\/product\/66080","targetHints":{"allow":["GET"]}}],"collection":[{"href":"https:\/\/tehnomag.md\/ru\/wp-json\/wp\/v2\/product"}],"about":[{"href":"https:\/\/tehnomag.md\/ru\/wp-json\/wp\/v2\/types\/product"}],"wp:featuredmedia":[{"embeddable":true,"href":"https:\/\/tehnomag.md\/ru\/wp-json\/wp\/v2\/media\/66114"}],"wp:attachment":[{"href":"https:\/\/tehnomag.md\/ru\/wp-json\/wp\/v2\/media?parent=66080"}],"wp:term":[{"taxonomy":"product_brand","embeddable":true,"href":"https:\/\/tehnomag.md\/ru\/wp-json\/wp\/v2\/product_brand?post=66080"},{"taxonomy":"product_cat","embeddable":true,"href":"https:\/\/tehnomag.md\/ru\/wp-json\/wp\/v2\/product_cat?post=66080"},{"taxonomy":"product_tag","embeddable":true,"href":"https:\/\/tehnomag.md\/ru\/wp-json\/wp\/v2\/product_tag?post=66080"}],"curies":[{"name":"wp","href":"https:\/\/api.w.org\/{rel}","templated":true}]}}