{"id":66079,"date":"2025-06-24T10:11:55","date_gmt":"2025-06-24T10:11:55","guid":{"rendered":"https:\/\/tehnomag.md\/?post_type=product&#038;p=66079"},"modified":"2025-07-19T08:16:45","modified_gmt":"2025-07-19T08:16:45","slug":"aspirator-pentru-cenusa-karcher-ad-2-1-629-711-0","status":"publish","type":"product","link":"https:\/\/tehnomag.md\/ru\/catalog\/electrocasnice\/electrocasnice-mari\/aspiratoare\/aspiratoare-aspiratoare\/aspirator-pentru-cenusa-karcher-ad-2-1-629-711-0\/","title":{"rendered":"Aspirator pentru cenusa KARCHER AD 2   1.629-711.0"},"content":{"rendered":"<p>Aspiratorul AD Premium Semineu pentru cenusa si deseuri uscate, echipat cu o turbina de 1200 W, impresioneaza prin puterea sa de aspirare constant ridicata. Cu un certificat T\u00dcV de testare de succes, acest dispozitiv v\u0103 permite s\u0103 cur\u0103\u021ba\u021bi \u0219emineele, sobele \u0219i gr\u0103tarele convenabil \u0219i \u00een siguran\u021b\u0103. Semineul AD Premium, furnizat complet cu tuburi prelungitoare \u0219i ata\u0219ament pentru podea, poate fi folosit \u0219i ca aspirator uscat complet. Specifica\u021bii tehnice Max. putere consumat\u0103 (W) 1200 Vide aer (mbar\/kPa) 200 \/ 20 Debit aer (l\/s) 65 Capacitate recipient \/ Material (l) 17 Lungime cablu (m) 4 Dimensiune nominal\u0103 accesoriu (mm) 35 Alimentare (V) 220 &#8211; 240 &#8211; 50 &#8211; 60 Greutate fara accesorii (kg) 6,4 Dimensiuni (lungime x latime x inaltime) (mm) 372 x 338 x 556 Echipament Furtun de aspiratie, 1,7 m, 35 mm Tuburi de aspiratie, 2 buc., 0,5 m , 35 mm Duz\u0103 uscat\u0103, Duz\u0103 pentru podea cu cleme cu 2 benzi de perie Filtru pliat plat, 1 buc. Carcas\u0103 robust\u0103 Gestionarea cablurilor Depozitarea accesoriilor pe dispozitiv<\/p>","protected":false},"excerpt":{"rendered":"<p>Aspiratorul AD Premium Semineu pentru cenusa si deseuri uscate, echipat cu o turbina de 1200 W, impresioneaza prin puterea sa de aspirare constant ridicata. Cu un certificat T\u00dcV de testare de succes, acest dispozitiv v\u0103 permite s\u0103 cur\u0103\u021ba\u021bi \u0219emineele, sobele \u0219i gr\u0103tarele convenabil \u0219i \u00een siguran\u021b\u0103. Semineul AD Premium, furnizat complet cu tuburi prelungitoare \u0219i ata\u0219ament pentru podea, poate fi folosit \u0219i ca aspirator uscat complet. Specifica\u021bii tehnice Max. putere consumat\u0103 (W) 1200 Vide aer (mbar\/kPa) 200 \/ 20 Debit aer (l\/s) 65 Capacitate recipient \/ Material (l) 17 Lungime cablu (m) 4 Dimensiune nominal\u0103 accesoriu (mm) 35 Alimentare (V) 220 &#8211; 240 &#8211; 50 &#8211; 60 Greutate fara accesorii (kg) 6,4 Dimensiuni (lungime x latime x inaltime) (mm) 372 x 338 x 556 Echipament Furtun de aspiratie, 1,7 m, 35 mm Tuburi de aspiratie, 2 buc., 0,5 m , 35 mm Duz\u0103 uscat\u0103, Duz\u0103 pentru podea cu cleme cu 2 benzi de perie Filtru pliat plat, 1 buc. Carcas\u0103 robust\u0103 Gestionarea cablurilor Depozitarea accesoriilor pe dispozitiv<\/p>","protected":false},"featured_media":66112,"template":"","meta":{"_acf_changed":false},"product_brand":[],"product_cat":[8709],"product_tag":[],"class_list":{"0":"post-66079","1":"product","2":"type-product","3":"status-publish","4":"has-post-thumbnail","6":"product_cat-aspiratoare-aspiratoare","8":"first","9":"instock","10":"shipping-taxable","11":"purchasable","12":"product-type-simple"},"acf":[],"_links":{"self":[{"href":"https:\/\/tehnomag.md\/ru\/wp-json\/wp\/v2\/product\/66079","targetHints":{"allow":["GET"]}}],"collection":[{"href":"https:\/\/tehnomag.md\/ru\/wp-json\/wp\/v2\/product"}],"about":[{"href":"https:\/\/tehnomag.md\/ru\/wp-json\/wp\/v2\/types\/product"}],"wp:featuredmedia":[{"embeddable":true,"href":"https:\/\/tehnomag.md\/ru\/wp-json\/wp\/v2\/media\/66112"}],"wp:attachment":[{"href":"https:\/\/tehnomag.md\/ru\/wp-json\/wp\/v2\/media?parent=66079"}],"wp:term":[{"taxonomy":"product_brand","embeddable":true,"href":"https:\/\/tehnomag.md\/ru\/wp-json\/wp\/v2\/product_brand?post=66079"},{"taxonomy":"product_cat","embeddable":true,"href":"https:\/\/tehnomag.md\/ru\/wp-json\/wp\/v2\/product_cat?post=66079"},{"taxonomy":"product_tag","embeddable":true,"href":"https:\/\/tehnomag.md\/ru\/wp-json\/wp\/v2\/product_tag?post=66079"}],"curies":[{"name":"wp","href":"https:\/\/api.w.org\/{rel}","templated":true}]}}